{"id":10,"date":"2012-09-03T08:28:18","date_gmt":"2012-09-03T08:28:18","guid":{"rendered":"http:\/\/rica.crea.gov.it\/documentazione\/?page_id=10"},"modified":"2013-07-30T08:41:00","modified_gmt":"2013-07-30T08:41:00","slug":"b1-procedura-dinstallazione","status":"publish","type":"page","link":"https:\/\/rica.crea.gov.it\/APP\/documentazione\/?page_id=10","title":{"rendered":"B1. Installazione e aggiornamenti"},"content":{"rendered":"<div class=\"pf-content\"><p>Nello sviluppo del pacchetto GAIA si sono sfruttati gli standard e le convenzioni proprie dell\u2019ambiente Windows che hanno permesso di ottenere un\u2019interfaccia gradevole e funzionale, che si adatta a diversi stili di interazione e permette agli utenti di adottare l\u2019approccio pi\u00f9 conveniente al loro livello di abilit\u00e0 e di confidenza con l\u2019applicazione.<\/p>\n<p>&nbsp;<\/p>\n<h3 class=\"Titolo2\">Requisiti minimi di sistema<\/h3>\n<p>Il computer su cui si vuole installare GAIA System deve soddisfare i seguenti requisiti minimi raccomandati:<\/p>\n<p>&#8211; Processore: Intel Core compatibile (&gt; 1,8 GHz)<\/p>\n<p>&#8211; Memoria Ram: 2 GB<\/p>\n<p>&#8211; Hard Disk: spazio disponibile 10 GB<\/p>\n<p>&#8211; Collegamento ad internet per download automatico di aggiornamenti<\/p>\n<p>&#8211; Sistemi Operativi Supportati: Windows XP (SP3), Windows Vista (32bit\/64bit), Windows 7 (32bit\/64bit), Windows Server 2003, Windows Server 2008 (<b>Windows 8 non \u00e8 al momento supportato<\/b>)<\/p>\n<p>&nbsp;<\/p>\n<p lang=\"it-IT\" align=\"JUSTIFY\"><em><strong>P.S<\/strong>.: si sconsiglia l&#8217;utilizzo di netbook, in quanto non predisposti per l&#8217;utilizzo intensivo di software applicativi come Gaia<\/em><\/p>\n<h3 class=\"Titolo2\" lang=\"it-IT\" align=\"JUSTIFY\"><strong>Requisiti operativi<\/strong><\/h3>\n<p lang=\"it-IT\" align=\"JUSTIFY\">E\u2019 necessaria una conoscenza minima dell\u2019ambiente operativo Windows, i termini e le convenzioni utilizzate in questo manuale, sono per la maggior parte termini conosciuti in quanto conformi all\u2019ambiente Windows.<\/p>\n<p lang=\"it-IT\" align=\"JUSTIFY\">Sono sufficienti poche nozioni di economia agraria e qualche concetto di contabilit\u00e0 generale in partita doppia.<\/p>\n<p style=\"text-align: center;\"><strong style=\"font-size: medium; font-family: Tahoma, sans-serif; color: #339966;\">Finestra della schermata di avvio del programma di installazione<\/strong><\/p>\n<p lang=\"it-IT\" style=\"text-align: center;\" align=\"JUSTIFY\"><img loading=\"lazy\" decoding=\"async\" class=\"thumbnail alignnone  wp-image-42 aligncenter\" title=\"B1a\" alt=\"\" src=\"http:\/\/rica.crea.gov.it\/documentazione\/wp-content\/uploads\/2012\/09\/B1a.png\" width=\"382\" height=\"222\" \/><\/p>\n<p>&nbsp;<\/p>\n<h3 class=\"Titolo2\" align=\"JUSTIFY\">Procedura di installazione<\/h3>\n<p>Il programma di installazione \u00e8 disponibile sul sito di GAIA, scaricabile gratuitamente dopo essersi registrati ed aver accettato le condizioni d\u2019uso del programma.<\/p>\n<p>Prima dell\u2019installazione \u00e8 vivamente consigliabile consultare le istruzioni cliccando sul pulsante\u00a0<strong>Istruzioni preliminari<\/strong>; sia se si tratti di una prima installazione su computer con nuovi sistemi operativi o computer configurati in ambiente operativo con dominio o con particolari sistemi di protezione, sia nel caso in cui si cerca di sostituire versioni precedenti di GAIA.<\/p>\n<p lang=\"it-IT\" align=\"JUSTIFY\"><strong>Prima di avviare la procedura di installazione<\/strong>\u00a0\u00e8 fondamentale effettuare le seguenti verifiche:<\/p>\n<ul>\n<li>\n<p lang=\"it-IT\" align=\"JUSTIFY\">accertarsi che il\u00a0<strong>Sistema Operativo sia aggiornato<\/strong>\u00a0(eseguire Windows update ed installare gli ultimi aggiornamenti disponibili dal sito Microsoft);<\/p>\n<\/li>\n<li>\n<p lang=\"it-IT\" align=\"JUSTIFY\"><strong>disattivare<\/strong>\u00a0<strong>momentaneamente<\/strong>\u00a0eventuali programmi\u00a0<strong>Firewall<\/strong>\u00a0che potrebbero bloccare l\u2019installazione e il normale aggiornamento di GAIA;<\/p>\n<\/li>\n<li>\n<p lang=\"it-IT\" align=\"JUSTIFY\">per Windows Vista, Windows 7 e 8 occorre\u00a0<strong>disattivare<\/strong>\u00a0anche momentaneamente il controllo account utente (<strong>UAC<\/strong>) dal pannello di controllo;<\/p>\n<\/li>\n<li>\n<p lang=\"it-IT\" align=\"JUSTIFY\">chiudere tutte le applicazioni aperte (viene richiesto pi\u00f9 volte il riavvio del Sistema Operativo);<\/p>\n<\/li>\n<li>\n<p lang=\"it-IT\" align=\"JUSTIFY\">nei computer configurati su una\u00a0<strong>rete aziendale<\/strong>\u00a0con dominio, occorre accertarsi di avere i\u00a0<strong>privilegi di amministratore<\/strong>\u00a0per installare GAIA.<\/p>\n<\/li>\n<\/ul>\n<p align=\"JUSTIFY\">Dopo l&#8217;avvio del Setup accettare tutte le opzioni predefinite e attendere il completamento dell&#8217;installazione.<br \/>\nDurante la procedura di installazione, vengono installati automaticamente, se non presenti, i seguenti componenti: Microsoft .Net Framework 3.5 SP1 o superiore, Windows Installer 4.5 o superiore, SQL Server 2008 Express SP2, Crystal Report 2008 ed altri componenti a servizio dell&#8217;applicazione.<br \/>\nAl termine della procedura di installazione apparir\u00e0 la schermata di configurazione di GAIA System dove sar\u00e0 possibile completare il setup scegliendo la configurazione di GAIA con cui lavorare.<\/p>\n<p><strong>Importante:<em>\u00a0<\/em><\/strong><em>se si fa parte di un dominio di rete si consiglia di verificare che nei criteri di sicurezza non sia impostata la lunghezza minima delle password superiore a 5 caratteri (chiedere all&#8217;amministratore di sistema).<\/em><\/p>\n<p style=\"font-family: Arial, Helvetica, sans-serif; font-size: 12pt; text-align: justify;\"><span style=\"font-family: Georgia, 'Times New Roman', 'Bitstream Charter', Times, serif; font-size: 13px;\">L\u2019installazione \u00e8 per singolo computer. \u00c8 possibile comunque installare il database anche su un Server di rete in cui \u00e8 gi\u00e0 preinstallato il motore di database <\/span><strong style=\"font-family: Georgia, 'Times New Roman', 'Bitstream Charter', Times, serif; font-size: 13px;\">SQL Server\u00a0<\/strong><strong style=\"font-family: Georgia, 'Times New Roman', 'Bitstream Charter', Times, serif; font-size: 13px;\">2008<\/strong><span style=\"font-family: Georgia, 'Times New Roman', 'Bitstream Charter', Times, serif; font-size: 13px;\"> versione <\/span><strong style=\"font-family: Georgia, 'Times New Roman', 'Bitstream Charter', Times, serif; font-size: 13px;\">Standard<\/strong><span style=\"font-family: Georgia, 'Times New Roman', 'Bitstream Charter', Times, serif; font-size: 13px;\">. Nelle installazioni monoutente viene installato invece la versione <\/span><strong style=\"font-family: Georgia, 'Times New Roman', 'Bitstream Charter', Times, serif; font-size: 13px;\">Express<\/strong><span style=\"font-family: Georgia, 'Times New Roman', 'Bitstream Charter', Times, serif; font-size: 13px;\"> di SQL Server per la quale non sono necessarie licenze aggiuntive. Per le installazioni in ambiente Server, per configurare correttamente il pacchetto GAIA, \u00e8 necessario il supporto tecnico dell\u2019amministratore della propria rete aziendale. \u00c8 possibile chiedere, attraverso il sito l\u2019assistenza tecnica, supporto al servizio help desk di GAIA. Ricordiamo che l\u2019assistenza da parte dell&#8217;INEA viene fornita gratuitamente solo agli utenti della rete RICA.<\/span><\/p>\n<p class=\"Corpo\" style=\"font-family: Arial, Helvetica, sans-serif; font-size: 12pt; text-align: justify;\">Cliccando sul pulsante\u00a0<strong>Installa GAIA System<\/strong>\u00a0si d\u00e0 avvio all\u2019installazione che \u00e8 completamente automatica, si basa sugli standard di installazione di Windows e non richiede particolari conoscenze tecniche, \u00e8 sufficiente accettare le condizioni della licenza software (EULA) e le impostazioni proposte nella procedura guidata.<\/p>\n<p class=\"Corpo\" style=\"font-family: Arial, Helvetica, sans-serif; font-size: 12pt; text-align: justify;\">Il programma di installazione controlla se GAIA \u00e8 gi\u00e0 presente sul disco rigido. In questo caso \u00e8 opportuno interrompere la procedura e rimuovere la versione precedente come indicato nel paragrafo &#8220;Come installare su una versione precedente&#8221;.<\/p>\n<p class=\"Corpo\" style=\"font-family: Arial, Helvetica, sans-serif; font-size: 12pt; text-align: justify;\"><span style=\"color: #333333; font-family: Georgia, 'Times New Roman', 'Bitstream Charter', Times, serif; font-size: 13px; line-height: 19px;\">Durante l&#8217;installazione potrebbe essere richiesto pi\u00f9 volte il riavvio del computer (se non viene riavviato il pc quando vien richiesto dal S.O., l\u2019installazione non viene completata correttamente e potrebbe interrompersi).<\/span><\/p>\n<p lang=\"it-IT\" align=\"JUSTIFY\">NB: <em>Con l\u2019installazione non viene invece installato il file dei codici utenti\/aziende (<strong>gaia_codici.ini<\/strong>), che gli utenti della rete RICA devono invece richiedere alla sede regionale INEA di riferimento, e copiare nella cartella Programmi\\Inea\\Gaia prima di iniziare a registrare le anagrafiche delle nuove aziende dell\u2019indagine RICA.<\/em><\/p>\n<p lang=\"it-IT\" style=\"text-align: center;\" align=\"JUSTIFY\"><strong>Finestra principale di configurazione del programma e dei database<\/strong><\/p>\n<p style=\"text-align: center;\"><img loading=\"lazy\" decoding=\"async\" class=\"thumbnail  wp-image-43 aligncenter\" title=\"B1b\" alt=\"\" src=\"http:\/\/rica.crea.gov.it\/documentazione\/wp-content\/uploads\/2012\/09\/B1b.png\" width=\"525\" height=\"332\" \/><\/p>\n<p lang=\"it-IT\" align=\"JUSTIFY\">La finestra principale di Configurazione \u00e8 organizzata in modo tale da consentire all\u2019utente di scegliere le azioni da effettuare in relazione al contesto operativo. La procedura di configurazione pu\u00f2 essere avviata anche in momenti successivi alla prima installazione ad esempio per ripristinare i file del programma oppure per scegliere di collegare GAIA ad un\u2019altra istanza del motore del database SQL Server. Il programma di configurazione \u00e8 raggiungibile dal gruppo di icone denominato Inea che il setup crea nella barra dei programmi di Windows. Occorre seguire con attenzione le istruzioni allegate al programma di configurazione onde evitare malfunzionamenti oppure installazioni incomplete. Comunque per qualsiasi motivo INEA non risponde per eventuali danni diretti o indiretti al proprio computer o ai software gi\u00e0 installati che potrebbero insorgere nel corso dell\u2019installazione o configurazione.<\/p>\n<p lang=\"it-IT\" align=\"JUSTIFY\"><em><strong>1) &#8211; Installazione di GAIA su computer locale:<\/strong><\/em><\/p>\n<p lang=\"it-IT\" align=\"JUSTIFY\">Nel caso di prima installazione per prima cosa occorre installare il database sul proprio computer cliccando sul pulsante Locale, la procedura verifica se nel proprio computer \u00e8 presente il motore SQL Server.<\/p>\n<p lang=\"it-IT\" align=\"JUSTIFY\">Se la procedura non trova alcuna istanza installata, il riquadro \u201cistanze trovate sul computer risulta vuoto; occorre pertanto cliccare sul pulsante Installa nuova istanza SQL Server dedicata a GAIA.<\/p>\n<p lang=\"it-IT\" align=\"JUSTIFY\">Nel caso in cui invece la procedura trova una o pi\u00f9 istanze di SQL Server gi\u00e0 installate, occorre selezionare la riga relativa all\u2019istanza su cui si vuole installare il database e cliccare sul pulsante Test Connessione per verificare la corretta connessione al motore del database.<\/p>\n<p lang=\"it-IT\" align=\"JUSTIFY\">Individuata l\u2019istanza di SQL Server e verificata lo stato della connessione, occorre cliccare sul pulsante Imposta Connessione Corrente.<\/p>\n<p lang=\"it-IT\" align=\"JUSTIFY\">Terminata la configurazione del database \u00e8 possibile installare i file del pacchetto GAIA cliccando sul pulsante File di Programma Gaia.<\/p>\n<p style=\"font-family: Verdana, Arial, Helvetica, sans-serif; font-size: 12pt; font-weight: bold; text-align: center;\"><strong style=\"text-align: center;\">Finestra di configurazione di GAIA-System su computer locale<\/strong><\/p>\n<p style=\"text-align: center;\"><img loading=\"lazy\" decoding=\"async\" class=\"aligncenter\" title=\"B1c\" alt=\"\" src=\"http:\/\/rica.crea.gov.it\/documentazione\/wp-content\/uploads\/2012\/09\/B1c.png\" width=\"530\" height=\"334\" \/><\/p>\n<p lang=\"it-IT\" align=\"JUSTIFY\"><em><strong>2) &#8211; Installazione di GAIA System su Server di rete:<\/strong><\/em><\/p>\n<p lang=\"it-IT\" align=\"JUSTIFY\">Per installare il database su un server di rete occorre cliccare sul pulsante Server di rete; la procedura cerca nella rete a cui \u00e8 connesso il computer le eventuali istanze di SQL presenti.<\/p>\n<p lang=\"it-IT\" align=\"JUSTIFY\">Se la procedura non trova alcuna istanza sulla rete, il riquadro \u201cistanze trovate sul computer risulta vuoto; quindi non \u00e8 possibile installare GAIA sul server di rete, se si decide invece di installare il database in locale occorre cliccare sul pulsante Installa nuova istanza SQL Server dedicata a GAIA.<\/p>\n<p lang=\"it-IT\" align=\"JUSTIFY\">Nel caso in cui invece la procedura trova una o pi\u00f9 istanze di SQL Server nella rete, occorre selezionare la riga relativa all\u2019istanza su cui si vuole installare il database e cliccare sul pulsante Test Connessione per verificare la corretta connessione al motore del database.<\/p>\n<p lang=\"it-IT\" align=\"JUSTIFY\">Individuata l\u2019istanza di SQL Server e verificata lo stato della connessione, occorre cliccare sul pulsante Imposta Connessione Corrente.<\/p>\n<p lang=\"it-IT\" align=\"JUSTIFY\">Terminata la configurazione del database \u00e8 possibile installare i file del pacchetto GAIA cliccando sul pulsante File di Programma Gaia che avvia la procedura di installazione dei file del programma sul computer client.<\/p>\n<p lang=\"it-IT\" align=\"JUSTIFY\">Dopo aver completato l\u2019installazione, nel menu <strong>Start (Avvio) \/ Programmi<\/strong> di Windows verr\u00e0 creato il gruppo di icone del programma GAIA. Per avviare velocemente GAIA, l\u2019installazione crea anche un collegamento sul desktop, mediante l\u2019icona del software GAIA.<\/p>\n<p lang=\"it-IT\" style=\"font-family: Verdana, Arial, Helvetica, sans-serif; font-size: 12pt; font-weight: bold; text-align: center;\" align=\"JUSTIFY\"><strong>Finestra di configurazione di GAIA-System su Server di rete<\/strong><\/p>\n<p style=\"text-align: center;\"><img loading=\"lazy\" decoding=\"async\" class=\"aligncenter\" title=\"B1d\" alt=\"\" src=\"http:\/\/rica.crea.gov.it\/documentazione\/wp-content\/uploads\/2012\/09\/B1d.png\" width=\"529\" height=\"333\" \/><\/p>\n<h3><\/h3>\n<h3 class=\"Titolo2\" style=\"font-family: Verdana, Arial, Helvetica, sans-serif; font-size: 12pt; font-style: normal; text-transform: capitalize; font-weight: bold;\">Aggiornamenti<\/h3>\n<p lang=\"it-IT\" align=\"JUSTIFY\">GAIA presenta due modalit\u00e0 di aggiornamento:<\/p>\n<p lang=\"it-IT\" align=\"JUSTIFY\">1) &#8211; \u00a0<strong>aggiornamenti automatici<\/strong>, attraverso specifici moduli integrati in GAIA, quando il computer \u00e8 connesso ad internet, vengono ricercati e scaricati automaticamente gli aggiornamenti disponibili sui server dell\u2019INEA. L\u2019utente viene avvertito al successivo avvio di GAIA della disponibilit\u00e0 di nuovi aggiornamenti da installare. Dopo aver scaricato gli aggiornamenti automatici, \u00e8 fondamentale per i S.O. con Vista e Windows 7, avviare GAIA come amministratore per assicurarsi che gli aggiornamenti vengano installati correttamente.<\/p>\n<p lang=\"it-IT\" align=\"JUSTIFY\">Nei computer connessi ad una rete aziendale potrebbe essere necessario richiedere l\u2019intervento dell\u2019amministratore di rete per consentire a GAIA di ricercare e scaricare automaticamente gli aggiornamenti (alcuni firewall possono impedire la ricerca degli aggiornamenti). Dopo l\u2019installazione degli aggiornamenti potrebbe essere richiesto il riavvio di GAIA anche pi\u00f9 volte in funzione del numero di aggiornamenti scaricati.<\/p>\n<p lang=\"it-IT\" align=\"JUSTIFY\">L\u2019utente pu\u00f2 decidere se consentire a GAIA di effettuare la ricerca degli aggiornamenti quando il computer \u00e8 connesso ad internet. Attraverso il comando Aggiornamenti del menu Help, disattivando la relativa casellina di controllo, GAIA non effettua la ricerca automatica degli aggiornamenti. Cliccando sul pulsante Auto si avvia la ricerca online degli aggiornamenti disponibili.<\/p>\n<p lang=\"it-IT\" style=\"text-align: center;\" align=\"JUSTIFY\"><strong>La maschera per verifica degli aggiornamenti<\/strong><\/p>\n<p style=\"text-align: center;\"><img loading=\"lazy\" decoding=\"async\" class=\"thumbnail alignnone  wp-image-47 aligncenter\" title=\"B1e\" alt=\"\" src=\"http:\/\/rica.crea.gov.it\/documentazione\/wp-content\/uploads\/2012\/09\/B1e.png\" width=\"356\" height=\"190\" srcset=\"https:\/\/rica.crea.gov.it\/APP\/documentazione\/wp-content\/uploads\/2012\/09\/B1e.png 556w, https:\/\/rica.crea.gov.it\/APP\/documentazione\/wp-content\/uploads\/2012\/09\/B1e-300x160.png 300w\" sizes=\"auto, (max-width: 356px) 100vw, 356px\" \/><\/p>\n<p>&nbsp;<\/p>\n<p lang=\"it-IT\" align=\"JUSTIFY\">2) &#8211;\u00a0<strong>aggiornamenti manuali<\/strong>: per i computer non connessi ad internet \u00e8 possibile scaricare da altri computer connessi alla rete i singoli aggiornamenti dalla relativa pagina web del sito di GAIA. Inserendo il numero della versione di GAIA e del database, viene presentato l\u2019elenco dei singoli aggiornamenti disponibili in funzione della versione installata. Dalla stessa pagina \u00e8 inoltre possibile scaricare un singolo aggiornamento cumulativo, molto utile per allineare il programma installato da Cd-rom o reinstallato di nuovo su versioni non funzionanti, all&#8217;ultima versione disponibile online.<\/p>\n<p lang=\"it-IT\" align=\"JUSTIFY\">Per poter scaricare tali aggiornamenti \u00e8 necessario essere registrati nel sito di GAIA. Una volta scaricato il singolo aggiornamento o quello cumulativo, occorre eseguire le istruzioni presenti nella pagina di download e allegati agli stessi file di aggiornamento manuale.<\/p>\n<p lang=\"it-IT\" align=\"JUSTIFY\">Se vengono scaricati pi\u00f9 aggiornamenti singoli, occorre installarli secondo l\u2019ordine indicato dal numero di aggiornamento (dal pi\u00f9 basso al pi\u00f9 alto). L\u2019eventuale esecuzione non ordinata dei singoli aggiornamenti scaricati manualmente compromette la stabilit\u00e0 del programma, per il riallineamento \u00e8 necessario l\u2019intervento dell\u2019assistenza tecnica online. Nei casi in cui si debbano eseguire pi\u00f9 aggiornamenti \u00e8 vivamente consigliabile scaricare l\u2019aggiornamento cumulativo.<\/p>\n<p lang=\"it-IT\" style=\"text-align: center;\" align=\"JUSTIFY\"><strong>La finestra del sito di GAIA per la ricerca degli aggiornamenti manuali<\/strong><\/p>\n<p lang=\"it-IT\" style=\"text-align: center;\" align=\"JUSTIFY\"><a title=\"Ricerca manuale aggiornamenti GAIA\" href=\"http:\/\/www.gaia.inea.it\/download_wizard_aggiornamenti.asp\" target=\"_blank\"><em>http:\/\/www.gaia.inea.it\/download_wizard_aggiornamenti.asp<\/em><\/a><\/p>\n<p style=\"text-align: center;\"><img loading=\"lazy\" decoding=\"async\" class=\"wp-image-931 aligncenter\" style=\"border: 2px solid black; margin-top: 2px; margin-bottom: 2px;\" title=\"Ricerca aggiornamenti\" alt=\"\" src=\"http:\/\/rica.crea.gov.it\/documentazione\/wp-content\/uploads\/2012\/09\/ricercagg1.jpg\" width=\"475\" height=\"247\" \/><\/p>\n<p lang=\"it-IT\" align=\"JUSTIFY\">Per eventuali problemi connessi all&#8217;esecuzione degli aggiornamenti o all&#8217;installazione del programma \u00e8 possibile richiedere l\u2019assistenza tecnica online. I riferimenti del centro di assistenza tecnica sono disponibili nella pagina contatti del sito di GAIA.<\/p>\n<p lang=\"it-IT\" align=\"JUSTIFY\">Per ricevere il supporto tecnico online occorre inviare una richiesta tramite il sito di GAIA ed \u00e8 possibile attivare la relativa procedura cliccando sul comando Assistenza remota del menu Help.<\/p>\n<p lang=\"it-IT\" style=\"text-align: center;\" align=\"JUSTIFY\"><strong>La maschera per l\u2019assistenza tecnica in remoto<\/strong><\/p>\n<p style=\"text-align: center;\"><img loading=\"lazy\" decoding=\"async\" class=\" wp-image-49 aligncenter\" title=\"B1g\" alt=\"\" src=\"http:\/\/rica.crea.gov.it\/documentazione\/wp-content\/uploads\/2012\/09\/B1g.jpg\" width=\"230\" height=\"290\" srcset=\"https:\/\/rica.crea.gov.it\/APP\/documentazione\/wp-content\/uploads\/2012\/09\/B1g.jpg 288w, https:\/\/rica.crea.gov.it\/APP\/documentazione\/wp-content\/uploads\/2012\/09\/B1g-238x300.jpg 238w\" sizes=\"auto, (max-width: 230px) 100vw, 230px\" \/><\/p>\n<h3>Come installare su una versione precedente<\/h3>\n<p lang=\"it-IT\" align=\"JUSTIFY\">Nel caso in cui si voglia installare GAIA su computer dove \u00e8 presente una versione precedente, prima di avviare la procedura guidata \u00e8 necessario assicurarsi di aver fatto copia di backup del database attraverso il comando Esegui backup del menu Strumenti; oppure fare una copia dei file fisici dei database. Operazione questa da farsi solo nel caso in cui si vogliono recuperare i dati in esso contenuti. Gli archivi prodotti dalla procedure di esportazione non garantiscono un recupero sicuro dei dati, soprattutto nel caso di versioni molto datate di GAIA.<\/p>\n<p lang=\"it-IT\" align=\"JUSTIFY\">Disinstallare quindi la versione precedente di GAIA attraverso la specifica funzione del pannello di controllo del proprio Sistema Operativo. Cancellare le cartelle poste sotto la cartella \\programmi\\inea\\gaia. Se non vengono cancellate manualmente le vecchie cartelle di GAIA, il programma di installazione potrebbe non funzionare correttamente. A questo punto \u00e8 possibile avviare la nuova installazione di GAIA.<\/p>\n<p lang=\"it-IT\" align=\"JUSTIFY\">Al termine della nuova installazione, avviando il modulo\u00a0<strong>gaiabk.exe<\/strong>\u00a0posto sotto la cartella di GAIA, \u00e8 possibile recuperare il backup dell\u2019intero database GaiaSys salvato in precedenza o proveniente da altri computer, purch\u00e9 compatibile con la versione di GAIA installata.<\/p>\n<p>&nbsp;<\/p>\n<p style=\"text-align: center;\"><a href=\"#\">torna su<\/a><\/p>\n<\/div>","protected":false},"excerpt":{"rendered":"<p>Nello sviluppo del pacchetto GAIA si sono sfruttati gli standard e le convenzioni proprie dell\u2019ambiente Windows che hanno permesso di ottenere un\u2019interfaccia gradevole e funzionale, che si adatta a diversi stili di interazione e permette agli utenti di adottare l\u2019approccio pi\u00f9 conveniente al loro livello di abilit\u00e0 e di confidenza con l\u2019applicazione. &nbsp; Requisiti minimi&hellip; <a href=\"https:\/\/rica.crea.gov.it\/APP\/documentazione\/?page_id=10\">Continue reading <span class=\"meta-nav\">&rarr;<\/span><\/a><\/p>\n","protected":false},"author":5,"featured_media":0,"parent":85,"menu_order":0,"comment_status":"closed","ping_status":"closed","template":"","meta":{"footnotes":""},"tags":[26,27,23,25,24],"class_list":["post-10","page","type-page","status-publish","hentry","tag-aggiornamenti","tag-collegamenti","tag-installazione","tag-requisiti-minimi","tag-setup"],"_links":{"self":[{"href":"https:\/\/rica.crea.gov.it\/APP\/documentazione\/index.php?rest_route=\/wp\/v2\/pages\/10","targetHints":{"allow":["GET"]}}],"collection":[{"href":"https:\/\/rica.crea.gov.it\/APP\/documentazione\/index.php?rest_route=\/wp\/v2\/pages"}],"about":[{"href":"https:\/\/rica.crea.gov.it\/APP\/documentazione\/index.php?rest_route=\/wp\/v2\/types\/page"}],"author":[{"embeddable":true,"href":"https:\/\/rica.crea.gov.it\/APP\/documentazione\/index.php?rest_route=\/wp\/v2\/users\/5"}],"replies":[{"embeddable":true,"href":"https:\/\/rica.crea.gov.it\/APP\/documentazione\/index.php?rest_route=%2Fwp%2Fv2%2Fcomments&post=10"}],"version-history":[{"count":25,"href":"https:\/\/rica.crea.gov.it\/APP\/documentazione\/index.php?rest_route=\/wp\/v2\/pages\/10\/revisions"}],"predecessor-version":[{"id":1980,"href":"https:\/\/rica.crea.gov.it\/APP\/documentazione\/index.php?rest_route=\/wp\/v2\/pages\/10\/revisions\/1980"}],"up":[{"embeddable":true,"href":"https:\/\/rica.crea.gov.it\/APP\/documentazione\/index.php?rest_route=\/wp\/v2\/pages\/85"}],"wp:attachment":[{"href":"https:\/\/rica.crea.gov.it\/APP\/documentazione\/index.php?rest_route=%2Fwp%2Fv2%2Fmedia&parent=10"}],"wp:term":[{"taxonomy":"post_tag","embeddable":true,"href":"https:\/\/rica.crea.gov.it\/APP\/documentazione\/index.php?rest_route=%2Fwp%2Fv2%2Ftags&post=10"}],"curies":[{"name":"wp","href":"https:\/\/api.w.org\/{rel}","templated":true}]}}