{"id":1000,"date":"2013-01-18T23:32:23","date_gmt":"2013-01-18T23:32:23","guid":{"rendered":"http:\/\/rica.crea.gov.it\/documentazione\/?page_id=1000"},"modified":"2018-02-08T09:45:29","modified_gmt":"2018-02-08T09:45:29","slug":"b2-registrazione-dati-aziendali","status":"publish","type":"page","link":"https:\/\/rica.crea.gov.it\/APP\/documentazione\/?page_id=1000","title":{"rendered":"B2. Registrazione dati aziendali"},"content":{"rendered":"<div class=\"pf-content\"><p class=\"Titolo2 Corpo\" style=\"text-align: justify;\">In questa sezione della Guida del BS vengono descritte le maschere accessibili dalle voci del menu principale <strong>Home<\/strong>, <strong>Anagrafica<\/strong> e <strong>Dati patrimoniali<\/strong>. Le maschere della <strong>Gestione tecnica<\/strong> sono descritte nel capitolo successivo (b.3) mentre nell&#8217;ultimo capitolo vengono descritti i prodotti\u00a0dell&#8217;applicazione BS.<\/p>\n<p class=\"Titolo2 Corpo\" style=\"text-align: justify;\">Nella finestra di registrazione (<a href=\"http:\/\/bilanciosemplificatorica.crea.gov.it\/Account\/Register.aspx\"><strong>Crea Nuovo Account<\/strong><\/a>) sono richieste poche informazioni limitate al <strong>Nome utente<\/strong>, l&#8217;indirizzo di <strong>posta elettronica<\/strong> valido (non quello PEC perch\u00e9 non consente di riceve email normali) e la <strong>password \u00a0<\/strong>(minimo 6 caratteri) ed infine selezionare la casellina di <strong>consenso all&#8217;utilizzo dei dati<\/strong> da parete del CREA-PB. Prima della registrazione \u00e8 consigliabile consultare la <a href=\"http:\/\/bilanciosemplificatorica.crea.gov.it\/LicenzadUso.aspx\"><strong>Licenza d&#8217;uso<\/strong> <\/a>dell&#8217;applicazione.<\/p>\n<p class=\"Titolo2 Corpo\" style=\"text-align: justify;\">Al primo accesso \u00e8 necessario completare i dati del proprio <strong>Profilo utente<\/strong> cliccando sul relativo comando del menu Utente. Occorre fornire oltre ad alcuni dati personali (Nome, Cognome, Genere, classe di et\u00e0, titolo di studio, Regione di svolge la propria attivit\u00e0, settore di attivit\u00e0 e relativo ruolo) anche le modalit\u00e0 con le quali \u00e8 venuto a conoscenza del BS e per quale\u00a0scopo lo utilizza.<\/p>\n<p class=\"Titolo2 Corpo\" style=\"text-align: justify;\">Dopo tre tentativi di errore nell&#8217;accesso (nome utente e\/o password errati), per motivi di sicurezza, il proprio account viene bloccato. Il CREA-PB, nel caso di utilizzo non conforme dell&#8217;applicazione rispetto alla <a href=\"http:\/\/bilanciosemplificatorica.crea.gov.it\/LicenzadUso.aspx\"><strong>Licenza d&#8217;uso<\/strong><\/a>, pu\u00f2\u00a0<strong><em>bloccare l&#8217;utente in modo unilaterale anche senza preavviso<\/em><\/strong>.<\/p>\n<p class=\"Titolo2 Corpo\" style=\"text-align: justify;\">Dopo aver confermato i dati di Login viene aperta la finestra dove sono elencate le eventuali aziende registrate dall&#8217;utente, raggruppate per Esercizio Contabile. Nella finestra &#8220;<strong>Seleziona l&#8217;Azienda da Gestire<\/strong>&#8221; \u00e8 disponibile il campo <strong>Esercizio Contabile<\/strong> dove sono elencati gli anni disponibili a sistema. Per default viene\u00a0proposto\u00a0l&#8217;anno corrente. L&#8217;utente pu\u00f2 ricercare e selezionare l&#8217;azienda o le aziende registrati in altri Esercizi Contabili sia antecedenti all&#8217;anno corrente sia successivi (massimo 4 anni superiore all&#8217;anno corrente) selezionando il relativo anno.<\/p>\n<p class=\"Titolo2 Corpo\" style=\"text-align: justify;\">Oltre al pulsante\u00a0 &#8220;<span class=\"Comando\">Nuova Azienda<\/span>&#8221; nella finestra per Selezionare l&#8217;azienda da gestire sono disponibili altri pulsanti. Il pulsante &#8220;<span class=\"Comando\">Duplica Anno\/Azienda<\/span>&#8221; \u00a0che consente di duplicare i dati di un&#8217;azienda selezionata nell&#8217;elenco sottostante su di un Anno immediatamente successivo oppure di pi\u00f9 anni successivi a quello indicato nel campo &#8220;Esercizio Contabile&#8221; della stessa finestra. Il pulsante\u00a0&#8220;<span class=\"Comando\">Ricalcola Dati Corretti<\/span>&#8221; \u00a0consente di verificare che per tutte le aziende elencate nella lista siano state compilate tutte le maschere fondamentali per la creazione del Bilancio Aziendale. Il pulsante\u00a0&#8220;<span class=\"Comando\">Vai alla Gestione<\/span>&#8221; \u00a0consente, dopo aver\u00a0cliccato sull&#8217;icona lente posta ad inizio riga delle aziende elencate nella lista, di accedere alla gestione della stessa.<\/p>\n<p class=\"Titolo2 Corpo\" style=\"text-align: justify;\">La prima volta che si accede al programma\u00a0occorre cliccare sul pulsante &#8220;<span class=\"Comando\">Nuova Azienda<\/span>&#8221; posto in altro a destra della finestra.<\/p>\n<p class=\"Titolo2 Corpo\" style=\"text-align: justify;\">La registrazione dei dati dell&#8217;anagrafica si compone di tre passaggi.<\/p>\n<ol>\n<li class=\"Titolo2 Corpo\" style=\"text-align: justify;\"><span style=\"text-decoration: underline;\"><strong>Dati azienda<\/strong><\/span>: si compone dei campi <strong>Nome Azienda<\/strong>; <strong>CUAA<\/strong>;\u00a0<strong>Forma Giuridica<\/strong>;\u00a0<strong>Forma di Conduzione<\/strong>;\u00a0<strong>Comune<\/strong> (<em>dove \u00e8 ubicato il centro aziendale principale e a cui afferiscono tutti i terreni e i cespiti aziendali, anche quelli non ubicati in questo Comune<\/em>); <strong>Indirizzo<\/strong> dell&#8217;azienda; <strong>Telefono<\/strong> e\/o Fax; eventuale <strong>Email<\/strong> e <strong>sito<\/strong> internet\u00a0dell&#8217;azienda. Cliccare sul pulsante <span class=\"Comando\">Avanti<\/span> posto in basso a destra.<\/li>\n<li class=\"Titolo2 Corpo\" style=\"text-align: justify;\">Se tutti i dati fondamentali sono stati inseriti correttamente (<em>essenzialmente la denominazione e il CUAA<\/em>), si accede alla finestra dove deve essere indicato l&#8217;<strong>Esercizio Contabile<\/strong> per il quale si intendere registrare i dati aziendali. Vengono proposti gli anni dal 2009 all&#8217;anno corrente.<\/li>\n<li class=\"Titolo2 Corpo\" style=\"text-align: justify;\">Nel terzo ed ultimo step per la registrazione dei dati di base dell&#8217;anagrafica devono essere registrati i dati del <strong>Conduttore<\/strong> o del <strong>Rappresentante legale<\/strong>.<\/li>\n<\/ol>\n<p class=\"Titolo2 Corpo\" style=\"text-align: justify;\">Una volta completato il wizard descritto in precedenza si accede alla finestra <strong>Home<\/strong>. All&#8217;interno di questa finestra sono disponibili una serie di informazioni fondamentali per comprendere lo stato di avanzamento della registrazione dei dati aziendali (riquadro <strong>Riepilogo Dati Aziendali<\/strong>), i dati della <strong>Classificazione Tipologica<\/strong> e il <strong>Gruppo di riferimento<\/strong> per il confronto (beanchmark) con la bancadati RICA.<\/p>\n<p class=\"Titolo2 Corpo\" style=\"text-align: justify;\">.<\/p>\n<h3 class=\"Titolo2\">B2.1 \u00a0HOME AZIENDA<\/h3>\n<p style=\"text-align: justify;\">Dopo aver selezionato l\u2019azienda su cui lavorare e acceduto alla sua gestione, la finestra <strong>Home<\/strong> presenta due diverse sezioni, che riassumo le registrazioni effettuate e i dati caratteristici aziendali:<\/p>\n<ul>\n<li style=\"text-align: justify;\"><strong>Riepilogo Dati Aziendali<\/strong>, in cui sono evidenziate, con una icona verde, le maschere gi\u00e0 compilate. In fondo a questo riquadro \u00e8 posto un box giallo con i suggerimenti relativi alle maschere ancora da completare. Il riepilogo dei dati aziendali consente di cogliere immediatamente se le maschere fondamentali per la redazione del Bilancio sono state compilate. <em><strong>Cliccando sulle voci elencate nel riquadro si accede direttamente alla relativa maschera<\/strong><\/em>. Le maschere fondamentali sono le seguenti: <strong>Terreni<\/strong>, <strong>Fabbricati<\/strong>, <strong>Macchine<\/strong>, (<em><strong>Piantagioni<\/strong> <\/em>oppure <em><strong>Allevamenti<\/strong> <\/em>oppure <strong><em>Colture<\/em><\/strong> <em><strong>Erbacee<\/strong><\/em>), <strong>Occupazione<\/strong> <strong>aziendale<\/strong>, <strong>Struttura<\/strong> <strong>Costi<\/strong>, <strong>Produzioni<\/strong> (<em><strong>Animali<\/strong> <\/em>oppure <em><strong>Piantagioni<\/strong> <\/em>oppure <em><strong>Erbacee<\/strong><\/em>).<\/li>\n<\/ul>\n<p>&nbsp;<\/p>\n<ul>\n<li style=\"text-align: justify;\"><strong>Classificazioni Tipologica<\/strong>, dove sono riportate le informazioni inerenti la classificazione tipologica comunitaria dell\u2019azienda agricola in registrazione e coincidenti con l\u2019orientamento produttivo (<a title=\"OTE\" href=\"http:\/\/rica.crea.gov.it\/public\/it\/disegno_campionario.php?action=ote_10\" target=\"_blank\">OTE \u2013 Orientamento Tecnico Economico<\/a>) e con la <a title=\"UDE\" href=\"http:\/\/rica.crea.gov.it\/public\/it\/campo_osservazione.php?action=cd_2010\" target=\"_blank\">Dimensione Economica (DE)<\/a>, espressa sia in classi dimensionali che in valore totale della Produzione Standard aziendale.<\/li>\n<\/ul>\n<p>&nbsp;<\/p>\n<ul>\n<li style=\"text-align: justify;\"><strong>Gruppo di Riferimento della Banca Dati RICA<\/strong>, in questo riquadro sono riportati i dati relativi al gruppo della <a href=\"http:\/\/bancadatirica.crea.gov.it\"><strong>BDR RICA<\/strong><\/a> a cui appartiene l\u2019azienda in rilevazione. Questo gruppo \u00e8 utilizzato nel report di Bilancio degli indici aziendali.<\/li>\n<\/ul>\n<p style=\"text-align: justify;\">I dati di classificazione vengono elaborati solo dopo che sono stati registrati i dati del riparto SAU (piantagioni e\/o colture erbacee) e\/o della consistenza degli allevamenti. Maggiori informazioni sulla normativa e sulla metodologia della classificazione tipologica sono disponibili nella guida di <a title=\"Guida a Class.CE\" href=\"http:\/\/rica.crea.gov.it\/documentazione\/?page_id=656\" target=\"_blank\">Class.CE<\/a>.<\/p>\n<p class=\"Riquadro\" style=\"text-align: justify;\">In ogni finestra di gestione dell&#8217;azienda selezionata sono disponibili, sotto la barra del Menu, tre rettangoli grigi che riportano, nell&#8217;ordine da sinistra a destra, la denominazione dell&#8217;azienda e l&#8217;esercizio contabile, il Comune dove \u00e8 ubicata l&#8217;azienda, il Codice Azienda, l&#8217;OTE e la classe di Dimensione Economica. Fondamentale ai fini del collegamento con il <a href=\"http:\/\/psa.crea.gov.it\">PSA web<\/a> sono il CUAA e il Codice Azienda.<\/p>\n<p class=\"Titolo2\">.<\/p>\n<h3 class=\"Titolo2\">B2.2. \u00a0ANAGRAFICHE<\/h3>\n<p style=\"text-align: justify;\">Nei paragrafi successivi di questo capitoli vengono riepilogati sia i dati identificativi dell\u2019azienda e del <a title=\"Conduttore\" href=\"http:\/\/rica.crea.gov.it\/glossario\/index.php?letter=C\" target=\"_blank\">Conduttore<\/a>\/Legale rappresentante, gli eventuali dati della Domanda di sostegno pubblico, ed infine le informazioni del profilo utente.<\/p>\n<p style=\"text-align: justify;\">.<\/p>\n<p style=\"text-align: justify;\"><span class=\"Maiuscoletto\"><strong>&#8211; ANAGRAFICA AZIENDA E CONDUTTORI<\/strong><\/span><\/p>\n<p style=\"text-align: justify;\">Dal Menu <strong>Anagrafiche<\/strong> sono disponibile due comandi. Il primo consente di modificare i dati anagrafici dell&#8217;azienda e del conduttore o dei conduttori. Il comando Domanda Aiuto Pubblico consente\u00a0di registrare i dati della domanda<\/p>\n<p style=\"text-align: justify;\"><strong>Dati Azienda:<\/strong>\u00a0le informazioni necessarie per identificare l\u2019azienda sono essenzialmente la <strong>denominazione<\/strong> e il <strong><a title=\"CUAA\" href=\"http:\/\/rica.crea.gov.it\/glossario\/index.php?letter=C\" target=\"_blank\">CUAA <\/a><\/strong>(che individuano in modo univoco l\u2019azienda nel sistema), a cui si aggiungono la <a title=\"Forma giuridica\" href=\"http:\/\/rica.crea.gov.it\/glossario\/index.php?letter=F\" target=\"_blank\">forma giuridica<\/a>, la <a title=\"Forma conduzione\" href=\"http:\/\/rica.crea.gov.it\/glossario\/index.php?letter=F\" target=\"_blank\">forma di conduzione<\/a>, l\u2019<strong>ubicazione<\/strong> (provincia e comune) ed eventuali recapiti e contatti. L\u2019indirizzo e\/o la localit\u00e0 dell\u2019azienda si identifica con la sede operativa, vale a dire con il luogo dove si svolgono le attivit\u00e0 agricole e dove sono ubicati i terreni e i fabbricati aziendali.<\/p>\n<p style=\"text-align: justify;\"><strong>Conduttori Azienda<\/strong>: la maschera dell\u2019anagrafica dei Conduttori consente di registrare i dati identificativi sia il Conduttore o i Conduttori, che del Rappresentante Legale, se persona diversa dal conduttore. Nel caso di aziende condotte in forma individuale \u00e8 sufficiente registrare il solo Conduttore. Nel caso di forme giuridiche societarie occorre indicare il Rappresentate Legale (responsabilit\u00e0 giuridica dell\u2019azienda) e il Conduttore (responsabilit\u00e0 gestionale). Nel caso di aziende condotte da pi\u00f9 soggetti (indipendentemente dalla forma giuridica) possono essere inserite pi\u00f9 anagrafiche di conduttori (ad esempio aziende agricole condotte da fratelli, dai coniugi, ecc.). L\u2019indirizzo del Conduttore e\/o del Rappresentante Legale rappresenta anche la sede legale dell\u2019azienda.<\/p>\n<p style=\"text-align: justify;\">Una volta salvati i dati di queste due maschere, \u00e8 possibile modificare\u00a0le informazioni registrate cliccando sul pulsante <span class=\"Comando\">Modifica<\/span> posto in basso. In corrispondenza del riquadro Conduttori Azienda oltre al pulsante Modifica sono disponibili il pulsante <span class=\"Comando\">Elimina<\/span> e il pulsante <span class=\"Comando\">Nuovo<\/span>.<\/p>\n<p style=\"text-align: justify;\">.<\/p>\n<p style=\"text-align: justify;\"><strong>&#8211; DOMANDA AIUTO PUBBLICO<\/strong><\/p>\n<p style=\"text-align: justify;\"><strong>Domanda Aiuto Pubblico<\/strong> rappresenta la maschera del Menu <strong>Anagrafiche<\/strong> che consente di registrare i dati della domanda di sostegno pubblico per il quale \u00e8 richiesto la presentazione di un bilancio ex-ante ed ex-post ai fini della valutazione del <a href=\"http:\/\/psa.crea.gov.it\"><strong>Piano di Sviluppo Aziendale<\/strong><\/a>. Oltre al codice della Domanda di Aiuto rilasciato dall&#8217;Organismo Pagatore, viene richiesto il <strong>tipo di sostegno pubblico <\/strong>(ad es. sotto-misura 4.1 del PSR 2014-2020), l&#8217;Ente pubblico finanziatore (es. la Regione), e la denominazione o sigla dell&#8217;Organismo Pagatore.<\/p>\n<p style=\"text-align: justify;\">.<\/p>\n<p style=\"text-align: justify;\"><span class=\"Maiuscoletto\"><strong>&#8211; UTENTE<\/strong><\/span><\/p>\n<p style=\"text-align: justify;\">Dal menu <strong>Utente<\/strong>\u00a0\u00e8 possibile, attraverso il comando <span class=\"Comando\">Profilo utente<\/span>, \u00a0visualizzare e aggiornare il proprio profilo, indicando oltre alle informazioni minime per il contatto con il Team del BS anche le modalit\u00e0 con cui si \u00e8 venuto a conoscenza del BS e per quale scopo viene utilizzato.<\/p>\n<p style=\"text-align: justify;\">Dal comando Cambia password si accede alla finestra attraverso la quale \u00e8 possibile cambiare la propria password di accesso all&#8217;applicazione web BS.<\/p>\n<p style=\"text-align: justify;\">.<\/p>\n<p class=\"Riquadro\" style=\"text-align: justify;\">L&#8217;attivazione e la profilatura degli utenti \u00e8 gestita dall&#8217;amministratore del sistema. Ogni utente con profilo standard pu\u00f2 accedere esclusivamente agli archivi delle proprie aziende registrate, distinte per esercizio contabile.<\/p>\n<h3 class=\"Titolo2\" style=\"text-align: justify;\"><\/h3>\n<p>&nbsp;<\/p>\n<\/div>","protected":false},"excerpt":{"rendered":"<p>In questa sezione della Guida del BS vengono descritte le maschere accessibili dalle voci del menu principale Home, Anagrafica e Dati patrimoniali. Le maschere della Gestione tecnica sono descritte nel capitolo successivo (b.3) mentre nell&#8217;ultimo capitolo vengono descritti i prodotti\u00a0dell&#8217;applicazione BS. Nella finestra di registrazione (Crea Nuovo Account) sono richieste poche informazioni limitate al Nome&hellip; <a href=\"https:\/\/rica.crea.gov.it\/APP\/documentazione\/?page_id=1000\">Continue reading <span class=\"meta-nav\">&rarr;<\/span><\/a><\/p>\n","protected":false},"author":5,"featured_media":0,"parent":991,"menu_order":0,"comment_status":"closed","ping_status":"closed","template":"","meta":{"footnotes":""},"tags":[229,231,217,106,230,232],"class_list":["post-1000","page","type-page","status-publish","hentry","tag-anagrafiche","tag-cuaa","tag-dati-aziendali","tag-registrazione","tag-riepilogo","tag-utente"],"_links":{"self":[{"href":"https:\/\/rica.crea.gov.it\/APP\/documentazione\/index.php?rest_route=\/wp\/v2\/pages\/1000","targetHints":{"allow":["GET"]}}],"collection":[{"href":"https:\/\/rica.crea.gov.it\/APP\/documentazione\/index.php?rest_route=\/wp\/v2\/pages"}],"about":[{"href":"https:\/\/rica.crea.gov.it\/APP\/documentazione\/index.php?rest_route=\/wp\/v2\/types\/page"}],"author":[{"embeddable":true,"href":"https:\/\/rica.crea.gov.it\/APP\/documentazione\/index.php?rest_route=\/wp\/v2\/users\/5"}],"replies":[{"embeddable":true,"href":"https:\/\/rica.crea.gov.it\/APP\/documentazione\/index.php?rest_route=%2Fwp%2Fv2%2Fcomments&post=1000"}],"version-history":[{"count":59,"href":"https:\/\/rica.crea.gov.it\/APP\/documentazione\/index.php?rest_route=\/wp\/v2\/pages\/1000\/revisions"}],"predecessor-version":[{"id":3432,"href":"https:\/\/rica.crea.gov.it\/APP\/documentazione\/index.php?rest_route=\/wp\/v2\/pages\/1000\/revisions\/3432"}],"up":[{"embeddable":true,"href":"https:\/\/rica.crea.gov.it\/APP\/documentazione\/index.php?rest_route=\/wp\/v2\/pages\/991"}],"wp:attachment":[{"href":"https:\/\/rica.crea.gov.it\/APP\/documentazione\/index.php?rest_route=%2Fwp%2Fv2%2Fmedia&parent=1000"}],"wp:term":[{"taxonomy":"post_tag","embeddable":true,"href":"https:\/\/rica.crea.gov.it\/APP\/documentazione\/index.php?rest_route=%2Fwp%2Fv2%2Ftags&post=1000"}],"curies":[{"name":"wp","href":"https:\/\/api.w.org\/{rel}","templated":true}]}}