{"id":1160,"date":"2013-03-18T15:16:20","date_gmt":"2013-03-18T15:16:20","guid":{"rendered":"http:\/\/rica.crea.gov.it\/documentazione\/?page_id=1160"},"modified":"2013-08-30T10:26:27","modified_gmt":"2013-08-30T10:26:27","slug":"d1-le-stampe-di-verifica","status":"publish","type":"page","link":"https:\/\/rica.crea.gov.it\/APP\/documentazione\/?page_id=1160","title":{"rendered":"D1. Le stampe di verifica"},"content":{"rendered":"<div class=\"pf-content\"><h3 class=\"Titolo2\" style=\"text-align: justify\">Il controllo della prima nota<\/h3>\n<p style=\"text-align: justify\">La presente funzione, attivabile direttamente dalla barra dei men\u00f9 (<strong>Prima Nota &gt; Stampa di controllo<\/strong>), consente di visualizzare, stampare e dunque controllare le registrazioni contabili effettuate attraverso la Prima Nota. L\u2019utilit\u00e0 di questa funzione \u00e8 aumentata dalla possibilit\u00e0 di limitare l\u2019attenzione a determinati periodi di registrazione dei movimenti oppure a specifiche tipologie di registrazioni.<\/p>\n<p style=\"text-align: justify\">La focalizzazione degli elementi da visualizzare avviene mediante l\u2019uso congiunto o alternativo di due criteri di selezione: la <b><i>Data operazione<\/i><\/b> e l\u2019<b><i>Oggetto specifico (conto)<\/i><\/b> movimentato. L\u2019utilizzo congiunto consente un&#8217;individuazione pi\u00f9 mirata dell\u2019oggetto da ricercare, mentre l\u2019uso alternativo permette l\u2019esame di tutti i movimenti contabili effettuati nel corso di un periodo (nel caso di selezione della sola data operazione), oppure di una specifica tipologia di movimentazioni contabili eseguita nel corso dell\u2019intero esercizio contabile (selezione del solo oggetto specifico). Chiaramente la mancata selezione dei criteri di ricerca conduce alla visualizzazione di tutte le operazioni contabili realizzate nel corso dell\u2019intero esercizio contabile.<\/p>\n<figure id=\"attachment_1350\" class=\"wp-caption thumbnail alignnone\" style=\"width: 349px;\">\r\n\t\t\t\t<a class=\"\" href=\"http:\/\/rica.crea.gov.it\/documentazione\/wp-content\/uploads\/2013\/03\/contrprima.png\"><img loading=\"lazy\" decoding=\"async\" class=\"size-full wp-image-1350\" alt=\"Controllo prima nota\" src=\"http:\/\/rica.crea.gov.it\/documentazione\/wp-content\/uploads\/2013\/03\/contrprima.png\" width=\"349\" height=\"311\" srcset=\"https:\/\/rica.crea.gov.it\/APP\/documentazione\/wp-content\/uploads\/2013\/03\/contrprima.png 349w, https:\/\/rica.crea.gov.it\/APP\/documentazione\/wp-content\/uploads\/2013\/03\/contrprima-300x267.png 300w\" sizes=\"auto, (max-width: 349px) 100vw, 349px\" \/><\/a>\r\n\t\t\t\t<figcaption class=\"wp-caption-text\">Controllo prima nota<\/figcaption>\r\n\t\t\t<\/figure>\n<p style=\"text-align: justify\">Attivando la <i>data dell\u2019operazione<\/i> contabile l\u2019utente \u00e8 chiamato ad indicare l\u2019intervallo di tempo entro cui ricercare l\u2019operazione, attraverso l\u2019uso dei due campi data presenti, aventi il formato di maschera calendario.<\/p>\n<p style=\"text-align: justify\">Al contrario, utilizzando l\u2019opzione <i>Oggetto specifico (conto) <\/i>l\u2019utente pu\u00f2 selezionare la voce del movimento ricercato attraverso la selezione dello specifico conto dal menu a tendina. Il codice che accompagna la descrizione del conto, infatti, rappresenta la codifica assegnata allo stesso all\u2019interno del Piano dei conti adottato dalla metodologia GAIA.<\/p>\n<p style=\"text-align: justify\">Nella parte inferiore della maschera, l\u2019utente pu\u00f2 accedere al manuale utente (tasto Aiuto), annullare le operazioni di ricerca in corso (tasto <span style=\"text-decoration: underline\">Chiudi<\/span>), oppure procedere alla visualizzazione della ricerca effettuata attraverso il report di stampa controllori verifica della prima nota (tasto OK).<\/p>\n<p style=\"text-align: justify\">Il report del controllo della prima nota , la cui natura ed impostazione \u00e8 analoga ad ogni altro report presente in GAIA, funziona da anteprima di stampa, con una struttura molto pi\u00f9 semplice delle maschere di input della prima nota e pu\u00f2 essere utilizzato solo per consultare, stampare o esportare i documenti prodotti. Come tutti gli altri report il controllo della prima nota si apre a tutto schermo nell\u2019area di lavoro, con la possibilit\u00e0 comunque di essere ridimensionato oppure ridotto ad icona attraverso i comandi posti in alto a sinistra\u00a0 della finestra.<\/p>\n<p style=\"text-align: justify\">Il report presenta le registrazioni contabili ordinate secondo successivi livelli di raggruppamento: in primo luogo le registrazioni vengono distinte a seconda che appartengano al settore agricolo oppure a quello delle attivit\u00e0 connesse. Le due distinzioni, qualora presenti, compaiono sul lato sinistro della finestra di visualizzazione del report del controllo della prima nota, in forma di albero gerarchico, secondo lo schema presente nell\u2019albero di navigazione di GAIA per la sezione dei movimenti contabili. Saranno presenti solo le tipologie di registrazioni movimentate dall\u2019azienda nel corso dell\u2019esercizio contabile secondo i criteri di ricerca selezionati dall\u2019utente.<\/p>\n<p style=\"text-align: justify\">Nell\u2019ambito di ciascun settore, le registrazioni all\u2019interno del report vengono raggruppate per <b>Tipo di registrazione<\/b> (come risulta dalla corrispondente sezione dell\u2019albero di navigazione: ENTRATE-RICAVI, USCITE\u2013COSTI, ALTRE OPERAZIONI E RIMONTA INTERNA, OPERAZIONI FINANZIARIE, a loro volta suddivisi in sottogruppi di scritture contabilmente affini) e quindi per specifica <b>Operazione<\/b> (coincidente con la voce selezionabile nell\u2019area di intestazione, presente all\u2019interno della maschera della prima nota, come indicato al paragrafo C4 del presente manuale). Tutte queste informazioni utili al raggruppamento delle registrazioni contabili compaiono nell\u2019intestazione delle varie sezioni di cui si compone il report, mentre le informazioni particolari delle singole registrazioni sono riportate nel corpo del report e coincidono con: la data di registrazione (che rappresenta l\u2019ultimo criterio di ordinamento delle registrazioni all\u2019interno del report), l\u2019emissione o meno di fattura, l\u2019importo totale della registrazione, la modalit\u00e0 di cessione, il Paese di provenienza\/destinazione dell\u2019oggetto movimentato (bene o servizio) e quindi la descrizione puntuale della registrazione (oggetto movimentato, importo ed aliquota IVA).<\/p>\n<p style=\"text-align: justify\">Il report presenta nella parte superiore la barra degli strumenti dove sono posizionati, partendo da sinistra verso destra, il pulsante Stampa, Esporta, Aggiorna, Alterna struttura gruppi, Zoom, Vai alla pagina, Cerca testo e Guida.<\/p>\n<p style=\"text-align: justify\">Cliccando sul primo pulsante &#8211; si apre la finestra di dialogo <i>Stampa<\/i> in cui si pu\u00f2 scegliere il numero di copie e le pagine da stampare. Azionando il pulsante <i>Esporta<\/i> si apre la relativa finestra Esporta. L\u2019utente pu\u00f2 selezionare\u00a0 attraverso una prima maschera sia il formato (PDF, HTML, XLS, DOC, TXT, XML, ecc.) che il disco di destinazione. Successivamente, tramite una seconda maschera, pu\u00f2 indicare le opzioni di esportazione, scegliendo l\u2019intervallo di pagine da esportare. Infine, attraverso una finestra di dialogo, potr\u00e0 indicare la cartella di destinazione in cui esportare il documento. I file esportati possono essere poi aperti con i pi\u00f9 diffusi programmi di videoscrittura e fogli di calcolo.<\/p>\n<p style=\"text-align: justify\">Il comando Aggiorna consente la revisione dei dati contenuti all\u2019interno del report, mentre la casella Alterna struttura gruppi consente la visualizzazione dell\u2019albero di navigazione del report che si sta visualizzando. Nella casella Zoom si possono scegliere le percentuali di ingrandimento del report. I pulsanti di navigazione, posti anch\u2019essi nella parte alta della finestra, consentono di scorrere, in avanti e indietro, le pagine che compongono il report. La casella Cerca (binocolo) testo consente di inserire la parola chiave che si vuole visualizzare e il report si posizione sulla stessa. Il pulsante Guida (punto interrogativo) permette di accedere alla Guida in linea di Gaia.<\/p>\n<p style=\"text-align: justify\">In fondo alla pagina di ciascun report viene visualizzato sia il numero della pagina che il totale delle pagine che compongono il relativo documento.<\/p>\n<p style=\"text-align: justify\">La maschera del report pu\u00f2 essere chiusa in due modi: cliccando sul pulsante posto sulla barra della finestra in alto a destra, oppure sulla croce posta in alto a destra della maschera. Si pu\u00f2 aprire un solo report per volta.<\/p>\n<div style=\"text-align: justify\">\n<h3 class=\"Titolo2\">Il bilancio di verifica<\/h3>\n<\/div>\n<p style=\"text-align: justify\">I risultati economici della gestione aziendale possono essere conosciuti ed interpretati mediante un\u2019opportuna elaborazione dei dati contabili, nella quale vengono contrapposti i ricavi conseguiti ed i costi sostenuti.<\/p>\n<p style=\"text-align: justify\">La metodologia GAIA adotta due differenti schemi di lettura del bilancio di impresa: il <b>bilancio di verifica<\/b> ed il <b>bilancio INEA<\/b>, che rappresenta una riclassificazione del primo, secondo uno schema di raggruppamento ormai consolidato nell\u2019ambito della rete contabile RICA-INEA.<\/p>\n<p style=\"text-align: justify\">Il <b>Bilancio di verifica<\/b> visualizza i saldi dei conti, raggruppandoli e sommandoli secondo determinate logiche di aggregazione. Esso rappresenta un prospetto utile al controllo della correttezza formale delle registrazioni e alla verifica della completezza delle informazioni rilevate, mentre non appare adatto per valutare i risultati di gestione.<\/p>\n<p style=\"text-align: justify\">Nella metodologia GAIA la compilazione del bilancio di verifica \u00e8 possibile in un qualsiasi momento nel corso dell\u2019esercizio contabile, senza che sia richiesta l\u2019effettuazione delle operazioni di fine esercizio. Naturalmente, procedendo nel corso dell\u2019esercizio contabile, il risultato visualizzato sar\u00e0 incompleto, in quanto non si tiene conto di alcuni principi su cui si basa la contabilit\u00e0 generale in base alla quale \u00e8 necessario completare le rilevazioni con quelle informazioni che non si sono manifestate durante la gestione. In particolare, ci si riferisce alla necessit\u00e0 di capitalizzare l\u2019impiego di alcuni fattori produttivi aziendali (mezzi tecnici, lavoro, ecc.), adoperati nella realizzazione di beni patrimoniali o nel garantire la funzionalit\u00e0 degli stessi, come pure alla considerazione di fatture sospese (sia da emettere che da ricevere) o di ricavi\/costi di esercizi futuri.<\/p>\n<p style=\"text-align: justify\">L\u2019attivazione del bilancio di verifica avviene tramite l\u2019apposito comando nella barra di men\u00f9 (Stampa), mentre la sua compilazione necessita di alcuni secondi durante i quali compare una maschera di avviso (<i>Elaborazione base dati<\/i>) ad indicare lo stato dell\u2019operazione in corso. Al termine dell\u2019elaborazione compare il report del bilancio di verifica che, al pari di ogni altro report presente in GAIA, funziona da anteprima di stampa e pu\u00f2 essere usato solo per consultare, stampare o esportare i documenti prodotti. Cos\u00ec come per gli altri report di Gaia, il bilancio di verifica viene visualizzato a tutto schermo nell\u2019area di lavoro, con la possibilit\u00e0 di essere ridimensionato o ridotto a icona attraverso i comandi posti in alto a sinistra della finestra.<\/p>\n<figure id=\"attachment_1351\" class=\"wp-caption thumbnail alignnone\" style=\"width: 379px;\">\r\n\t\t\t\t<a class=\"\" href=\"http:\/\/rica.crea.gov.it\/documentazione\/wp-content\/uploads\/2013\/03\/bil.png\"><img loading=\"lazy\" decoding=\"async\" class=\"size-full wp-image-1351\" alt=\"Il bilancio di verifica\" src=\"http:\/\/rica.crea.gov.it\/documentazione\/wp-content\/uploads\/2013\/03\/bil.png\" width=\"379\" height=\"232\" srcset=\"https:\/\/rica.crea.gov.it\/APP\/documentazione\/wp-content\/uploads\/2013\/03\/bil.png 379w, https:\/\/rica.crea.gov.it\/APP\/documentazione\/wp-content\/uploads\/2013\/03\/bil-300x183.png 300w\" sizes=\"auto, (max-width: 379px) 100vw, 379px\" \/><\/a>\r\n\t\t\t\t<figcaption class=\"wp-caption-text\">Il bilancio di verifica<\/figcaption>\r\n\t\t\t<\/figure>\n<p style=\"text-align: justify\">Sul lato sinistro del report compare la struttura del bilancio di verifica, secondo un\u2019impostazione ad albero gerarchico, con le quattro sezioni principali indicate con lettere maiuscole e coincidenti con: A \u2013 Attivo Stato Patrimoniale, B \u2013 Passivo Stato Patrimoniale, C \u2013 Costi Conto Economico, D \u2013 Ricavi Conto Economico, Y \u2013 Conti Iva. Ciascun nodo della struttura \u00e8 espandibile nelle diverse sezioni\/conti di cui si compone. La selezione con il mouse di ciascuna sezione\/conto della struttura del bilancio conduce alla sua visualizzazione nel report.<\/p>\n<p style=\"text-align: justify\">Accanto alla descrizione di ciascuna sezione\/conto \u00e8 presente il relativo codice assegnato a livello di Piano dei conti. Inoltre nella sezione DARE e AVERE compaiono gli importi movimentati con il relativo SALDO ottenuto come differenza tra i due precedenti importi. Nel caso di valore negativo (coincidente con una maggiore uscita di denaro o con un maggiore costo), viene visualizzato in rosso.<\/p>\n<p style=\"text-align: justify\">Il report presenta nella parte superiore la barra degli strumenti dove sono posizionati, partendo da sinistra verso destra, il pulsante Stampa, Esporta, Aggiorna, Alterna struttura gruppi, Zoom, Vai alla pagina, Cerca testo e Guida.<\/p>\n<p style=\"text-align: justify\">Cliccando sul primo pulsante si apre la finestra di dialogo <i>Stampa<\/i> in cui l\u2019utente pu\u00f2 scegliere il numero di copie e le pagine da stampare. Azionando il pulsante <i>Esporta<\/i> &#8211; si apre la relativa finestra Esporta. La finestra di dialogo viene anticipata da una prima maschera in cui scegliere il formato (PDF, HTML, XLS, DOC, TXT, XML, ecc.) e il disco di destinazione; successivamente, tramite una seconda maschera, \u00e8 possibile indicare le opzioni di esportazione, scegliendo l\u2019intervallo di pagine da esportare; infine attraverso una finestra di dialogo \u00e8 possibile scegliere la cartella di destinazione in cui esportare il documento. I file esportati possono essere poi aperti con i pi\u00f9 diffusi programmi di videoscrittura e fogli di calcolo.<\/p>\n<p style=\"text-align: justify\">Il comando <i>Aggiorna<\/i> consente la revisione dei dati contenuti all\u2019interno del report del bilancio di verifica, mentre la casella <i>Alterna struttura gruppi<\/i> consente la visualizzazione dell\u2019albero di navigazione del report che si sta visualizzando. Nella casella <i>Zoom<\/i> si possono scegliere le percentuali di ingrandimento\/ridimensionamento. I pulsanti di navigazione, posti anch\u2019essi nella parte alta della finestra, consentono di scorrere, in avanti e indietro, le pagine che compongono il report. La casella <i>Cerca testo<\/i> consente di inserire la parola chiave che si vuole visualizzare e il report si posizione sulla stessa. Il pulsante Guida permette la consultazione della guida di Gaia.<\/p>\n<p style=\"text-align: justify\">In fondo ad ogni pagina dei report viene visualizzato sia il numero della pagina che il totale delle pagine che compongono il relativo documento.<\/p>\n<p style=\"text-align: justify\">La maschera del report pu\u00f2 essere chiusa in due modi: cliccando sul pulsante posto sulla barra della finestra in alto a destra, oppure sulla croce posta in alto a destra della maschera. Si pu\u00f2 aprire un solo report per volta.<\/p>\n<\/div>","protected":false},"excerpt":{"rendered":"<p>Il controllo della prima nota La presente funzione, attivabile direttamente dalla barra dei men\u00f9 (Prima Nota &gt; Stampa di controllo), consente di visualizzare, stampare e dunque controllare le registrazioni contabili effettuate attraverso la Prima Nota. L\u2019utilit\u00e0 di questa funzione \u00e8 aumentata dalla possibilit\u00e0 di limitare l\u2019attenzione a determinati periodi di registrazione dei movimenti oppure a&hellip; <a href=\"https:\/\/rica.crea.gov.it\/APP\/documentazione\/?page_id=1160\">Continue reading <span class=\"meta-nav\">&rarr;<\/span><\/a><\/p>\n","protected":false},"author":1,"featured_media":0,"parent":85,"menu_order":0,"comment_status":"closed","ping_status":"closed","template":"","meta":{"footnotes":""},"tags":[110,149,148,150,151],"class_list":["post-1160","page","type-page","status-publish","hentry","tag-report","tag-stampa","tag-stampe","tag-stampe-di-verifica","tag-verifica-dati"],"_links":{"self":[{"href":"https:\/\/rica.crea.gov.it\/APP\/documentazione\/index.php?rest_route=\/wp\/v2\/pages\/1160","targetHints":{"allow":["GET"]}}],"collection":[{"href":"https:\/\/rica.crea.gov.it\/APP\/documentazione\/index.php?rest_route=\/wp\/v2\/pages"}],"about":[{"href":"https:\/\/rica.crea.gov.it\/APP\/documentazione\/index.php?rest_route=\/wp\/v2\/types\/page"}],"author":[{"embeddable":true,"href":"https:\/\/rica.crea.gov.it\/APP\/documentazione\/index.php?rest_route=\/wp\/v2\/users\/1"}],"replies":[{"embeddable":true,"href":"https:\/\/rica.crea.gov.it\/APP\/documentazione\/index.php?rest_route=%2Fwp%2Fv2%2Fcomments&post=1160"}],"version-history":[{"count":5,"href":"https:\/\/rica.crea.gov.it\/APP\/documentazione\/index.php?rest_route=\/wp\/v2\/pages\/1160\/revisions"}],"predecessor-version":[{"id":1164,"href":"https:\/\/rica.crea.gov.it\/APP\/documentazione\/index.php?rest_route=\/wp\/v2\/pages\/1160\/revisions\/1164"}],"up":[{"embeddable":true,"href":"https:\/\/rica.crea.gov.it\/APP\/documentazione\/index.php?rest_route=\/wp\/v2\/pages\/85"}],"wp:attachment":[{"href":"https:\/\/rica.crea.gov.it\/APP\/documentazione\/index.php?rest_route=%2Fwp%2Fv2%2Fmedia&parent=1160"}],"wp:term":[{"taxonomy":"post_tag","embeddable":true,"href":"https:\/\/rica.crea.gov.it\/APP\/documentazione\/index.php?rest_route=%2Fwp%2Fv2%2Ftags&post=1160"}],"curies":[{"name":"wp","href":"https:\/\/api.w.org\/{rel}","templated":true}]}}