{"id":1186,"date":"2013-03-19T09:49:13","date_gmt":"2013-03-19T09:49:13","guid":{"rendered":"http:\/\/rica.crea.gov.it\/documentazione\/?page_id=1186"},"modified":"2013-03-19T21:42:14","modified_gmt":"2013-03-19T21:42:14","slug":"a-prima-di-iniziare","status":"publish","type":"page","link":"https:\/\/rica.crea.gov.it\/APP\/documentazione\/?page_id=1186","title":{"rendered":"A. Prima di iniziare"},"content":{"rendered":"<div class=\"pf-content\"><div>\n<div>\n<p class=\"Sottolineato\" style=\"background-color: #c0c0c0; padding: 5pt; border: thin solid #696969;\">A1. Il progetto GAIA<\/p>\n<\/div>\n<p style=\"text-align: justify;\">L\u2019idea di GAIA nasce ufficialmente nel 1999, con la costituzione, presso l\u2019allora Unit\u00e0 Organica 1 dell&#8217;INEA, del Gruppo di Lavoro denominato \u201c<strong>Nuova Metodologia Contabile<\/strong>\u201d, coordinato da Giovanni Sanna. L\u2019obiettivo assegnato \u00e8 quello di modernizzare, sotto il profilo sia informatico che metodologico, il sistema informativo della <strong><a title=\"RICA\" href=\"http:\/\/rica.crea.gov.it\" target=\"_blank\">RICA<\/a> <\/strong>(Rete di Informazione Contabile Agricola) italiana, e di realizzare uno <strong><em>strumento<\/em> <\/strong>che consentisse ai rilevatori di raccogliere con la massima <em><strong>semplicit\u00e0<\/strong> <\/em>ed <em><strong>efficienza<\/strong> <\/em>le informazioni tecniche e contabili. Si decise di adottare un sistema di sviluppo di tipo modulare, dando la priorit\u00e0 al modulo di contabilit\u00e0 generale, che in seguito si concretizzer\u00e0 appunto in <strong>GAIA<\/strong> (acronimo di <strong>Gestione Aziendale Imprese Agricole<\/strong>). La nuova metodologia si \u00e8 caratterizzata sin dall&#8217;inizio per una impostazione molto innovativa, i cui aspetti fondamentali sono qui di seguito accennati.\u00a0Maggiori informazioni sulla storia del programma sono disponibili sul sito internet <strong><a title=\"Sito GAIA\" href=\"http:\/\/www.gaia.inea.it\/presentazione.asp\" target=\"_blank\">www.gaia.inea.it<\/a><\/strong>.<\/p>\n<p>&nbsp;<\/p>\n<\/div>\n<h3><span class=\"Maiuscoletto\"><strong>PROGETTAZIONE METODOLOGIA<\/strong><\/span><\/h3>\n<p style=\"text-align: justify;\">La progettazione del database destinato ad accogliere le informazioni raccolte \u00e8 basata sull&#8217;impiego della tecnica relazionale (E.R.: <em>Entity-Relationship<\/em>), estremamente efficace per individuare l\u2019esatta collocazione di ciascuna informazione nel contesto informativo da costruire. Nell&#8217;individuazione dei contenuti informativi \u00e8 stato introdotto l\u2019obiettivo, ormai irrinunciabile, di rendere la metodologia contabile compatibile sia con le regole del bilancio civilistico oltre che con le definizioni della RICA, del Sistema Europeo dei Conti Economici Nazionali e dei principi contabili internazionali (IAS41, ecc.), sia con il crescente e diversificato fabbisogno informativo degli utenti del sistema RICA-INEA. Questa scelta ha comportato un inevitabile aumento delle informazioni richieste, peraltro bilanciato da una pi\u00f9 agevole gestione delle medesime ottenuta attraverso una particolare cura nella progettazione dell\u2019interfaccia utente. Quest\u2019ultima sfrutta al massimo le potenzialit\u00e0 dell\u2019ambiente Windows, consentendo, ad esempio, di rendere completamente trasparente all&#8217;utente tutto il complesso sistema di codifica delle informazioni, ed anticipando alla fase di input molti controlli logici che impediscono l\u2019inserimento nel sistema di informazioni inesatte.<\/p>\n<p>&nbsp;<\/p>\n<h3><span class=\"Maiuscoletto\">AMBIENTE DI SVILUPPO<\/span><\/h3>\n<p style=\"text-align: justify;\">Il modulo base di GAIA \u00e8 stato sviluppato in ambiente MS Visual Basic 6, mentre i diversi moduli di cui \u00e8 composto (Margini Lordi, modulo aggiornamenti, setup, GaiaTest, ecc.), sono stati sviluppati con il pacchetto Visual Studio .NET. La reportistica \u00e8 stata realizzata con Crystal Report; tutto in modo nativo per gli ambienti operativi di Windows. Il database \u00e8 MS SQL Server 2005 e 2008, versione Express e Standard.<\/p>\n<p>&nbsp;<\/p>\n<h3><span class=\"Maiuscoletto\">REALIZZAZIONE<\/span><\/h3>\n<p style=\"text-align: justify;\">La procedura \u00e8 stata inizialmente sviluppata tramite il supporto di una software house esterna e poi perfezionata e migliorata dal gruppo di lavoro INEA \u201c<strong><em>Contabilit\u00e0 e Gestione Aziendale Imprese Agricole<\/em><\/strong>\u201d che ha seguito tutto il percorso progettuale. Il lavoro \u00e8 stato coordinato da Giorgio Seroglia fino al 2005 e successivamente da Antonio Giampaolo\u00a0<a href=\"#A1_nota1\"><strong>[1]<\/strong><\/a>. Il programma, nella sua prima versione beta, \u00e8 stato oggetto di diverse fasi di testaggio interne da parte del personale operante nelle sedi regionali INEA opportunamente formato. La verifica dell\u2019aggiunta di nuovi moduli o nuove funzioni \u00e8 affidata ad un gruppo di tester selezionati tra i referenti della rete RICA nazionale<\/p>\n<div><\/div>\n<h3><span class=\"Maiuscoletto\">CONTROLLO ED ELABORAZIONE DATI<\/span><\/h3>\n<p style=\"text-align: justify;\">In quanto procedura di base per la rilevazione e gestione della RICA, GAIA deve produrre informazioni controllate e comprensibili anche da fruitori che non utilizzano direttamente il programma, ma sono tuttavia interessati alle indicazioni statistiche che l\u2019uso del medesimo produce. Per questo motivo GAIA \u00e8 stato completato con una efficiente fase di controllo interno dei dati aggiuntiva a quella operante in fase di input che, attraverso verifiche di coerenza metodologica e normativa di dati elementari ed elaborati, segnalano all&#8217;utente l\u2019esistenza di situazioni anomale che potrebbero denotare un errato utilizzo del programma o l\u2019errata applicazione della metodologia. Questa attivit\u00e0 viene gestita attraverso un modulo esterno completamente integrato in GAIA denominato <a title=\"Controlli qualit\u00e0 (GaiaTest)\" href=\"http:\/\/rica.crea.gov.it\/documentazione\/?page_id=244\"><strong>GAIATest<\/strong><\/a>. Ulteriori controlli sui dati vengono eseguiti, per le aziende dell\u2019indagine RICA, dalla funzione di GaiaTest denominata \u201c<strong>controlli interaziendali\u201d<\/strong> che consente di analizzare e verificare alcune informazioni su gruppi consistenti di azienda (generalmente sopra le 50 unit\u00e0). Per maggiori dettagli sui controlli di qualit\u00e0 si rimanda al manuale di GaiaTest.<\/p>\n<p style=\"text-align: justify;\">Successivamente, completata la fase di controlli, le informazioni elementari raccolte da GAIA vengono riorganizzate e sistematizzate per produrre gli output istituzionali. Questa attivit\u00e0 in parte di competenza delle sedi regionali INEA, viene realizzata attraverso uno specifico programma denominato <strong>EDA<\/strong> (Elaborazione Dati Avanzata). Al termine del processo della produzione dei dati della rete RICA avviene quindi il trasferimento delle informazioni provenienti dal database di GAIA, riorganizzate in modo efficiente per facilitare e velocizzare l\u2019esecuzione delle interrogazioni. Questa fase si \u00e8 concretizzata nella creazione di una base dati consolidata ed elaborata a livello nazionale: la Banca Dati Rica (<strong>BDR<\/strong>) destinata ad alimentare da una parte un\u2019applicazione web denominata <strong><a href=\"http:\/\/www.bancadatirica.inea.it\/\">BDR Online<\/a><\/strong>, con accesso riservato ai soli utenti abilitati, e dall&#8217;altra delle pagine web del sito RICA ad accesso pubblico, denominato <strong><a href=\"http:\/\/rica.crea.gov.it\/public\/it\/area.php\">AREA<\/a> (analisi dei risultati economici aziendali)<\/strong>. Maggiori informazioni sulla diffusione dei dati sono disponibili all&#8217;indirizzo rica.crea.gov.it.<\/p>\n<p style=\"text-align: justify;\">Il pacchetto GAIA \u00e8 pienamente integrato con una serie di procedure realizzate in ambiente web sia sul sito proprio di GAIA sia sul sito della rete RICA, come ad esempio la procedura di classificazione <a href=\"http:\/\/rica.crea.gov.it\/classce\/\">Class.CE<\/a>, il sistema di <a href=\"http:\/\/www.gaia.inea.it\/assistenza.asp\">assistenza tecnica online<\/a>, ecc. Maggiori dettagli saranno riportati nel capitolo relativo al flusso dei dati nell\u2019ambito delle rete RICA Italiana.<\/p>\n<div><\/div>\n<div>\n<p class=\"Sottolineato\" style=\"background-color: #c0c0c0; padding: 5pt; border: thin solid #696969;\">A2. I destinatari<\/p>\n<\/div>\n<p style=\"text-align: justify;\"><span style=\"text-align: justify;\">GAIA \u00e8 un software di contabilit\u00e0 gestionale in partita doppia che <\/span><em style=\"text-align: justify;\"><strong>non sostituisce i programmi di contabilit\u00e0 fiscale<\/strong><\/em><span style=\"text-align: justify;\"> in quanto non \u00e8 il suo scopo. Consente la rilevazione, l\u2019imputazione, il raggruppamento, il controllo, la determinazione e l\u2019analisi dei costi e dei ricavi di gestione, sia dei fatti propriamente contabili che degli eventi aziendali tipici del settore agricolo, nell&#8217;ottica di descrivere e quantificare i principali fenomeni connessi all&#8217;evoluzione delle aziende agricole e ai sistemi produttivi territoriali. Per maggiori dettagli sul contratto di licenza <\/span><a style=\"text-align: justify;\" title=\"Licenza d'uso di GAIA\" href=\"http:\/\/www.gaia.inea.it\/info_licenza_uso.asp\" target=\"_blank\">clicca qui<\/a><span style=\"text-align: justify;\">.<\/span><\/p>\n<p style=\"text-align: justify;\">\u00c8 anche uno <strong>strumento utile per gli imprenditori<\/strong> che vogliono tenere sotto controllo la realt\u00e0 dell\u2019azienda agricola per l\u2019accertamento delle disfunzioni e degli sprechi e per migliorare costantemente la redditivit\u00e0, attraverso una reportistica aziendale utile alla pianificazione, gestione e rendicontazione delle singole attivit\u00e0.<\/p>\n<p style=\"text-align: justify;\">L\u2019attuale versione di GAIA \u00e8 stata ottimizzata in particolare per il <strong>rilevatore RICA<\/strong>, che opera dall&#8217;esterno dell\u2019azienda per raccogliere con la massima semplicit\u00e0 ed efficienza le informazioni richieste dall&#8217;indagine comunitaria e da altri fabbisogni statistici nazionali.<\/p>\n<p style=\"text-align: justify;\">Oltre ai rilevatori professionisti ed agli imprenditori agricoli,, GAIA pu\u00f2 interessare anche altre categorie di utenti: <em>in primis<\/em>, il sistema dell\u2019<strong>istruzione secondaria<\/strong> ed universitaria, in quanto la sua impostazione lo rende particolarmente idoneo per fini didattici; poi le <strong>Organizzazioni Professionali<\/strong> delle categorie agricole ed i liberi professionisti, che potrebbero essere interessati, nei limiti della <a title=\"Licenza d'uso di GAIA\" href=\"http:\/\/www.gaia.inea.it\/info_licenza_uso.asp\" target=\"_blank\">licenza d&#8217;uso<\/a>, all&#8217;erogazione di un servizio di contabilit\u00e0 gestionale ai propri associati o clienti nei casi in cui questi non siano in grado o non intendano provvedere autonomamente alla gestione del programma; ed infine altre istituzioni pubbliche o private, che potrebbero utilizzare GAIA (in abbinamento o in parallelo alla rete RICA) per misurare ed analizzare gli effetti economici aziendali degli argomenti di specifico interesse.<\/p>\n<p style=\"text-align: justify;\">Date le finalit\u00e0 del progetto di informatizzazione dell\u2019indagine RICA, l\u2019attenzione si \u00e8 concentrata essenzialmente sui utenti non professionisti con l\u2019obiettivo di non richiedere particolari competenze trattare contabili ed informatiche. Naturalmente \u00e8 opportuna una minima conoscenza di base delle nomenclature e dei fenomeni tipici del settore agricolo, senza la quale l\u2019uso del programma pu\u00f2 risultare in parte difficoltoso, quali ad esempio le anticipazioni colturali o gli animali da vita. Invece, per quanto riguarda la terminologia contabile (si pensi ad esempio\u00a0 ratei e risconti, immobilizzazioni in economia, ammortamento dei cespiti, plus e minusvalenze sui realizzi, ecc.), non sono richieste conoscenze preliminari, dato che il programma comportamentali contiene procedure guidate che consentono la corretta registrazione contabile di eventi anche complessi ed articolati.<\/p>\n<p style=\"text-align: justify;\">L\u2019unica conoscenza effettivamente necessaria per l\u2019utente di GAIA \u00e8 la discreta conoscenza dell\u2019informatica di base nell&#8217;ambiente Windows<sup>\u00ae<\/sup>, computer ovvero la capacit\u00e0 di installare, utilizzare ed aggiornare il programma. Maggiori dettagli sulle risorse informatiche necessarie <a title=\"Istruzione all'installazione\" href=\"http:\/\/www.gaia.inea.it\/info_installazione.asp\" target=\"_blank\">cliccare qui<\/a>. Il resto, utilizzando la documentazione ed i servizi di supporto ma soprattutto con un po\u2019 di buona volont\u00e0, si pu\u00f2 imparare\u2026.<\/p>\n<div>\n<p class=\"Sottolineato\" style=\"background-color: #c0c0c0; padding: 5pt; border: thin solid #696969;\">A3. Guida e documentazione di supporto<\/p>\n<\/div>\n<p style=\"text-align: justify;\">All&#8217;interno del programma GAIA, nella barra degli strumenti e dal menu Help, sono disponibili i relativi comandi che consentono di consultare la presente Guida di Riferimento <em><strong>disponibile quindi solo in modalit\u00e0 online<\/strong><\/em>. Oltre ai due comandi citati, in molte maschere e altri punti del programma sono disponibili i relativi pulsanti o voci di comando che consento di aprire una specifica pagina della presente Guida, secondo la regola standard dell\u2019aiuto contestuale specifico, come dettagliato nei vari capitoli successivi.<\/p>\n<p style=\"text-align: justify;\">La Guida di riferimento costituisce pertanto il supporto documentale pi\u00f9 completo e dettagliato che pu\u00f2 essere consultato anche al di fuori del programma GAIA, accedendo al presente Sistema Documentale RICA (<strong>SDR<\/strong>) \u00a0<a href=\"http:\/\/rica.crea.gov.it\/documentazione\">rica.crea.gov.it\/documentazione<\/a>.<\/p>\n<p>Oltre alla presente Guida di riferimento sono stati predisposti altri supporti all&#8217;uso del programma ed in particolare:<\/p>\n<ul>\n<li>una <strong>guida rapida<\/strong> all&#8217;uso del programma;<\/li>\n<li>una <strong>modulistica<\/strong> ausiliaria per la rilevazione dei dati;<\/li>\n<li>una dispensa contenente un <strong>caso aziendale<\/strong> esemplificativo;<\/li>\n<li>alcune <strong>presentazioni<\/strong> da utilizzare come materiale formativo ed informativo;<\/li>\n<li>un volume dedicato agli <strong>aspetti metodologici<\/strong>;<\/li>\n<li>un <strong>glossario<\/strong> dei termini.<\/li>\n<\/ul>\n<p style=\"text-align: justify;\">La <strong>guida rapida<\/strong> \u00e8 pensata per coloro che hanno una buona conoscenza di base degli aspetti informatici, tecnici e contabili e desiderano focalizzare la loro attenzione su quegli aspetti essenziali che consentono l\u2019uso immediato del programma. Questo documento, allegata al cd-rom di installazione, non pu\u00f2 sostituire il manuale che resta il principale riferimento informativo per l\u2019apprendimento di GAIA.<\/p>\n<p style=\"text-align: justify;\">La <strong>modulistica<\/strong> ausiliaria \u00e8 utile per qui rilevatori abituati al precedente sistema di rilevazione e che si trovano inizialmente disorientati dalla nuova procedura. I modelli da stampare riepilogano le informazioni che \u00e8 possibile rilevare in GAIA e permettono una registrazione manuale dei fatti aziendali che andranno successivamente riversati nel programma.<\/p>\n<p style=\"text-align: justify;\">Il <strong>caso aziendale<\/strong> esemplificativo descritto nella dispensa integra gli esempi contenuti nel manuale e costituisce un\u2019esercitazione completa all\u2019uso del programma dall&#8217;inventario al bilancio.<\/p>\n<p style=\"text-align: justify;\">Del <strong>materiale formativo<\/strong> fanno parte anche una serie di presentazioni in Powerpoint che possono essere fruite on-line o scaricate sul proprio computer. Si tratta di una modalit\u00e0 formativa pi\u00f9 coinvolgente della lettura di un documento che risulta utile per organizzare attivit\u00e0 didattiche in aula.<\/p>\n<p style=\"text-align: justify;\">Le numerose <strong>novit\u00e0 metodologiche<\/strong> contenute in GAIA saranno pubblicate in un apposito volume che spiega le profonde differenze tra questo programma e un generico software di contabilit\u00e0 aziendale.<\/p>\n<p style=\"text-align: justify;\">Tutta la documentazione citata \u00e8 disponibile sul presente Sistema Documentale RICA, con le modalit\u00e0 e le funzioni caratteristiche della tecnologia WIKI, ovvero la consultazione \u00e8 libera mentre l&#8217;editazione \u00e8 consentita solo ai soggetti abilitati.\u00a0Il Sistema Documentale RICA \u00e8 in continuo aggiornamento per cui \u00e8 opportuno che gli utenti leggano le informazioni direttamente dal sito piuttosto che stamparle o archiviarle sul proprio computer in quanto potrebbero essere state modificate.<\/p>\n<hr align=\"left\" size=\"1\" width=\"33%\" \/>\n<div>\n<p style=\"text-align: justify;\"><strong><a name=\"A1_nota1\"><\/a>[1]<\/strong>\u00a0Hanno collaborato alla realizzazione delle nuova metodologia: Abitabile C., Arzeni A., Bianchi A., Bimbati B., Bodini A., Bonati G., Borri I., Borsotto L., Borsotto P., Bortolozzo D., Cafarelli S., Cagliero R., Caligari P., Cardillo C., Carillo F., Carone D., Casiello G., Cesaro L., Cisilino F., De Cicco A., D\u2019Aprile G., De Dominicis M., De Flippis T.,De Leo S., De Lia D., , De Sanctis D., De Vivo C., Dell&#8217;Acqua S., Di Cesare A., Di Laora C., Di Mico L., Doria P., Facciuoli S., Fais A., Fanelli M., Floris F., Gabriele A., Gambelunghe V., Gabrieli G., Gastaldin N., Giampaolo A., Gioia M., Lorenzo F., Lo Vecchio R., Macaluso D., Maffeo I., Marchetti N., Mari F., Marongiu S., Marseglia F., Martino M., Masoero C., Mezzalira O., Namdarian I., Palumbo S., Panella G., Perachino S., Peiretti G., Pilan C., Piscicelli A., Potenza T., Povellato A., Prandi T., Provenzano V., Pucci F., Rampazzo B., Roffi L., Rubertucci M., Salino I., Santangelo M., Scardera A., Schiavon S., Scorzelli D., Serra E., Seroglia G., \u00a0Steindler D., Trione S., Turchetti L., Vizzani G., Zanuttig G., Zilli G.<\/p>\n<p>&nbsp;<\/p>\n<\/div>\n<p>&nbsp;<\/p>\n<\/div>","protected":false},"excerpt":{"rendered":"<p>A1. Il progetto GAIA L\u2019idea di GAIA nasce ufficialmente nel 1999, con la costituzione, presso l\u2019allora Unit\u00e0 Organica 1 dell&#8217;INEA, del Gruppo di Lavoro denominato \u201cNuova Metodologia Contabile\u201d, coordinato da Giovanni Sanna. L\u2019obiettivo assegnato \u00e8 quello di modernizzare, sotto il profilo sia informatico che metodologico, il sistema informativo della RICA (Rete di Informazione Contabile Agricola)&hellip; <a href=\"https:\/\/rica.crea.gov.it\/APP\/documentazione\/?page_id=1186\">Continue reading <span class=\"meta-nav\">&rarr;<\/span><\/a><\/p>\n","protected":false},"author":1,"featured_media":0,"parent":85,"menu_order":0,"comment_status":"closed","ping_status":"closed","template":"","meta":{"footnotes":""},"tags":[88,82,153,152],"class_list":["post-1186","page","type-page","status-publish","hentry","tag-ambiente-di-sviluppo","tag-gaia","tag-informazioni-preliminare","tag-licenza-duso"],"_links":{"self":[{"href":"https:\/\/rica.crea.gov.it\/APP\/documentazione\/index.php?rest_route=\/wp\/v2\/pages\/1186","targetHints":{"allow":["GET"]}}],"collection":[{"href":"https:\/\/rica.crea.gov.it\/APP\/documentazione\/index.php?rest_route=\/wp\/v2\/pages"}],"about":[{"href":"https:\/\/rica.crea.gov.it\/APP\/documentazione\/index.php?rest_route=\/wp\/v2\/types\/page"}],"author":[{"embeddable":true,"href":"https:\/\/rica.crea.gov.it\/APP\/documentazione\/index.php?rest_route=\/wp\/v2\/users\/1"}],"replies":[{"embeddable":true,"href":"https:\/\/rica.crea.gov.it\/APP\/documentazione\/index.php?rest_route=%2Fwp%2Fv2%2Fcomments&post=1186"}],"version-history":[{"count":15,"href":"https:\/\/rica.crea.gov.it\/APP\/documentazione\/index.php?rest_route=\/wp\/v2\/pages\/1186\/revisions"}],"predecessor-version":[{"id":1219,"href":"https:\/\/rica.crea.gov.it\/APP\/documentazione\/index.php?rest_route=\/wp\/v2\/pages\/1186\/revisions\/1219"}],"up":[{"embeddable":true,"href":"https:\/\/rica.crea.gov.it\/APP\/documentazione\/index.php?rest_route=\/wp\/v2\/pages\/85"}],"wp:attachment":[{"href":"https:\/\/rica.crea.gov.it\/APP\/documentazione\/index.php?rest_route=%2Fwp%2Fv2%2Fmedia&parent=1186"}],"wp:term":[{"taxonomy":"post_tag","embeddable":true,"href":"https:\/\/rica.crea.gov.it\/APP\/documentazione\/index.php?rest_route=%2Fwp%2Fv2%2Ftags&post=1186"}],"curies":[{"name":"wp","href":"https:\/\/api.w.org\/{rel}","templated":true}]}}