{"id":1244,"date":"2013-03-22T14:17:56","date_gmt":"2013-03-22T14:17:56","guid":{"rendered":"http:\/\/rica.crea.gov.it\/documentazione\/?page_id=1244"},"modified":"2013-09-02T11:23:16","modified_gmt":"2013-09-02T11:23:16","slug":"c2f-piantagioni","status":"publish","type":"page","link":"https:\/\/rica.crea.gov.it\/APP\/documentazione\/?page_id=1244","title":{"rendered":"C2f. Piantagioni"},"content":{"rendered":"<div class=\"pf-content\"><h3 class=\"Titolo2\"><span style=\"font-size: 1.17em\">Piantagioni<\/span><\/h3>\n<p>La rilevazione delle piantagioni prevede la distinzione tra piantagioni agricole e forestali<\/p>\n<p>&nbsp;<\/p>\n<h3 class=\"Titolo2\">Piantagioni agricole<\/h3>\n<p>Tramite questa maschera si rilevano le piantagioni agrarie dell\u2019azienda, siano o meno di propriet\u00e0. Esse comprendono sia le coltivazioni arboree, sia le coltivazioni erbacee pluriennali (foraggere escluse), il cui costo di impianto pu\u00f2 essere soggetto ad ammortamento: carciofi, asparagi, fragole, rabarbaro. In modo analogo devono essere considerate le colture arbustive floricole. Nella maschera destinata alle piantagioni \u00e8 possibile registrare anche colture presenti nella gestione delle colture erbacee (vedi sezione successiva del manuale): si tratta in questi casi di quei raggruppamenti come i fiori ed ortaggi (fragole) o le piante industriali (saccarifere, officinali e medicinali, aromatiche, tessili) che possono presentare caratteri nella loro conduzione agronomica assimilabili a quelli delle piantagioni, quali la durata poliennale, gli elevati costi di impianto o la presenza di un periodo iniziale di costi superiori ai ricavi. Ci\u00f2 implica che la registrazione di queste colture tra le piantagioni agricole oppure tra le colture erbacee dipende essenzialmente dalla tecnica agronomica adottata.<\/p>\n<p>La maschera si articola su due schede, la prima riservata all\u2019anagrafica della piantagione e la seconda\u00a0 per rilevare i dati generali.<\/p>\n<h2 class=\"Titolo2\"><a class=\"thumbnail\" href=\"http:\/\/rica.crea.gov.it\/documentazione\/wp-content\/uploads\/2013\/03\/PIANTAGIONI-1.png\"><img loading=\"lazy\" decoding=\"async\" class=\" wp-image-2055 aligncenter\" alt=\"PIANTAGIONI 1\" src=\"http:\/\/rica.crea.gov.it\/documentazione\/wp-content\/uploads\/2013\/03\/PIANTAGIONI-1-300x240.png\" width=\"400\" height=\"340\" \/><\/a><\/h2>\n<p>&nbsp;<\/p>\n<p>Nella prima scheda si riporta la denominazione, la variet\u00e0, la modalit\u00e0 di coltivazione e la superficie agricola utilizzata (SAU), quella totale ed eventualmente irrigata. La superficie irrigata da riportare \u00e8 quella che effettivamente viene irrigata nell\u2019esercizio specifico. L\u2019identificazione della piantagione viene proposta dal programma selezionando prima il gruppo e poi la tipologia di appartenenza.<\/p>\n<p>&nbsp;<\/p>\n<p><span class=\"Maiuscoletto\">Centro aziendale<\/span><\/p>\n<p>Nome del centro aziendale dove \u00e8 localizzata la piantagione.<\/p>\n<p>&nbsp;<\/p>\n<p><span class=\"Maiuscoletto\">Gruppo colturale, tipologia e coltura<\/span><\/p>\n<p>Si procede per approssimazione successiva: prima il gruppo colturale, dopo la tipologia ed infine la coltura. In realt\u00e0 \u00e8 possibile selezionare anche direttamente la coltura, cos\u00ec facendo i due campi precedenti (gruppo e tipologia) verranno compilati dal programma.<\/p>\n<p>&nbsp;<\/p>\n<p><span class=\"Maiuscoletto\">variet\u00e0<\/span><\/p>\n<p>Indicazione della variet\u00e0 della coltura componente la piantagione. Quando una coltura non ha alcuna variet\u00e0 associata il campo viene disabilitato automaticamente dal programma. Qualora pur essendoci un elenco di variet\u00e0 non sia possibile determinarla con precisione, l\u2019utente deve selezionare la voce N.D.<\/p>\n<p>&nbsp;<\/p>\n<p><span class=\"Maiuscoletto\">coltivazione<\/span><\/p>\n<p>Modalit\u00e0 di coltivazione della piantagione, che pu\u00f2 essere in piano campo o in serra.<\/p>\n<p>&nbsp;<\/p>\n<p><span class=\"Maiuscoletto\">Stato<\/span><\/p>\n<p>Rappresenta la condizione di utilizzo della piantagione da selezionare dal men\u00f9 a tendina tra le seguenti alternative: in produzione, in fase d\u2019impianto, concesso a terzi, cessato\u00a0 o inattivo.<\/p>\n<p>&nbsp;<\/p>\n<p><span class=\"Maiuscoletto\">Uso energetico<\/span><\/p>\n<p>Se la produzione della piantagione viene destinata ad usi energetici, selezionare questa casella.<\/p>\n<p>&nbsp;<\/p>\n<p><span class=\"Maiuscoletto\">Anno d\u2019impianto<\/span><\/p>\n<p>Indicare l\u2019anno in cui \u00e8 stata impiantata la piantagione.<\/p>\n<p>&nbsp;<\/p>\n<p><span class=\"Maiuscoletto\">Anno piena produzione<\/span><\/p>\n<p>Indicare l\u2019anno in cui i ricavi superano i costi, che corrisponde alla fine della fase di impianto e l\u2019inizio della fase produttiva della coltura.<\/p>\n<p>&nbsp;<\/p>\n<p><span class=\"Maiuscoletto\">Nome\/descrizione<\/span><\/p>\n<p>Nome assegnato dall\u2019utente alla coltura per identificarla in maniera univoca. In assenza di specificazione da parte dell\u2019utente la procedura propone automaticamente il nome coltura ed il rispettivo anno di impianto.<\/p>\n<p>&nbsp;<\/p>\n<p><span class=\"Maiuscoletto\">SAU<\/span><\/p>\n<p>Superficie agricola utilizzata dalla piantagione. Essa coincide con la superficie effettivamente occupata dalla piantagione, come desumibile anche da archivi amministrativi (catasto viticolo, fascicolo aziendale, etc.).<\/p>\n<p>&nbsp;<\/p>\n<p><span class=\"Maiuscoletto\">Sistema irrigazione<\/span><\/p>\n<p>Selezionare il sistema di irrigazione utilizzato.<\/p>\n<p>&nbsp;<\/p>\n<p><span class=\"Maiuscoletto\">Sup irrigata<\/span><\/p>\n<p>Indicare la superficie su cui viene praticata l\u2019irrigazione; occorre riportare la superficie effettivamente irrigata nell\u2019esercizio specifico per cui il dato va aggiornato annualmente.<\/p>\n<p>&nbsp;<\/p>\n<p><span class=\"Maiuscoletto\">Approv. idrico<\/span><\/p>\n<p>Selezionare la fonte di approvvigionamento idrico. Nel caso in cui il sistema di irrigazione \u00e8 assente, i campi <i>superficie irrigata<\/i> e <i>approvvigionamento idrico<\/i> sono disattivati.<\/p>\n<h3 class=\"Titolo2\" align=\"JUSTIFY\">Piantagioni Agricole &gt; Scheda dati generali<\/h3>\n<p>La seconda scheda delle piantagioni riporta informazioni specifiche relative alla tecnica di coltivazione (forma di allevamento, densit\u00e0 dell\u2019impianto), ed alla valutazione economica del bene (anno di acquisto, valore a nuovo e di acquisto).<\/p>\n<h2 class=\"Titolo2\">\u00a0<a class=\"thumbnail\" href=\"http:\/\/rica.crea.gov.it\/documentazione\/wp-content\/uploads\/2013\/03\/PIANTAGIONI-2.png\"><img loading=\"lazy\" decoding=\"async\" class=\" wp-image-2058 aligncenter\" alt=\"PIANTAGIONI 2\" src=\"http:\/\/rica.crea.gov.it\/documentazione\/wp-content\/uploads\/2013\/03\/PIANTAGIONI-2-300x241.png\" width=\"589\" height=\"466\" \/><\/a><\/h2>\n<p><span class=\"Maiuscoletto\">Forma di allevamento<\/span><\/p>\n<p>Indicare la forma di allevamento della piantagione, selezionandola tra le diverse opzioni proposte dalla procedura, in funzione della coltura considerata.<\/p>\n<p>&nbsp;<\/p>\n<p><span class=\"Maiuscoletto\">Densit\u00e0 di impianto<\/span><\/p>\n<p>Riportare il numero di piante per ettaro.<\/p>\n<p lang=\"it-IT\" align=\"JUSTIFY\"><span style=\"color: #000000\"><span style=\"font-family: Tahoma, sans-serif\"><span style=\"font-size: small\"><strong>\u00a0<\/strong><\/span><\/span><\/span><\/p>\n<p><span class=\"Maiuscoletto\">Titolo di possesso<\/span><\/p>\n<p>Indicare il tipo di possesso della piantagione, da selezionare dal men\u00f9 a tendina.<\/p>\n<p>&nbsp;<\/p>\n<p><span class=\"Maiuscoletto\">Propriet\u00e0 (%)<\/span><\/p>\n<p>Indicare la percentuale di propriet\u00e0 del bene.<\/p>\n<p>&nbsp;<\/p>\n<p><span class=\"Maiuscoletto\">Durata tecnica<\/span><\/p>\n<p>Periodo in cui la piantagione mantiene la propria funzionalit\u00e0, tecnica ed economica, che va calcolato a partire dall\u2019anno della piena produzione.<\/p>\n<p>&nbsp;<\/p>\n<p><span class=\"Maiuscoletto\">Ammortamento (%)<\/span><\/p>\n<p>Indica la percentuale di ammortamento annuo, che si traduce in un costo fisso nel bilancio aziendale.<\/p>\n<p>&nbsp;<\/p>\n<p><span class=\"Maiuscoletto\">Durata futura<\/span><\/p>\n<p>Calcolata in automatico dal software<\/p>\n<p><span class=\"Maiuscoletto\">Valore a nuovo<\/span><\/p>\n<p>Valore da attribuire alla piantagione qualora la si volesse realizzare ex-novo nell\u2019anno di rilevazione.<\/p>\n<p>&nbsp;<\/p>\n<p><span class=\"Maiuscoletto\">Anno d\u2019acquisto<\/span><\/p>\n<p>Indicare l\u2019anno in cui la piantagione \u00e8 entrata nelle disponibilit\u00e0 aziendali.<\/p>\n<p>&nbsp;<\/p>\n<p><span class=\"Maiuscoletto\">Valore d\u2019acquisto<\/span><\/p>\n<p>Indicare la spesa sostenuta per realizzare l\u2019impianto. La procedura calcola il valore di acquisto in automatico sulla base dei valori riportati negli altri due campi della maschera (anno di acquisto e valore a nuovo) e tenendo conto degli indici di inflazione.<\/p>\n<p>&nbsp;<\/p>\n<p><span class=\"Maiuscoletto\">Successiva<\/span><\/p>\n<p>Spuntare nel caso in cui la piantagione sia stata impiantata nell\u2019anno ed \u00e8 quindi successiva ad un\u2019altra coltura.<\/p>\n<p>&nbsp;<\/p>\n<p><span class=\"Maiuscoletto\">Consociazione<\/span><\/p>\n<p>Indicare, cliccando sulla casellina di controllo, se la coltura \u00e8 consociata<\/p>\n<p>&nbsp;<\/p>\n<div>\n<h3 class=\"Titolo2\">Piantagioni forestali<\/h3>\n<\/div>\n<p>Attraverso questa maschera vengono rilevate le piantagioni forestali di cui dispone l\u2019azienda, siano o meno di propriet\u00e0. Questa innovazione metodologica deriva dalla constatazione che negli ultimi anni sono incrementate le superfici agricole utilizzate per coltivazioni di piantagioni forestali, quali ad esempio il castagno ed il ciliegio da legno, il pioppo, l\u2019acero e cos\u00ec via, con finalit\u00e0 meramente produttive, motivo per cui \u00e8 stato ritenuto corretto rilevare queste piantagioni alla stregua di quelle agricole. Le superfici da rilevare, purch\u00e9 costituiscano parte integrante della struttura aziendale (in coerenza con il fascicolo aziendale), sono sia quelle investite con impianti produttivi (arboricoltura da legno) sia quelle a boschi, anche nel caso in cui questi siano rappresentati da formazioni naturali o \u201cspontanee\u201d.<\/p>\n<p>La maschera richiede inizialmente la compilazione degli elementi necessari alla definizione della piantagione.<\/p>\n<h2 class=\"Titolo2\"><a class=\"thumbnail\" href=\"http:\/\/rica.crea.gov.it\/documentazione\/wp-content\/uploads\/2013\/03\/PIANTAGIONI-FORESTALI.png\"><img loading=\"lazy\" decoding=\"async\" class=\" wp-image-2059 aligncenter\" alt=\"PIANTAGIONI FORESTALI\" src=\"http:\/\/rica.crea.gov.it\/documentazione\/wp-content\/uploads\/2013\/03\/PIANTAGIONI-FORESTALI-300x238.png\" width=\"589\" height=\"466\" \/><\/a><\/h2>\n<p>&nbsp;<\/p>\n<p><span class=\"Maiuscoletto\">Centro aziendale<\/span><\/p>\n<p>Nome del centro aziendale a cui pu\u00f2 essere attribuita la piantagione.<\/p>\n<p>&nbsp;<\/p>\n<p><span class=\"Maiuscoletto\">Gruppo\/Tipologia\/Piantagione<\/span><\/p>\n<p>Elenchi per la selezione in cascata delle piantagioni (essenze) forestali.<\/p>\n<p>&nbsp;<\/p>\n<p><span class=\"Maiuscoletto\">Uso energetico<\/span><\/p>\n<p>Se la produzione della piantagione viene destinata ad usi energetici, selezionare questa casella.<\/p>\n<p>&nbsp;<\/p>\n<p><span class=\"Maiuscoletto\">Anno d\u2019impianto<\/span><\/p>\n<p>Indicare l\u2019anno in cui \u00e8 stata impiantata la piantagione. Nel caso di boschi cedui per i quali non \u00e8 noto l\u2019anno di impianto, pu\u00f2 essere inserito l\u2019anno dell\u2019ultimo taglio. Negli altri casi, laddove non fosse possibile risalire con precisione all\u2019anno d\u2019impianto (ad es. boschi spontanei), questo dovr\u00e0 essere stimato.<\/p>\n<p>&nbsp;<\/p>\n<p><span class=\"Maiuscoletto\">Nome\/Descrizione<\/span><\/p>\n<p>Nome assegnato dall\u2019utente alla piantagione per identificarla in maniera univoca. In assenza di specificazione da parte dell\u2019utente la procedura propone automaticamente il nome selezionato ed il rispettivo anno di impianto.<\/p>\n<p>&nbsp;<\/p>\n<p><span class=\"Maiuscoletto\">Superficie<\/span><\/p>\n<p>Superficie occupata dalla piantagione forestale.<\/p>\n<p>&nbsp;<\/p>\n<p><span class=\"Maiuscoletto\">Sistema irrigazione<\/span><\/p>\n<p>Selezionare il sistema di irrigazione utilizzato.<\/p>\n<p>&nbsp;<\/p>\n<p><span class=\"Maiuscoletto\">Sup irrigata<\/span><\/p>\n<p>Porzione della superficie dell\u2019appezzamento su cui viene praticata l\u2019irrigazione; pu\u00f2 differire da un anno all\u2019altro.<\/p>\n<p>&nbsp;<\/p>\n<p><span class=\"Maiuscoletto\">Approv. idrico<\/span><\/p>\n<p>Selezionare la fonte di approvvigionamento idrico.<\/p>\n<p>&nbsp;<\/p>\n<h3 class=\"Titolo2\">Piantagioni Forestali &gt; Scheda dati generali<\/h3>\n<h2 class=\"Titolo2\">\u00a0<a class=\"thumbnail\" href=\"http:\/\/rica.crea.gov.it\/documentazione\/wp-content\/uploads\/2013\/03\/piantagioni-forestali-2.png\"><img loading=\"lazy\" decoding=\"async\" class=\" wp-image-2060 aligncenter\" alt=\"piantagioni forestali 2\" src=\"http:\/\/rica.crea.gov.it\/documentazione\/wp-content\/uploads\/2013\/03\/piantagioni-forestali-2-300x237.png\" width=\"589\" height=\"466\" srcset=\"https:\/\/rica.crea.gov.it\/APP\/documentazione\/wp-content\/uploads\/2013\/03\/piantagioni-forestali-2-300x237.png 300w, https:\/\/rica.crea.gov.it\/APP\/documentazione\/wp-content\/uploads\/2013\/03\/piantagioni-forestali-2.png 595w\" sizes=\"auto, (max-width: 589px) 100vw, 589px\" \/><\/a><\/h2>\n<p><span class=\"Maiuscoletto\">Densit\u00e0 di impianto<\/span><\/p>\n<p>Esprime il numero di piante presenti per unit\u00e0 di superficie.<\/p>\n<p><strong style=\"font-size: small;font-family: Tahoma, sans-serif;color: #000000\">\u00a0<\/strong><\/p>\n<p><span class=\"Maiuscoletto\">Titolo possesso<\/span><\/p>\n<p>Pu\u00f2 essere: Propriet\u00e0; Affitto; Comodato &#8211; Uso gratuito.<\/p>\n<p>&nbsp;<\/p>\n<p><span class=\"Maiuscoletto\">Propriet\u00e0 (%)<\/span><\/p>\n<p>Percentuale di propriet\u00e0 del bene.<\/p>\n<p>&nbsp;<\/p>\n<p><span class=\"Maiuscoletto\">Anno d\u2019acquisto<\/span><\/p>\n<p>Indicare l\u2019anno in cui si \u00e8 entrati in possesso della piantagione.<\/p>\n<p>&nbsp;<\/p>\n<p><span class=\"Maiuscoletto\">Valore<\/span><\/p>\n<p>Valore attuale della piantagione. E&#8217; bene ricordare che, come precedentemente esplicitato, per i boschi naturali non va indicato alcun valore in quanto, nella maschera degli appezzamenti,\u00a0 la stima del valore \u00e8 riferita sia alla terra nuda che al soprassuolo. Va registrato, invece,\u00a0 il valore per le piantagioni forestali destinate ad arboricoltura da legno.<\/p>\n<p><span class=\"Maiuscoletto\">CONSOCIAZIONE<\/span><\/p>\n<p>Indicare, cliccando sulla casellina di controllo, se la coltura \u00e8 consociata<\/p>\n<p>&nbsp;<\/p>\n<p><span class=\"Maiuscoletto\">\u00a0<\/span><\/p>\n<p>Il campo &#8220;<strong>Stato&#8221;<\/strong> non compare nella maschera delle piantagioni forestali. Secondo la nuova metodologia INEA le piantagioni forestali sono considerate in permanente stato di accrescimento: la procedura, pertanto, riporta in automatico lo stato coincidente con \u201c<i>in fase di impianto<\/i>\u201d.<\/p>\n<\/div>","protected":false},"excerpt":{"rendered":"<p>Piantagioni La rilevazione delle piantagioni prevede la distinzione tra piantagioni agricole e forestali &nbsp; Piantagioni agricole Tramite questa maschera si rilevano le piantagioni agrarie dell\u2019azienda, siano o meno di propriet\u00e0. Esse comprendono sia le coltivazioni arboree, sia le coltivazioni erbacee pluriennali (foraggere escluse), il cui costo di impianto pu\u00f2 essere soggetto ad ammortamento: carciofi, asparagi,&hellip; <a href=\"https:\/\/rica.crea.gov.it\/APP\/documentazione\/?page_id=1244\">Continue reading <span class=\"meta-nav\">&rarr;<\/span><\/a><\/p>\n","protected":false},"author":1,"featured_media":0,"parent":116,"menu_order":0,"comment_status":"closed","ping_status":"closed","template":"","meta":{"footnotes":""},"tags":[],"class_list":["post-1244","page","type-page","status-publish","hentry"],"_links":{"self":[{"href":"https:\/\/rica.crea.gov.it\/APP\/documentazione\/index.php?rest_route=\/wp\/v2\/pages\/1244","targetHints":{"allow":["GET"]}}],"collection":[{"href":"https:\/\/rica.crea.gov.it\/APP\/documentazione\/index.php?rest_route=\/wp\/v2\/pages"}],"about":[{"href":"https:\/\/rica.crea.gov.it\/APP\/documentazione\/index.php?rest_route=\/wp\/v2\/types\/page"}],"author":[{"embeddable":true,"href":"https:\/\/rica.crea.gov.it\/APP\/documentazione\/index.php?rest_route=\/wp\/v2\/users\/1"}],"replies":[{"embeddable":true,"href":"https:\/\/rica.crea.gov.it\/APP\/documentazione\/index.php?rest_route=%2Fwp%2Fv2%2Fcomments&post=1244"}],"version-history":[{"count":9,"href":"https:\/\/rica.crea.gov.it\/APP\/documentazione\/index.php?rest_route=\/wp\/v2\/pages\/1244\/revisions"}],"predecessor-version":[{"id":2006,"href":"https:\/\/rica.crea.gov.it\/APP\/documentazione\/index.php?rest_route=\/wp\/v2\/pages\/1244\/revisions\/2006"}],"up":[{"embeddable":true,"href":"https:\/\/rica.crea.gov.it\/APP\/documentazione\/index.php?rest_route=\/wp\/v2\/pages\/116"}],"wp:attachment":[{"href":"https:\/\/rica.crea.gov.it\/APP\/documentazione\/index.php?rest_route=%2Fwp%2Fv2%2Fmedia&parent=1244"}],"wp:term":[{"taxonomy":"post_tag","embeddable":true,"href":"https:\/\/rica.crea.gov.it\/APP\/documentazione\/index.php?rest_route=%2Fwp%2Fv2%2Ftags&post=1244"}],"curies":[{"name":"wp","href":"https:\/\/api.w.org\/{rel}","templated":true}]}}