{"id":1272,"date":"2013-03-25T10:11:09","date_gmt":"2013-03-25T10:11:09","guid":{"rendered":"http:\/\/rica.crea.gov.it\/documentazione\/?page_id=1272"},"modified":"2013-08-30T07:32:21","modified_gmt":"2013-08-30T07:32:21","slug":"c2l-servizi-per-attivita-connesse","status":"publish","type":"page","link":"https:\/\/rica.crea.gov.it\/APP\/documentazione\/?page_id=1272","title":{"rendered":"C2l. Servizi per attivit\u00e0 connesse"},"content":{"rendered":"<div class=\"pf-content\"><div>\n<h2 class=\"Titolo2\">Servizi per attivit\u00e0 connesse<\/h2>\n<\/div>\n<p>Questa maschera viene attivata solo nel caso in cui si registri, in Contesto aziendale\/Azienda\/Anagrafica, il tipo di regime IVA per attivit\u00e0 connesse. Le attivit\u00e0 connesse sono qui aggregate in due macrovoci: agriturismo ed attivit\u00e0 connesse, ad ognuna delle quali sono associate diverse tipologie di servizi. Ad esempio, nel caso dell\u2019agriturismo i servizi disponibili sono la ristorazione, il campeggio, la locazione appartamenti, il maneggio, ecc., mentre nel caso delle attivit\u00e0 connesse i servizi collegati sono , ad es. le fattorie didattiche, il contoterzismo attivo, la produzione di energia rinnovabile ecc.<\/p>\n<p>&nbsp;<\/p>\n<figure id=\"attachment_1273\" class=\"wp-caption thumbnail alignnone\" style=\"width: 589px;\">\r\n\t\t\t\t<a class=\"\" href=\"http:\/\/rica.crea.gov.it\/documentazione\/wp-content\/uploads\/2013\/03\/attconn.png\"><img loading=\"lazy\" decoding=\"async\" class=\"size-full wp-image-1273\" alt=\"attivit\u00e0 connesse\" src=\"http:\/\/rica.crea.gov.it\/documentazione\/wp-content\/uploads\/2013\/03\/attconn.png\" width=\"589\" height=\"469\" srcset=\"https:\/\/rica.crea.gov.it\/APP\/documentazione\/wp-content\/uploads\/2013\/03\/attconn.png 589w, https:\/\/rica.crea.gov.it\/APP\/documentazione\/wp-content\/uploads\/2013\/03\/attconn-300x238.png 300w\" sizes=\"auto, (max-width: 589px) 100vw, 589px\" \/><\/a>\r\n\t\t\t\t<figcaption class=\"wp-caption-text\">La maschera dei servizi per attivit\u00e0 connesse<\/figcaption>\r\n\t\t\t<\/figure>\n<p>&nbsp;<\/p>\n<p><span class=\"Maiuscoletto\">Tipo di Attivit\u00e0<\/span><\/p>\n<p>Selezionare il tipo di attivit\u00e0 \u00a0tra le possibilit\u00e0 del pulsante lista. Nello specifico Agriturismo e Attivit\u00e0 connesse<\/p>\n<p>&nbsp;<\/p>\n<p><span class=\"Maiuscoletto\">Tipo di Servizio<\/span><\/p>\n<p>A seconda dell\u2019attivit\u00e0 prescelta, il pulsante lista consente la selezione di servizi diversi che, a cascata, richiedono ulteriori informazioni, differenti a seconda del servizio stesso. Ad esempio nel caso di \u201cProduzione di energie rinnovabili\u201d viene richiesta la \u201cFonte rinnovabile\u201d, da selezionare con il pulsante lista, il numero di impianti (Dimensione struttura) e la Capacit\u00e0 annua, misurata in Kw.<\/p>\n<\/div>","protected":false},"excerpt":{"rendered":"<p>Servizi per attivit\u00e0 connesse Questa maschera viene attivata solo nel caso in cui si registri, in Contesto aziendale\/Azienda\/Anagrafica, il tipo di regime IVA per attivit\u00e0 connesse. Le attivit\u00e0 connesse sono qui aggregate in due macrovoci: agriturismo ed attivit\u00e0 connesse, ad ognuna delle quali sono associate diverse tipologie di servizi. Ad esempio, nel caso dell\u2019agriturismo i&hellip; <a href=\"https:\/\/rica.crea.gov.it\/APP\/documentazione\/?page_id=1272\">Continue reading <span class=\"meta-nav\">&rarr;<\/span><\/a><\/p>\n","protected":false},"author":1,"featured_media":0,"parent":116,"menu_order":0,"comment_status":"closed","ping_status":"closed","template":"","meta":{"footnotes":""},"tags":[],"class_list":["post-1272","page","type-page","status-publish","hentry"],"_links":{"self":[{"href":"https:\/\/rica.crea.gov.it\/APP\/documentazione\/index.php?rest_route=\/wp\/v2\/pages\/1272","targetHints":{"allow":["GET"]}}],"collection":[{"href":"https:\/\/rica.crea.gov.it\/APP\/documentazione\/index.php?rest_route=\/wp\/v2\/pages"}],"about":[{"href":"https:\/\/rica.crea.gov.it\/APP\/documentazione\/index.php?rest_route=\/wp\/v2\/types\/page"}],"author":[{"embeddable":true,"href":"https:\/\/rica.crea.gov.it\/APP\/documentazione\/index.php?rest_route=\/wp\/v2\/users\/1"}],"replies":[{"embeddable":true,"href":"https:\/\/rica.crea.gov.it\/APP\/documentazione\/index.php?rest_route=%2Fwp%2Fv2%2Fcomments&post=1272"}],"version-history":[{"count":3,"href":"https:\/\/rica.crea.gov.it\/APP\/documentazione\/index.php?rest_route=\/wp\/v2\/pages\/1272\/revisions"}],"predecessor-version":[{"id":2028,"href":"https:\/\/rica.crea.gov.it\/APP\/documentazione\/index.php?rest_route=\/wp\/v2\/pages\/1272\/revisions\/2028"}],"up":[{"embeddable":true,"href":"https:\/\/rica.crea.gov.it\/APP\/documentazione\/index.php?rest_route=\/wp\/v2\/pages\/116"}],"wp:attachment":[{"href":"https:\/\/rica.crea.gov.it\/APP\/documentazione\/index.php?rest_route=%2Fwp%2Fv2%2Fmedia&parent=1272"}],"wp:term":[{"taxonomy":"post_tag","embeddable":true,"href":"https:\/\/rica.crea.gov.it\/APP\/documentazione\/index.php?rest_route=%2Fwp%2Fv2%2Ftags&post=1272"}],"curies":[{"name":"wp","href":"https:\/\/api.w.org\/{rel}","templated":true}]}}