{"id":1283,"date":"2013-03-25T10:28:25","date_gmt":"2013-03-25T10:28:25","guid":{"rendered":"http:\/\/rica.crea.gov.it\/documentazione\/?page_id=1283"},"modified":"2013-08-30T07:40:14","modified_gmt":"2013-08-30T07:40:14","slug":"c2n-debiti","status":"publish","type":"page","link":"https:\/\/rica.crea.gov.it\/APP\/documentazione\/?page_id=1283","title":{"rendered":"C2n. Debiti"},"content":{"rendered":"<div class=\"pf-content\"><div>\n<h2 class=\"Titolo2\">Debiti<\/h2>\n<\/div>\n<p>I debiti che l\u2019azienda contrae nei confronti di terzi vengono in Gaia distinti in due tipologie: debiti di finanziamento e debiti di funzionamento. Per ognuna di queste due tipologie c\u2019\u00e8 una specifica maschera da utilizzare di cui vedremo di seguito le caratteristiche.<\/p>\n<p>&nbsp;<\/p>\n<h3 class=\"Titolo2\">Debiti di finanziamento, mutui e prestiti<\/h3>\n<p>Questi debiti sorgono quando l\u2019azienda necessita di denaro per finanziare le attivit\u00e0 ed i processi produttivi e si concretizzano con la concessione di un prestito o di un mutuo da parte di una banca o altro soggetto erogatore.<\/p>\n<p>Questa maschera consente di rilevare due tipologie di debiti di finanziamento: quelli per quote costanti e quelli per quote variabili. Le differenze tra i due tipi di debito saranno evidenziate nella trattazione dei singoli campi che appaiono nella maschera a seconda se viene spuntata o meno l\u2019opzione \u201c<span class=\"Comando\">Debiti per quote costanti<\/span>\u201d. Selezionando il campo\u00a0<span class=\"Comando\">Debito per quote costanti<\/span>\u00a0verranno\u00a0 identificati i debiti la cui restituzione avviene per rate costanti (quota capitale pi\u00f9 quota interessi) durante l\u2019intero periodo di ammortamento. Questo tipo di debito deve essere a tasso fisso e prevedere una restituzione pianificata nel tempo gi\u00e0 all\u2019atto dell\u2019accensione (piano di ammortamento, visualizzabile nel fascicolo aziendale dal menu stampa).<\/p>\n<p>La disattivazione dell\u2019opzione esclude dalla maschera tutte le notizie relative alla tipologia di debito per quote costanti, riportate nella seconda sezione, trasformandolo in debito per quote variabili e non \u00e8 reversibile.<\/p>\n<p>La maschera di registrazione del prestito richiede oltre alla data di accensione, il numero di rate di pagamento complessive per la sua estinzione e la frequenza delle stesse (cio\u00e8 la loro periodicit\u00e0).<\/p>\n<figure id=\"attachment_1284\" class=\"wp-caption thumbnail alignnone\" style=\"width: 589px;\">\r\n\t\t\t\t<a class=\"\" href=\"http:\/\/rica.crea.gov.it\/documentazione\/wp-content\/uploads\/2013\/03\/debiti.png\"><img loading=\"lazy\" decoding=\"async\" class=\"size-full wp-image-1284\" alt=\"La maschera di anagrafica dei debiti di finanziamento\" src=\"http:\/\/rica.crea.gov.it\/documentazione\/wp-content\/uploads\/2013\/03\/debiti.png\" width=\"589\" height=\"471\" srcset=\"https:\/\/rica.crea.gov.it\/APP\/documentazione\/wp-content\/uploads\/2013\/03\/debiti.png 589w, https:\/\/rica.crea.gov.it\/APP\/documentazione\/wp-content\/uploads\/2013\/03\/debiti-300x239.png 300w\" sizes=\"auto, (max-width: 589px) 100vw, 589px\" \/><\/a>\r\n\t\t\t\t<figcaption class=\"wp-caption-text\">La maschera di anagrafica dei debiti di finanziamento<\/figcaption>\r\n\t\t\t<\/figure>\n<p>Si riporta di seguito l\u2019elenco e il contenuto dei campi della maschera:<\/p>\n<p>&nbsp;<\/p>\n<p><span class=\"Maiuscoletto\">Tipologia debito<\/span><\/p>\n<p>Vengono proposte le tipologie di debito classificabili come operazioni di finanziamento, e precisamente: <i>Debiti verso banche<\/i> e <i>Debiti verso altri finanziatori.<\/i><\/p>\n<p>&nbsp;<\/p>\n<p><span class=\"Maiuscoletto\">Destinazione<\/span><\/p>\n<p>Rappresenta la finalit\u00e0 per la quale il debito \u00e8 stato acceso. Si pu\u00f2 selezionare il settore di destinazione del finanziamento (Terreni, Fabbricati e manufatti, Piantagioni, Meccanizzazione, Animali da investimento). In tutti gli altri casi si tratta di credito di gestione, identificato dalla voce Gestione aziendale.<\/p>\n<p>&nbsp;<\/p>\n<p><span class=\"Maiuscoletto\">Descrizione<\/span><\/p>\n<p>Consente di indicare in modo descrittivo la causale del debito, cio\u00e8 la ragione per la quale \u00e8 stato acceso e le eventuali caratteristiche (agevolato o meno, durata, soggetto erogante ecc.). Nel caso dell\u2019esempio visibile sulla maschera si tratta di un mutuo agevolato per l\u2019acquisto di macchine. In seguito questa descrizione servir\u00e0 per identificare il debito al momento di eseguire dei pagamenti.<\/p>\n<p>Per i prestiti di conduzione, di durata uguale o inferiore all\u2019anno ed estinguibili in un\u2019unica soluzione, l\u2019opzione non deve essere selezionata. Tali prestiti devono essere necessariamente caricati con la maschera dei debiti per quote variabili.<\/p>\n<p>&nbsp;<\/p>\n<p><span class=\"Maiuscoletto\">Debito Iniziale all\u2019Accensione<\/span><\/p>\n<p>Riportare l\u2019ammontare del debito \u00a0erogato all\u2019atto dell\u2019accensione. Questo valore nel caso del primo impianto della contabilit\u00e0 pu\u00f2 riferirsi ad alcuni anni prima.<\/p>\n<p>&nbsp;<\/p>\n<p><span class=\"Maiuscoletto\">Saldo aggiornato<\/span><\/p>\n<p>E\u2019 un campo automatico nel quale viene riportato il capitale residuo del debito sulla base del piano di ammortamento e dei pagamenti registrati tramite la prima nota.<\/p>\n<p>&nbsp;<\/p>\n<p><span class=\"Maiuscoletto\">Data accensione<\/span><\/p>\n<p>Data alla quale \u00e8 stato sottoscritto il debito ed il capitale iniziale \u00e8 stato messo a disposizione dell\u2019azienda. Rispetto a tale data il pagamento della prima rata, normalmente, \u00e8 posticipato.<\/p>\n<p>&nbsp;<\/p>\n<p><span class=\"Maiuscoletto\">Rate totali<\/span><\/p>\n<p>Numero complessivo di rate costanti in cui si articola la restituzione concordata (per esempio un prestito quinquennale con rate semestrali \u00e8 composto di 10 rate).<\/p>\n<p>&nbsp;<\/p>\n<p><span class=\"Maiuscoletto\">Frequenza rate (mesi)<\/span><\/p>\n<p>Indicare il numero di mesi che intercorrono tra il pagamento di due rate (esempio: 1=rate mensili, 6=rate semestrali, 12=rate annuali ecc.)<\/p>\n<p>&nbsp;<\/p>\n<p><span class=\"Maiuscoletto\">Tasso effettivo (%)<\/span><\/p>\n<p>Indicare il tasso di interesse annuo effettivamente a carico dell\u2019azienda, al netto, quindi, dell\u2019eventuale aiuto pubblico in conto interessi.<\/p>\n<p>&nbsp;<\/p>\n<p><span class=\"Maiuscoletto\">Tasso totale (%)<\/span><\/p>\n<p>Tasso di interesse annuo complessivo al quale il finanziatore ha erogato il prestito, comprendendo quindi anche l\u2019eventuale quota % non pagata in quanto soggetta a contributo.<\/p>\n<p>Se il debito non \u00e8 assistito da concorso pubblico nel pagamento degli interessi, il Tasso totale coincide con il tasso effettivo, <span style=\"text-decoration: underline\">e non va indicato (campo facoltativo)<\/span>.<\/p>\n<p>&nbsp;<\/p>\n<p><span style=\"text-decoration: underline\"><strong>Nel caso di Debiti per quote variabili, non \u00a0va \u00a0selezionata la casella \u201cquote costanti\u201d, la maschera che appare sar\u00e0 la seguente:<\/strong><\/span><\/p>\n<figure id=\"attachment_1285\" class=\"wp-caption thumbnail alignnone\" style=\"width: 590px;\">\r\n\t\t\t\t<a class=\"\" href=\"http:\/\/rica.crea.gov.it\/documentazione\/wp-content\/uploads\/2013\/03\/debiti2.png\"><img loading=\"lazy\" decoding=\"async\" class=\"size-full wp-image-1285\" alt=\"La maschera di anagrafica dei debiti di finanziamento a quote variabili\" src=\"http:\/\/rica.crea.gov.it\/documentazione\/wp-content\/uploads\/2013\/03\/debiti2.png\" width=\"590\" height=\"471\" srcset=\"https:\/\/rica.crea.gov.it\/APP\/documentazione\/wp-content\/uploads\/2013\/03\/debiti2.png 590w, https:\/\/rica.crea.gov.it\/APP\/documentazione\/wp-content\/uploads\/2013\/03\/debiti2-300x239.png 300w\" sizes=\"auto, (max-width: 590px) 100vw, 590px\" \/><\/a>\r\n\t\t\t\t<figcaption class=\"wp-caption-text\">La maschera di anagrafica dei debiti di finanziamento a quote variabili<\/figcaption>\r\n\t\t\t<\/figure>\n<p>Come si vede, la seconda sezione, tranne per il campo \u201csaldo aggiornato\u201d, \u00e8 vuota; per le altre sezioni valgono le indicazioni fornite in precedenza per i debiti per quote costanti, con le seguenti differenze:<\/p>\n<p>&nbsp;<\/p>\n<p><span class=\"Maiuscoletto\">Debito iniziale<\/span><\/p>\n<p>Nel caso dei debiti per quote variabili, Gaia non dispone delle informazioni necessarie per attivare automatismi di calcolo del debito residuo. Pertanto, in fase d\u2019inventario di apertura, nel campo in oggetto va riportato l\u2019ammontare del debito residuo alla data di inventario. Il valore comprende quindi solo la parte di capitale non ancora restituita.<\/p>\n<p>&nbsp;<\/p>\n<p><span class=\"Maiuscoletto\">Data accensione<\/span><\/p>\n<p>Data di costituzione del debito e di concessione del finanziamento. Rispetto a tale data il pagamento della prima rata, normalmente, \u00e8 posticipato.<\/p>\n<p>&nbsp;<\/p>\n<p><span class=\"Maiuscoletto\">Data estinzione<\/span><\/p>\n<p>Data prevista per la restituzione dell\u2019ultima quota capitale.<\/p>\n<p>&nbsp;<\/p>\n<h3 class=\"Titolo2\">Debiti di funzionamento<\/h3>\n<p>I debiti di funzionamento sorgono per effetto di una transazione di natura commerciale. Sono quindi esclusi i debiti gi\u00e0 classificati come debiti di finanziamento (vedi paragrafo precedente). Si tratta in pratica di ritardati pagamenti per oneri e spese a carico dell\u2019azienda, che possono costituire una fonte di finanziamento a breve dell\u2019impresa.<\/p>\n<p>La maschera di registrazione \u00e8 la seguente:<\/p>\n<figure id=\"attachment_1288\" class=\"wp-caption thumbnail alignnone\" style=\"width: 590px;\">\r\n\t\t\t\t<a class=\"\" href=\"http:\/\/rica.crea.gov.it\/documentazione\/wp-content\/uploads\/2013\/03\/debiti3.png\"><img loading=\"lazy\" decoding=\"async\" class=\"size-full wp-image-1288\" alt=\"La maschera di anagrafica dei debiti di funzionamento\" src=\"http:\/\/rica.crea.gov.it\/documentazione\/wp-content\/uploads\/2013\/03\/debiti3.png\" width=\"590\" height=\"468\" srcset=\"https:\/\/rica.crea.gov.it\/APP\/documentazione\/wp-content\/uploads\/2013\/03\/debiti3.png 590w, https:\/\/rica.crea.gov.it\/APP\/documentazione\/wp-content\/uploads\/2013\/03\/debiti3-300x237.png 300w\" sizes=\"auto, (max-width: 590px) 100vw, 590px\" \/><\/a>\r\n\t\t\t\t<figcaption class=\"wp-caption-text\">La maschera di anagrafica dei debiti di funzionamento<\/figcaption>\r\n\t\t\t<\/figure>\n<p>&nbsp;<\/p>\n<p>L\u2019elenco ed il contenuto dei campi \u00e8 il seguente:<\/p>\n<p>&nbsp;<\/p>\n<p><span class=\"Maiuscoletto\">Tipologia<\/span><\/p>\n<p>Selezionare la tipologia di debito dall\u2019elenco (debiti verso fornitori, debiti tributari e previdenziali, cambiali passive ecc.).<\/p>\n<p>&nbsp;<\/p>\n<p><span class=\"Maiuscoletto\">Destinazione<\/span><\/p>\n<p>Rappresenta lo scopo per il quale il debito \u00e8 stato acceso.<\/p>\n<p>&nbsp;<\/p>\n<p><span class=\"Maiuscoletto\">Descrizione<\/span><\/p>\n<p>Consente di indicare in modo descrittivo la causale del debito: ad esempio il fornitore o le caratteristiche dell\u2019operazione finanziaria. Nel caso di un debito commerciale, come nell\u2019esempio, pu\u00f2 essere utile inserire i riferimenti della fattura. In seguito, durante la gestione contabile, questa descrizione servir\u00e0 per identificare il debito al momento di effettuare i pagamenti.<\/p>\n<p>&nbsp;<\/p>\n<p><span class=\"Maiuscoletto\">Debito iniziale<\/span><\/p>\n<p>Valore iniziale del debito, che in fase di primo impianto della contabilit\u00e0, riporta solo la somma non ancora restituita.<\/p>\n<p>&nbsp;<\/p>\n<p><span class=\"Maiuscoletto\">Saldo aggiornato<\/span><\/p>\n<p>E\u2019 l\u2019ammontare del debito residuo, calcolato in automatico dalla procedura che tiene conto anche delle registrazioni nella prima nota relative al pagamento del debito.<\/p>\n<p>&nbsp;<\/p>\n<p><span class=\"Maiuscoletto\">Data accensione<\/span><\/p>\n<p>Data dalla quale decorre il debito (nell\u2019esempio, la data della fattura riguardante la fornitura da pagare).<\/p>\n<p>&nbsp;<\/p>\n<p><span class=\"Maiuscoletto\">Data estinzione<\/span><\/p>\n<p>Data prevista per la restituzione del capitale. Se la data \u00e8 predefinita dal documento (ad esempio: 60 gg. data fattura) essa va indicata in modo esatto; in caso contrario va stimata, ed eventualmente confermata o corretta successivamente.<\/p>\n<p>&nbsp;<\/p>\n<\/div>","protected":false},"excerpt":{"rendered":"<p>Debiti I debiti che l\u2019azienda contrae nei confronti di terzi vengono in Gaia distinti in due tipologie: debiti di finanziamento e debiti di funzionamento. Per ognuna di queste due tipologie c\u2019\u00e8 una specifica maschera da utilizzare di cui vedremo di seguito le caratteristiche. &nbsp; Debiti di finanziamento, mutui e prestiti Questi debiti sorgono quando l\u2019azienda&hellip; <a href=\"https:\/\/rica.crea.gov.it\/APP\/documentazione\/?page_id=1283\">Continue reading <span class=\"meta-nav\">&rarr;<\/span><\/a><\/p>\n","protected":false},"author":1,"featured_media":0,"parent":116,"menu_order":0,"comment_status":"closed","ping_status":"closed","template":"","meta":{"footnotes":""},"tags":[],"class_list":["post-1283","page","type-page","status-publish","hentry"],"_links":{"self":[{"href":"https:\/\/rica.crea.gov.it\/APP\/documentazione\/index.php?rest_route=\/wp\/v2\/pages\/1283","targetHints":{"allow":["GET"]}}],"collection":[{"href":"https:\/\/rica.crea.gov.it\/APP\/documentazione\/index.php?rest_route=\/wp\/v2\/pages"}],"about":[{"href":"https:\/\/rica.crea.gov.it\/APP\/documentazione\/index.php?rest_route=\/wp\/v2\/types\/page"}],"author":[{"embeddable":true,"href":"https:\/\/rica.crea.gov.it\/APP\/documentazione\/index.php?rest_route=\/wp\/v2\/users\/1"}],"replies":[{"embeddable":true,"href":"https:\/\/rica.crea.gov.it\/APP\/documentazione\/index.php?rest_route=%2Fwp%2Fv2%2Fcomments&post=1283"}],"version-history":[{"count":3,"href":"https:\/\/rica.crea.gov.it\/APP\/documentazione\/index.php?rest_route=\/wp\/v2\/pages\/1283\/revisions"}],"predecessor-version":[{"id":2030,"href":"https:\/\/rica.crea.gov.it\/APP\/documentazione\/index.php?rest_route=\/wp\/v2\/pages\/1283\/revisions\/2030"}],"up":[{"embeddable":true,"href":"https:\/\/rica.crea.gov.it\/APP\/documentazione\/index.php?rest_route=\/wp\/v2\/pages\/116"}],"wp:attachment":[{"href":"https:\/\/rica.crea.gov.it\/APP\/documentazione\/index.php?rest_route=%2Fwp%2Fv2%2Fmedia&parent=1283"}],"wp:term":[{"taxonomy":"post_tag","embeddable":true,"href":"https:\/\/rica.crea.gov.it\/APP\/documentazione\/index.php?rest_route=%2Fwp%2Fv2%2Ftags&post=1283"}],"curies":[{"name":"wp","href":"https:\/\/api.w.org\/{rel}","templated":true}]}}