{"id":1310,"date":"2013-03-25T12:03:32","date_gmt":"2013-03-25T12:03:32","guid":{"rendered":"http:\/\/rica.crea.gov.it\/documentazione\/?page_id=1310"},"modified":"2013-03-25T12:04:38","modified_gmt":"2013-03-25T12:04:38","slug":"c4a-entrate-e-ricavi","status":"publish","type":"page","link":"https:\/\/rica.crea.gov.it\/APP\/documentazione\/?page_id=1310","title":{"rendered":"C4a. Entrate e ricavi"},"content":{"rendered":"<div class=\"pf-content\"><h2 class=\"Titolo2\"><span style=\"font-size: 1.5em;\">Entrate &#8211; Ricavi<\/span><\/h2>\n<h3 class=\"Titolo2\"><\/h3>\n<h3 class=\"Titolo2\">Ricavi da vendita e affitti<\/h3>\n<p>Questa voce dell\u2019albero contiene tutte le registrazioni derivanti dalle operazioni di vendita di prodotti, servizi, beni materiali ed immateriali patrimoniali. Essa consente di inserire tutte le informazioni derivanti dalla cessione da parte dell\u2019azienda di un bene e\/o servizio. In particolare, tale sezione permette di archiviare informazioni relative: alla tipologia di prodotto o servizio oggetto dell\u2019operazione, alle informazioni di tipo fiscale derivanti da tale operazione, al risvolto finanziario della vendita (modalit\u00e0 di riscossione), ad una serie di informazioni di tipo tecnico (tipo di cessione, destinazione del prodotto).<\/p>\n<p>Di seguito vengono schematicamente descritte le informazioni richieste per la compilazione della maschera delle vendite.<\/p>\n<p><span class=\"Maiuscoletto\">Settore: Agricoltura o Attivit\u00e0 connesse<\/span><\/p>\n<p>il settore riguarda l\u2019indicazione di quale sia l\u2019attivit\u00e0 aziendale nella quale si inserisce la movimentazione in oggetto. Tale scelta \u00e8 necessaria perch\u00e9 consente al programma di proporre automaticamente le aliquote iva e la preselezione delle operazioni omogenee al settore di appartenenza.<\/p>\n<p>&nbsp;<\/p>\n<p><span class=\"Maiuscoletto\">Data<\/span><\/p>\n<p>Viene proposta dal programma la data odierna dell\u2019inserimento dei dati dell\u2019anno che stiamo registrando ma, ovviamente, essa pu\u00f2 essere modificata dall\u2019utente.<\/p>\n<p>&nbsp;<\/p>\n<p><span class=\"Maiuscoletto\">Operazione<\/span><\/p>\n<p>Bisogna indicare il tipo di ricavo (vendita prodotti, vendita servizi, ecc.). Tale scelta \u00e8 operata dall\u2019utente fra le opzioni proposte nella lista di selezione, le quali variano a seconda del settore scelto.<\/p>\n<p>Per l\u2019agricoltura comprende la vendita di prodotti e merci, la vendita degli animali, i ricavi da allevamenti, le prestazioni per servizi a terzi, gli affitti attivi e i risarcimenti assicurativi, la vendita di mezzi tecnici industriali, la vendita di beni patrimoniali materiali, la vendita di titoli, di quote ed altri diritti immateriali, gli anticipi da clienti.<\/p>\n<p>Per le attivit\u00e0 connesse comprende le prestazioni per servizi delle attivit\u00e0 connesse e gli anticipi da clienti.<\/p>\n<p>&nbsp;<\/p>\n<p><span class=\"Maiuscoletto\">Fattura<\/span><\/p>\n<p>L\u2019attivazione dell\u2019opzione fattura \u00e8 preselezionata e consente la registrazione delle informazioni riguardanti l\u2019IVA, altrimenti; se deselezionata, non potranno essere inserite.<\/p>\n<p>&nbsp;<\/p>\n<p><span class=\"Maiuscoletto\">Destinazione<\/span><\/p>\n<p>Tale informazione riguarda il Paese di destinazione del prodotto (Italia, Paese Intracomunitario o Extra-comunitario) e si attiver\u00e0 solo con l\u2019opzione fattura attivata, in quanto in base al tipo di destinazione viene attivata una particolare gestione dell\u2019IVA.<\/p>\n<p>&nbsp;<\/p>\n<p><span class=\"Maiuscoletto\">Cessione<\/span><\/p>\n<p>Come sopra anche il tipo di cessione (esempio: a commerciante, ad industria, ecc.) andr\u00e0 specificato soltanto con l\u2019opzione fattura e individua a chi \u00e8 stata effettuata la cessione dei beni o la fornitura dei servizi aziendali.<\/p>\n<p>&nbsp;<\/p>\n<p><span class=\"Maiuscoletto\">Prodotti venduti<\/span><\/p>\n<p>In tale lista si sceglier\u00e0 l\u2019oggetto generico della vendita, che pu\u00f2 riguardare i prodotti delle colture, i trasformati delle colture o degli allevamenti, i prodotti degli allevamenti, ecc.. Ad ogni prodotto generico scelto la maschera si adatter\u00e0 richiedendo dati di dettaglio e riguardanti la coltivazione, l\u2019allevamento o il prodotto industriale specifico. In tal caso la scelta si opera selezionando una voce presente nell\u2019elenco e derivante dai rispettivi magazzini, precedentemente alimentati con l\u2019acquisto o con la produzione.<\/p>\n<p>La lente di ingrandimento consente, inoltre, di visualizzare la consistenza di magazzino del prodotto selezionato.<\/p>\n<p>In questo elenco sono presenti anche voci che non si riferiscono a prodotti venduti, ma ad altri ricavi connessi alle vendite quali, ad esempio, gli sconti e gli arrotondamenti attivi.<\/p>\n<p>&nbsp;<\/p>\n<p><span class=\"Maiuscoletto\">Quantit\u00e0, prezzo ed imponibile<\/span><\/p>\n<p>La quantit\u00e0 si riporta in riferimento all\u2019unit\u00e0 di misura evidenziata dal programma, il prezzo \u00e8 quello medio unitario e l\u2019imponibile, nel caso della fattura, \u00e8 l\u2019importo sul quale si applicher\u00e0 l\u2019aliquota IVA (nel caso non ci sia la fattura, sar\u00e0 l\u2019importo netto incassato).<\/p>\n<p>&nbsp;<\/p>\n<p><span class=\"Maiuscoletto\">Gestione IVA<\/span><\/p>\n<p>La disattivazione di questa opzione consente di trattare la registrazione senza la parte relativa alla gestione IVA.<\/p>\n<p>Tale campo \u00e8 importante in quando la gestione dell\u2019IVA viene attivata in base al tipo di operazione, ma al suo interno ci possono essere ricomprese anche delle operazioni che non richiedono la registrazione dell\u2019IVA.<\/p>\n<p>&nbsp;<\/p>\n<p><span class=\"Maiuscoletto\">Aliquota IVA, Imposta, Compensazione<\/span><\/p>\n<p>A seconda della tipologia di prodotto, di destinazione e di cessione precedentemente indicata, il programma proporr\u00e0 una particolare aliquota e la relativa compensazione che l\u2019utente pu\u00f2 anche modificare scegliendola dall\u2019elenco a tendina. L\u2019imposta sar\u00e0 dunque il risultato dell\u2019aliquota scelta applicata all\u2019imponibile.<\/p>\n<p>&nbsp;<\/p>\n<p><span class=\"Maiuscoletto\">Lavorazione<\/span><\/p>\n<p>In questo campo deve essere indicata la modalit\u00e0 di commercializzazione del prodotto: senza alcuna lavorazione, essiccato, frigo conservato, ecc..<\/p>\n<p>&nbsp;<\/p>\n<p><span class=\"Maiuscoletto\">Modalit\u00e0 di riscossione<\/span><\/p>\n<p>In tale finestra si effettuano le variazioni finanziarie derivanti dalla vendita dei beni o servizi della gestione corrente. I ricavi delle vendite possono essere riscossi in maniera immediata contestualmente alla vendita, oppure in maniera differita accendendo un credito. Nel primo caso occorre indicare la modalit\u00e0 di riscossione (assegno, contanti, conti correnti, ecc.), mentre nel secondo caso occorre scegliere un conto di vendita a credito (ad esempio, la voce \u201cCrediti verso clienti\u201d) e inserire le informazioni relative al nuovo credito.<\/p>\n<p>E\u2019 possibile effettuare, per ciascun movimento, pi\u00f9 registrazioni (ad es. una parte dell\u2019importo incassata in contanti e un\u2019altra con assegno). Indipendentemente dal numero di registrazioni, per ognuna di esse \u00e8 necessario concludere la registrazione col pulsante Inserisci riga, che ne determina l\u2019inserimento nella tabella di visualizzazione nella parte inferiore della maschera.<\/p>\n<p>Il programma in automatico mostra precaricato il conto Conti correnti.<\/p>\n<p>&nbsp;<\/p>\n<p><span class=\"Maiuscoletto\">Importo<\/span><\/p>\n<p>Riguarda l\u2019importo relativo all\u2019operazione finanziaria collegata alla vendita.<\/p>\n<p>&nbsp;<\/p>\n<p><span class=\"Maiuscoletto\">Riepilogo<\/span><\/p>\n<p>La tabella o griglia di visualizzazione riepiloga le voci gi\u00e0 inserite nell\u2019ambito della registrazione in corso. Lo schema \u00e8 organizzato su pi\u00f9 colonne (Oggetto generico, Dare\/Avere, Imponibile, quantit\u00e0, ecc.) che \u00e8 possibile scorrere: selezionando la riga con il mouse (doppio click) \u00e8 inoltre possibile rivederne i dettagli sull\u2019area di registrazione.<\/p>\n<p>&nbsp;<\/p>\n<p><span class=\"Maiuscoletto\">Modifica ed elimina riga<\/span><\/p>\n<p>Immediatamente sulla destra del riepilogo sono presenti due pulsanti che consentono di modificare o eliminare la riga evidenziata nella tabella. Selezionando il primo verr\u00e0 riattivata la sezione precedente della maschera, consentendo di modificare la registrazione; con il secondo invece sar\u00e0 possibile ripartire dall\u2019inizio della maschera.<\/p>\n<p>&nbsp;<\/p>\n<p><span class=\"Maiuscoletto\">Totale Dare e Avere<\/span><\/p>\n<p>In fondo alla maschera sono presenti tre totali che mostrano, nell\u2019ordine, l\u2019imposta complessiva e le somme delle due sezioni della partita doppia calcolate dal programma. A questo punto \u00e8 possibile premere il pulsante Salva per memorizzare l\u2019intera registrazione a patto che i due importi coincidano. Se i totali non dovessero corrispondere, viene emesso un messaggio che impedisce di proseguire sino all\u2019eliminazione dell\u2019incongruenza o fino all\u2019annullamento del movimento.<\/p>\n<p>Tool tip: \u00e8 possibile, nel caso di pagamento tramite conto corrente dell\u2019intero importo dell\u2019operazione, salvare i dati immessi con il tasto \u201cSalva tutto\u201d, presente sulla destra della sezione AVERE, senza quindi compilare la sezione DARE. Questa facilitazione, da utilizzare soltanto con questa modalit\u00e0 di riscossione, consente una velocizzazione dell\u2019intera operazione di registrazione dei movimenti contabili.<\/p>\n<h2 class=\"Titolo2\"><\/h2>\n<p>&nbsp;<\/p>\n<h3 class=\"Titolo2\">Contributi e sovvenzioni<\/h3>\n<p>Si registrano le somme ricevute dall\u2019azienda sia in conto capitale che in conto esercizio relativi alla riscossione sia degli Aiuti UE alla produzione (I Pilastro) e allo sviluppo rurale (II Pilastro) che degli Aiuti di Stato (compresi regionali e locali).<\/p>\n<p><span class=\"Maiuscoletto\">tipo di aiuto<\/span><\/p>\n<p>Permette di scegliere la tipologia del contributo in conto esercizio o in conto capitale.<\/p>\n<p>&nbsp;<\/p>\n<p><span class=\"Maiuscoletto\">Contributo<\/span><\/p>\n<p>Una volta scelto il tipo di aiuto verr\u00e0 attivata la maschera specifica per la sua registrazione nella quale figureranno i campi opportuni differenti a seconda della scelta operata.<\/p>\n<p>&nbsp;<\/p>\n<p><span class=\"Maiuscoletto\">Regione pertinenza<\/span><\/p>\n<p>Si attiva solo per la registrazione dei contributi regionale e locali.<\/p>\n<p>&nbsp;<\/p>\n<p><span class=\"Maiuscoletto\">Categoria<\/span><\/p>\n<p>Usufruendo dell\u2019elenco preimpostato si seleziona la categoria a cui si riferisce il contributo da registrare.<\/p>\n<p>&nbsp;<\/p>\n<p><span class=\"Maiuscoletto\">Aiuto<\/span><\/p>\n<p>Il campo aiuto identifica nello specifico l\u2019oggetto del contributo.<\/p>\n<p>&nbsp;<\/p>\n<p><span class=\"Maiuscoletto\">Descrizione<\/span><\/p>\n<p>La descrizione permette una specificazione particolare da attribuire all\u2019aiuto.<\/p>\n<p>&nbsp;<\/p>\n<p><span class=\"Maiuscoletto\">Progetto integrato<\/span><\/p>\n<p>Il campo pu\u00f2 essere selezionato se la misura per cui l\u2019azienda ha ricevuto il premio fa parte di un progetto integrato previsto dal PSR.<\/p>\n<p>&nbsp;<\/p>\n<p><span class=\"Maiuscoletto\">Pacchetto misure<\/span><\/p>\n<p>Il campo pu\u00f2 essere selezionato se la misura per cui l\u2019azienda ha ricevuto il premio fa parte di un pacchetto misure previsto dal PSR.<\/p>\n<p>&nbsp;<\/p>\n<p><span class=\"Maiuscoletto\">Durata investimento<\/span><\/p>\n<p>Si deve indicare il numero di anni previsto per l\u2019investimento, ci\u00f2 determina l\u2019imputazione del ricavo a ciascun esercizio del periodo indicato.<\/p>\n<p>&nbsp;<\/p>\n<p>&nbsp;<\/p>\n<h3 class=\"Titolo2\">Conferimenti a cooperative<\/h3>\n<p>Si tratta di un fatto gestionale frequente in agricoltura con il quale il socio di una cooperativa trasferisce la sua produzione all\u2019impresa cooperativa che si occuper\u00e0 di trasformarla e di commercializzarla.<\/p>\n<p>Solitamente, al momento della cessione del prodotto non \u00e8 stato ancora fissato un prezzo di vendita in quanto questo sar\u00e0 stabilito al momento della commercializzazione. Ci\u00f2 nonostante occorre rilevare l\u2019uscita del prodotto dall\u2019azienda sotto forma di conferimento stimandone il valore che sar\u00e0 eventualmente rettificato al momento dell\u2019emissione della definitiva fattura di vendita.<\/p>\n<p>Questi due momenti della gestione (conferimento e fatturazione) sono entrambi rilevabili attraverso questa causale dell\u2019albero di navigazione. Eventuali crediti verso cooperative presenti al momento dell\u2019impianto della contabilit\u00e0 vanno invece inseriti nell\u2019inventario iniziale.<\/p>\n<p>Come di consueto prima di procedere con lo sviluppo di un esempio, si riportano qui di seguito le principali informazioni presenti nella maschera.<\/p>\n<p><span class=\"Maiuscoletto\">Operazione<\/span><\/p>\n<p>L\u2019elenco \u00e8 composto da due voci. Con la prima (Prodotti conferiti a cooperativa) si rileva il momento dell\u2019uscita del prodotto aziendale; con la seconda (Emissione fatture per conferimenti) la formalizzazione del documento contabile da effettuarsi ogni qual volta avviene il pagamento parziale o totale del prodotto conferito.<\/p>\n<p>&nbsp;<\/p>\n<p><span class=\"Maiuscoletto\">Modalit\u00e0 di riscossione<\/span><\/p>\n<p>E\u2019 prevista un\u2019unica modalit\u00e0 nel caso di prodotti conferiti (Conferimenti da fatturare) mentre appaiono le consuete voci all\u2019atto dell\u2019emissione della fattura.<\/p>\n<p>&nbsp;<\/p>\n<p>&nbsp;<\/p>\n<h3 class=\"Titolo2\">Incasso crediti<\/h3>\n<p>Questa categoria di registrazioni accoglie la movimentazione finanziaria di fatti gestionali gi\u00e0 avvenuti e contabilizzati. Il caso pi\u00f9 frequente \u00e8 la vendita con riscossione differita del pagamento, per cui al momento dell\u2019incasso del credito occorre effettuare la corrispondente rilevazione contabile.<\/p>\n<p>Lo schema che segue riepiloga le scelte che l\u2019utente pu\u00f2 fare selezionando la voce <span class=\"Maiuscoletto\">Incasso crediti<\/span> dell\u2019albero di navigazione:<\/p>\n<ul>\n<li><b>Incasso crediti<\/b>\n<ul style=\"list-style-type: square;\">\n<li>Incasso crediti da clienti\n<ul style=\"list-style-type: circle;\">\n<li>Crediti verso clienti<\/li>\n<li>Cambiali attive<\/li>\n<li>Interessi attivi verso clienti<\/li>\n<li>Sopravvenienze e proventi attivi<\/li>\n<li>Proventi finanziari diversi\n<ul style=\"list-style-type: square;\">\n<li>Proventi v\/altri<\/li>\n<\/ul>\n<\/li>\n<\/ul>\n<\/li>\n<li>Incasso altri crediti\n<ul>\n<li>Crediti PAC e altri aiuti pubblici<\/li>\n<li>Crediti per aiuti pubblici (OCM)<\/li>\n<li>Crediti per aiuti pubblici (politiche strutturali)<\/li>\n<li>Crediti per aiuti pubblici (diversi)<\/li>\n<li>Crediti verso dipendenti<\/li>\n<li>Crediti verso altri<\/li>\n<li>Crediti tributari e previdenziali<\/li>\n<li>Erario c\/IVA agricoltura<\/li>\n<li>Erario c\/IVA agriturismo<\/li>\n<li>Cauzioni attive<\/li>\n<li>Interessi attivi bancari e finanziari<\/li>\n<li>Altri interessi attivi<\/li>\n<li>Sopravvenienze e proventi attivi<\/li>\n<\/ul>\n<\/li>\n<\/ul>\n<\/li>\n<\/ul>\n<p>&nbsp;<\/p>\n<p>Sotto il profilo contabile questa categoria di registrazioni pu\u00f2 essere suddivisa in tre gruppi:<\/p>\n<p style=\"padding-left: 30px;\">&gt; riscossione di crediti o titoli assimilabili (es. cambiali);<\/p>\n<p style=\"padding-left: 30px;\">&gt; rilevazione di interessi attivi o altri proventi finanziari;<\/p>\n<p style=\"padding-left: 30px;\">&gt; rilevazione di sopravvenienze o altri proventi.<\/p>\n<p>Il primo gruppo presuppone che sia gi\u00e0 avvenuta la rilevazione del credito e che quindi sia gi\u00e0 presente negli archivi anagrafici l\u2019importo del credito da riscuotere (es. il credito verso un certo cliente per una determinata fattura). In questo aggregato sono compresi anche i crediti connessi ai pagamenti degli aiuti concessi dalle politiche agricole (es. credito derivante dalla riscossione differita di un aiuto pubblico).<\/p>\n<p>Il secondo gruppo riguarda la contabilizzazione dei ricavi derivanti dalla gestione finanziaria tra i quali gli interessi attivi bancari.<\/p>\n<p>Infine il terzo gruppo comprende sempre dei ricavi ma questa volta collegati alla gestione straordinaria del credito stesso.<\/p>\n<p>Si seguito vengono riportati le informazioni richieste per la compilazione della maschera, ad esclusione di quelle gi\u00e0 descritte nel paragrafo precedente.<\/p>\n<p><span class=\"Maiuscoletto\">Operazione<\/span><\/p>\n<p>Attiva la scelta tra l\u2019incasso crediti verso clienti o l\u2019incasso di altri crediti.<\/p>\n<p>&nbsp;<\/p>\n<p><span class=\"Maiuscoletto\">Tipo di credito<\/span><\/p>\n<p>Mostra l\u2019elenco delle voci di dettaglio che derivano dalla selezione effettuata nel campo Operazione.<\/p>\n<p>&nbsp;<\/p>\n<p><span class=\"Maiuscoletto\">Credito<\/span><\/p>\n<p>Questo campo appare solo se viene prima selezionata una voce di credito e visualizza i riferimenti presenti nell\u2019archivio anagrafico precedentemente inseriti in fase di inventario o al momento dell\u2019accensione del credito.<\/p>\n<p>&nbsp;<\/p>\n<p><span class=\"Maiuscoletto\">Modalit\u00e0 di riscossione<\/span><\/p>\n<p>In tale finestra si effettuano le registrazioni di tipo pi\u00f9 strettamente finanziario connesse all\u2019incasso rilevato. Oltre alle consuete voci di cassa e conti correnti possono apparire altre modalit\u00e0 in relazione alla tipologia di rilevazione che l\u2019utente ha selezionato scorrendo gli elenchi Operazione e Tipo di credito.<\/p>\n<p>&nbsp;<\/p>\n<p>&nbsp;<\/p>\n<h3 class=\"Titolo2\">Accensione debiti<\/h3>\n<p>La selezione di questa voce dall\u2019albero di navigazione consente di rilevare contabilmente la concessione di finanziamenti per le attivit\u00e0 aziendali da parte di banche o altri istituti di credito.<\/p>\n<p>Una volta scelto il tipo di debito si dovr\u00e0 inserire l\u2019anagrafica dello stesso mediante il richiamo della maschera di inventario, della quale abbiamo gi\u00e0 riportato la sua descrizione nel capitolo C2.<\/p>\n<p>&nbsp;<\/p>\n<\/div>","protected":false},"excerpt":{"rendered":"<p>Entrate &#8211; Ricavi Ricavi da vendita e affitti Questa voce dell\u2019albero contiene tutte le registrazioni derivanti dalle operazioni di vendita di prodotti, servizi, beni materiali ed immateriali patrimoniali. Essa consente di inserire tutte le informazioni derivanti dalla cessione da parte dell\u2019azienda di un bene e\/o servizio. In particolare, tale sezione permette di archiviare informazioni relative:&hellip; <a href=\"https:\/\/rica.crea.gov.it\/APP\/documentazione\/?page_id=1310\">Continue reading <span class=\"meta-nav\">&rarr;<\/span><\/a><\/p>\n","protected":false},"author":1,"featured_media":0,"parent":199,"menu_order":0,"comment_status":"closed","ping_status":"closed","template":"","meta":{"footnotes":""},"tags":[],"class_list":["post-1310","page","type-page","status-publish","hentry"],"_links":{"self":[{"href":"https:\/\/rica.crea.gov.it\/APP\/documentazione\/index.php?rest_route=\/wp\/v2\/pages\/1310","targetHints":{"allow":["GET"]}}],"collection":[{"href":"https:\/\/rica.crea.gov.it\/APP\/documentazione\/index.php?rest_route=\/wp\/v2\/pages"}],"about":[{"href":"https:\/\/rica.crea.gov.it\/APP\/documentazione\/index.php?rest_route=\/wp\/v2\/types\/page"}],"author":[{"embeddable":true,"href":"https:\/\/rica.crea.gov.it\/APP\/documentazione\/index.php?rest_route=\/wp\/v2\/users\/1"}],"replies":[{"embeddable":true,"href":"https:\/\/rica.crea.gov.it\/APP\/documentazione\/index.php?rest_route=%2Fwp%2Fv2%2Fcomments&post=1310"}],"version-history":[{"count":2,"href":"https:\/\/rica.crea.gov.it\/APP\/documentazione\/index.php?rest_route=\/wp\/v2\/pages\/1310\/revisions"}],"predecessor-version":[{"id":1314,"href":"https:\/\/rica.crea.gov.it\/APP\/documentazione\/index.php?rest_route=\/wp\/v2\/pages\/1310\/revisions\/1314"}],"up":[{"embeddable":true,"href":"https:\/\/rica.crea.gov.it\/APP\/documentazione\/index.php?rest_route=\/wp\/v2\/pages\/199"}],"wp:attachment":[{"href":"https:\/\/rica.crea.gov.it\/APP\/documentazione\/index.php?rest_route=%2Fwp%2Fv2%2Fmedia&parent=1310"}],"wp:term":[{"taxonomy":"post_tag","embeddable":true,"href":"https:\/\/rica.crea.gov.it\/APP\/documentazione\/index.php?rest_route=%2Fwp%2Fv2%2Ftags&post=1310"}],"curies":[{"name":"wp","href":"https:\/\/api.w.org\/{rel}","templated":true}]}}