{"id":2174,"date":"2013-10-03T09:11:01","date_gmt":"2013-10-03T09:11:01","guid":{"rendered":"http:\/\/rica.crea.gov.it\/documentazione\/?page_id=2174"},"modified":"2013-10-03T09:11:41","modified_gmt":"2013-10-03T09:11:41","slug":"2-2-accesso-al-sistema","status":"publish","type":"page","link":"https:\/\/rica.crea.gov.it\/APP\/documentazione\/?page_id=2174","title":{"rendered":"2.2 Accesso al sistema"},"content":{"rendered":"<div class=\"pf-content\"><p align=\"JUSTIFY\">Class.CE \u00e8 raggiungibile sia digitando la stringa di connessione <a href=\"http:\/\/rica.crea.gov.it\/classce\">rica.crea.gov.it\/classce<\/a> (con i caratteri tutti minuscoli) nella barra dei collegamenti del proprio browser, sia cliccando sui banner presenti nel box degli strumenti e dei servizi del sito RICA (<a href=\"http:\/\/rica.crea.gov.it\">rica.crea.gov.it<\/a>) e del sito GAIA (<a href=\"http:\/\/www.gaia.inea.it\">www.gaia.inea.it<\/a>).<\/p>\n<p align=\"JUSTIFY\">Per il funzionamento non \u00e8 richiesta l\u2019istallazione di particolari controlli aggiuntivi (activeX, Applet Java, ecc.) al proprio programma di navigazione, purch\u00e9 esso sia di ultima generazione (Chrome, FireFox, Explorer, Safari, ecc.) ed aggiornato all\u2019ultima versione disponibile. Per una corretta visualizzazione delle pagine del programma \u00e8 consigliabile utilizzare una risoluzione video a 1024&#215;768. Class.CE pu\u00f2 essere utilizzato anche su monitor di piccole dimensioni come ad esempio gli schermi da 10 pollici dei net-book o addirittura di 5 pollici dei smartphone e palmari.<\/p>\n<p align=\"JUSTIFY\">Per l\u2019accesso alla procedura online di classificazione, \u00e8 necessario effettuare preventivamente la registrazione cliccando sul comando \u201c<b>CLICCA QUI<\/b>\u201d posto sotto la riga \u201c<i>Se non sei ancora registrato<\/i>\u201d. Gli utenti che sono gi\u00e0 registrati sul sito GAIA possono accedere a Class.CE utilizzando la stessa username e password impiegata per accedere alla sezione di Assistenza tecnica del sito del programma.<\/p>\n<p align=\"JUSTIFY\">La procedura di registrazione, da effettuarsi esclusivamente al primo accesso alla procedura, avviene attraverso la compilazione del modulo elettronico illustrato nella figura seguente. \u00c8 richiesto l\u2019inserimento obbligatorio delle seguenti informazioni anagrafiche personali:<\/p>\n<ul>\n<li>\n<p align=\"JUSTIFY\"><b>Nome<\/b><\/p>\n<\/li>\n<li>\n<p align=\"JUSTIFY\"><b>Cognome<\/b><\/p>\n<\/li>\n<li>\n<p align=\"JUSTIFY\"><b>Indirizzo e-mail<\/b><\/p>\n<\/li>\n<li>\n<p align=\"JUSTIFY\"><b>Telefono<\/b><\/p>\n<\/li>\n<li>\n<p align=\"JUSTIFY\"><b>Username<\/b><\/p>\n<\/li>\n<li>\n<p align=\"JUSTIFY\"><b>Password<\/b><\/p>\n<\/li>\n<li>\n<p align=\"JUSTIFY\"><b>Regione di riferimento<\/b><\/p>\n<\/li>\n<li>\n<p align=\"JUSTIFY\"><b>Tipo utente<\/b><\/p>\n<\/li>\n<\/ul>\n<p align=\"JUSTIFY\">Il mancato inserimento delle informazioni richieste all\u2019interno del modulo, viene segnalato da specifici messaggi di errore.<\/p>\n<figure id=\"attachment_2175\" class=\"wp-caption thumbnail alignnone\" style=\"width: 777px;\">\r\n\t\t\t\t<a class=\"\" href=\"http:\/\/rica.crea.gov.it\/documentazione\/wp-content\/uploads\/2013\/10\/modulo-reg-classce.png\"><img loading=\"lazy\" decoding=\"async\" class=\"size-full wp-image-2175\" alt=\"modulo reg classce\" src=\"http:\/\/rica.crea.gov.it\/documentazione\/wp-content\/uploads\/2013\/10\/modulo-reg-classce.png\" width=\"777\" height=\"699\" srcset=\"https:\/\/rica.crea.gov.it\/APP\/documentazione\/wp-content\/uploads\/2013\/10\/modulo-reg-classce.png 777w, https:\/\/rica.crea.gov.it\/APP\/documentazione\/wp-content\/uploads\/2013\/10\/modulo-reg-classce-300x269.png 300w\" sizes=\"auto, (max-width: 777px) 100vw, 777px\" \/><\/a>\r\n\t\t\t\t<figcaption class=\"wp-caption-text\">Modulo di registrazione<\/figcaption>\r\n\t\t\t<\/figure>\n<p>&nbsp;<\/p>\n<p align=\"JUSTIFY\">Occorre assicurarsi di aver digitato correttamente l\u2019indirizzo di posta elettronica. La procedura di registrazione termina il suo ciclo solo con la risposta affermativa al messaggio email pervenuto all\u2019indirizzo indicato; se l\u2019indirizzo non \u00e8 corretto l\u2019utente non viene attivato e non pu\u00f2 accedere alla procedura. Se per qualche motivo un utente deve registrarsi con due account diversi (ad esempio un account come rilevatore e un altro come utente non RICA), occorre utilizzare due indirizzi di posta elettronica diversi. Al momento del salvataggio la procedura verifica che non vi sia un altro utente gi\u00e0 registrato con lo stesso indirizzo di posta elettronica. La e-mail pu\u00f2 essere comunque modificata successivamente a condizione che non si tenti di salvare un email gi\u00e0 presente nel database.<\/p>\n<p align=\"JUSTIFY\">Il numero di telefono \u00e8 utile nel caso in cui non sia possibile risolvere eventuali questioni poste nell\u2019area Assistenza del sito di GAIA oppure per ottenere chiarimenti urgenti; pu\u00f2 essere indicato sia il numero di telefono fisso che quello mobile, oppure entrambi separati dal punto e virgola.<\/p>\n<p align=\"JUSTIFY\">La username, cos\u00ec come avviene per il profilo e la regione di riferimento, non pu\u00f2 essere pi\u00f9 modificata una volta completata la registrazione, la password pu\u00f2 essere modificata in qualsiasi momento. Nel caso in cui venisse smarrita \u00e8 possibile recuperarla attraverso lo specifico comando posto nell\u2019area di accesso a Class.CE.<\/p>\n<p class=\"Riquadro\" align=\"JUSTIFY\"><span style=\"font-family: Verdana, serif;\">L\u2019indicazione della <\/span><b style=\"font-family: Verdana, serif;\">regione di riferimento<\/b><span style=\"font-family: Verdana, serif;\"> \u00e8 fondamentale per gli <\/span><i style=\"font-family: Verdana, serif;\"><b>utenti della rete RICA<\/b><\/i><span style=\"font-family: Verdana, serif;\">, che vengono cos\u00ec abbinati alla corrispondente sede regionale dell\u2019INEA. La sede indicata nel modulo di registrazione non condiziona la classificazione delle aziende; ossia l\u2019utente pu\u00f2 registrare e classificare qualsiasi azienda indipendentemente dalla regione dove \u00e8 ubicata. Per questo aspetto gli utenti della rete RICA devono comunque attenersi alle indicazioni fornite dalla sede regionale INEA di competenza.<\/span><\/p>\n<p align=\"JUSTIFY\">\n<p align=\"JUSTIFY\">La tipologia di utente , che ne determina il relativo profilo, deve essere scelta tra le possibili opzioni qui di seguito elencate:<\/p>\n<ul>\n<li>\n<p align=\"JUSTIFY\">Rilevatore RICA<\/p>\n<\/li>\n<li>\n<p align=\"JUSTIFY\">Imprenditore agricolo<\/p>\n<\/li>\n<li>\n<p align=\"JUSTIFY\">Libero professionista, operatore servizi consulenza<\/p>\n<\/li>\n<li>\n<p align=\"JUSTIFY\">Funzionario pubblico<\/p>\n<\/li>\n<li>\n<p align=\"JUSTIFY\">Ente agricolo regionale (OOPPAA, Associazioni)<\/p>\n<\/li>\n<li>\n<p align=\"JUSTIFY\">Ricerca &#8212; Formazione<\/p>\n<\/li>\n<li>\n<p align=\"JUSTIFY\">Studente<\/p>\n<\/li>\n<li>\n<p align=\"JUSTIFY\">Altro<\/p>\n<\/li>\n<\/ul>\n<p align=\"JUSTIFY\">Il profilo \u201crilevatore RICA\u201d deve essere utilizzato non solo dai rilevatori incaricati direttamente dall\u2019INEA con contratti di collaborazione, ma anche dalle persone fisiche che rilevano i dati contabili RICA-REA con il programma GAIA o con il questionario REA-Istat per conto di un Ente, Organizzazione professionale, Agenzia di Sviluppo Agricolo o Studio professionale, che a loro volta hanno un accordo oneroso con INEA per le rilevazioni contabili. L\u2019utente con profilo \u201cRilevatore RICA\u201d deve essere inoltre utilizzata dai dipendenti e dai collaboratori INEA regionali e nazionali che vogliono accedere alla procedura sia per attivit\u00e0 di gestione della rete contabile che di ricerca e studio.<\/p>\n<p align=\"JUSTIFY\">L\u2019attivazione o la modifica di uno dei profili di \u201c<i>coordinatore rete RICA<\/i> \u2026\u201d, indicati nel capitolo introduttivo di questa guida, viene eseguita esclusivamente dall\u2019amministratore del sistema su indicazione del responsabile RICA nazionale. Anche l\u2019eventuale passaggio di profilo, ad esempio da rilevatore ad altro tipo di utente o viceversa, pu\u00f2 essere effettuato esclusivamente dall\u2019amministratore del sistema.<\/p>\n<p align=\"JUSTIFY\">Alcuni dati personali indicati nel modulo di registrazione potranno essere modificati in qualsiasi momento; \u00e8 sufficiente, una volta loggati, cliccare sul comando \u201c<b>Modifica dati personali<\/b>\u201d del menu principale del pannello di controllo. L\u2019accesso alla procedura \u00e8 controllato: si pu\u00f2 accedere al sistema con una singola istanza per volta, non \u00e8 possibile pertanto loggarsi contemporaneamente con lo stesso account.<\/p>\n<\/div>","protected":false},"excerpt":{"rendered":"<p>Class.CE \u00e8 raggiungibile sia digitando la stringa di connessione rica.crea.gov.it\/classce (con i caratteri tutti minuscoli) nella barra dei collegamenti del proprio browser, sia cliccando sui banner presenti nel box degli strumenti e dei servizi del sito RICA (rica.crea.gov.it) e del sito GAIA (www.gaia.inea.it). Per il funzionamento non \u00e8 richiesta l\u2019istallazione di particolari controlli aggiuntivi (activeX,&hellip; <a href=\"https:\/\/rica.crea.gov.it\/APP\/documentazione\/?page_id=2174\">Continue reading <span class=\"meta-nav\">&rarr;<\/span><\/a><\/p>\n","protected":false},"author":1,"featured_media":0,"parent":835,"menu_order":0,"comment_status":"closed","ping_status":"closed","template":"","meta":{"footnotes":""},"tags":[94,196],"class_list":["post-2174","page","type-page","status-publish","hentry","tag-classce","tag-registrazione-classce"],"_links":{"self":[{"href":"https:\/\/rica.crea.gov.it\/APP\/documentazione\/index.php?rest_route=\/wp\/v2\/pages\/2174","targetHints":{"allow":["GET"]}}],"collection":[{"href":"https:\/\/rica.crea.gov.it\/APP\/documentazione\/index.php?rest_route=\/wp\/v2\/pages"}],"about":[{"href":"https:\/\/rica.crea.gov.it\/APP\/documentazione\/index.php?rest_route=\/wp\/v2\/types\/page"}],"author":[{"embeddable":true,"href":"https:\/\/rica.crea.gov.it\/APP\/documentazione\/index.php?rest_route=\/wp\/v2\/users\/1"}],"replies":[{"embeddable":true,"href":"https:\/\/rica.crea.gov.it\/APP\/documentazione\/index.php?rest_route=%2Fwp%2Fv2%2Fcomments&post=2174"}],"version-history":[{"count":3,"href":"https:\/\/rica.crea.gov.it\/APP\/documentazione\/index.php?rest_route=\/wp\/v2\/pages\/2174\/revisions"}],"predecessor-version":[{"id":2178,"href":"https:\/\/rica.crea.gov.it\/APP\/documentazione\/index.php?rest_route=\/wp\/v2\/pages\/2174\/revisions\/2178"}],"up":[{"embeddable":true,"href":"https:\/\/rica.crea.gov.it\/APP\/documentazione\/index.php?rest_route=\/wp\/v2\/pages\/835"}],"wp:attachment":[{"href":"https:\/\/rica.crea.gov.it\/APP\/documentazione\/index.php?rest_route=%2Fwp%2Fv2%2Fmedia&parent=2174"}],"wp:term":[{"taxonomy":"post_tag","embeddable":true,"href":"https:\/\/rica.crea.gov.it\/APP\/documentazione\/index.php?rest_route=%2Fwp%2Fv2%2Ftags&post=2174"}],"curies":[{"name":"wp","href":"https:\/\/api.w.org\/{rel}","templated":true}]}}