{"id":2240,"date":"2013-10-11T10:41:24","date_gmt":"2013-10-11T10:41:24","guid":{"rendered":"http:\/\/rica.crea.gov.it\/documentazione\/?page_id=2240"},"modified":"2013-10-11T10:41:24","modified_gmt":"2013-10-11T10:41:24","slug":"2-8-importazione-gaia","status":"publish","type":"page","link":"https:\/\/rica.crea.gov.it\/APP\/documentazione\/?page_id=2240","title":{"rendered":"2.8 Importazione da GAIA"},"content":{"rendered":"<div class=\"pf-content\"><p align=\"JUSTIFY\"><i>Il modulo per l\u2019importazione dei dati tipologici da GAIA \u00e8 accessibile ai soli utenti con profilo \u201cRICA regionale\u201d.<\/i><\/p>\n<p align=\"JUSTIFY\">In GAIA \u00e8 possibile esportare le sole aziende associate ad un utente e con almeno un\u2019attivit\u00e0 produttiva, ossia non possono essere esportate le aziende per le quali non sono state registrate n\u00e9 le superfici agricole n\u00e9 le consistenze degli allevamenti. Queste aziende sono indentificate con OTE \u201cnon classificabili\u201d nella maschera azienda, oppure codice OTE 9999 nella maschere Gestione aziende.<\/p>\n<p align=\"JUSTIFY\"><a class=\"thumbnail\" href=\"http:\/\/rica.crea.gov.it\/documentazione\/wp-content\/uploads\/2013\/10\/classceimportgaia.png\"><img loading=\"lazy\" decoding=\"async\" class=\"alignnone  wp-image-2241\" alt=\"classceimportgaia\" src=\"http:\/\/rica.crea.gov.it\/documentazione\/wp-content\/uploads\/2013\/10\/classceimportgaia.png\" width=\"522\" height=\"373\" srcset=\"https:\/\/rica.crea.gov.it\/APP\/documentazione\/wp-content\/uploads\/2013\/10\/classceimportgaia.png 828w, https:\/\/rica.crea.gov.it\/APP\/documentazione\/wp-content\/uploads\/2013\/10\/classceimportgaia-300x214.png 300w\" sizes=\"auto, (max-width: 522px) 100vw, 522px\" \/><\/a><\/p>\n<p align=\"JUSTIFY\">Per prima cosa occorre selezionare le aziende da esportare cliccando sulla casellina di controllo posta nell\u2019intestazione di riga. La selezione pu\u00f2 essere anche multipla, cliccando sulla prima azienda e trascinando il mouse sulle altre righe, cliccando sull\u2019ultima azienda selezionata (evidenziate con il colore blu) vengono marcate tutte le aziende evidenziate. Ovviamente la ricerca pu\u00f2 essere fatta anche con il supporto dei campi ricerca posti sopra il riquadro dell\u2019elenco aziende.<\/p>\n<p align=\"JUSTIFY\">La funzione di \u201c<b>Esporta ClassCE<\/b>\u201d \u00e8 disponibile per tutti i profili utenti che accedono al programma GAIA, sia utenti amministratori (responsabili e referenti RICA regionali) sia utenti Standard (rilevatori RICA).<\/p>\n<p align=\"JUSTIFY\">Una volta completata la fase di esportazione, viene aperta una finestra di dialogo di Windows dove deve essere indicato il nome de file esportato e la cartella di destinazione, come illustrato nell\u2019immagine successiva.<\/p>\n<p align=\"JUSTIFY\">Il file esportato, in formato .ZIP, \u00e8 protetto da password e pu\u00f2 essere aperto solo dalla procedura Class.CE nella fase di importazione. Se si tenta di zippare ulteriormente il file esportato, Class.CE non \u00e8 in grado di riconoscerlo. Il file pu\u00f2 essere rinominato dopo l\u2019esportazione, senza modificare l\u2019estensione dello stesso (.zip).<\/p>\n<p align=\"JUSTIFY\"><a class=\"thumbnail\" href=\"http:\/\/rica.crea.gov.it\/documentazione\/wp-content\/uploads\/2013\/10\/classceimportgai3a.png\"><img loading=\"lazy\" decoding=\"async\" class=\"alignnone  wp-image-2242\" alt=\"classceimportgai3a\" src=\"http:\/\/rica.crea.gov.it\/documentazione\/wp-content\/uploads\/2013\/10\/classceimportgai3a-1024x623.png\" width=\"539\" height=\"328\" srcset=\"https:\/\/rica.crea.gov.it\/APP\/documentazione\/wp-content\/uploads\/2013\/10\/classceimportgai3a-1024x623.png 1024w, https:\/\/rica.crea.gov.it\/APP\/documentazione\/wp-content\/uploads\/2013\/10\/classceimportgai3a-300x182.png 300w, https:\/\/rica.crea.gov.it\/APP\/documentazione\/wp-content\/uploads\/2013\/10\/classceimportgai3a.png 1099w\" sizes=\"auto, (max-width: 539px) 100vw, 539px\" \/><\/a><\/p>\n<p align=\"JUSTIFY\">Da Class.CE, gli utenti RICA (sia referenti RICA regionali che utenti Rilevatori) accedono alla funzione di importazione dati da GAIA direttamente dal pannello, attraverso il modulo \u201cImportazione GAIA\u201d, come illustrato nell\u2019immagine seguente.<\/p>\n<p align=\"JUSTIFY\"><a class=\"thumbnail\" href=\"http:\/\/rica.crea.gov.it\/documentazione\/wp-content\/uploads\/2013\/10\/asdad.png\"><img loading=\"lazy\" decoding=\"async\" class=\"alignnone size-large wp-image-2243\" alt=\"asdad\" src=\"http:\/\/rica.crea.gov.it\/documentazione\/wp-content\/uploads\/2013\/10\/asdad-1024x351.png\" width=\"770\" height=\"263\" srcset=\"https:\/\/rica.crea.gov.it\/APP\/documentazione\/wp-content\/uploads\/2013\/10\/asdad-1024x351.png 1024w, https:\/\/rica.crea.gov.it\/APP\/documentazione\/wp-content\/uploads\/2013\/10\/asdad-300x102.png 300w, https:\/\/rica.crea.gov.it\/APP\/documentazione\/wp-content\/uploads\/2013\/10\/asdad.png 1676w\" sizes=\"auto, (max-width: 770px) 100vw, 770px\" \/><\/a><\/p>\n<p align=\"JUSTIFY\">Cliccando sul pulsante \u201c<b>Scegli file<\/b>\u201d viene aperta una finestra di dialogo attraverso la quale occorre selezionare il file zip proveniente da GAIA, cercando il percorso della cartella i cui \u00e8 stato copiato o salvato il file .zip. Una volta individuato il file, confermando nella finestra di dialogo il file individuato, nella casella posto a lato del pulsante \u201cScegli file\u201d viene visualizzato il nome del file da importare. Per avviare la fase finale di importazione occorre cliccare sul pulsante <b>IMPORTA<\/b>, posto in basso a sinistra.<\/p>\n<p align=\"JUSTIFY\">La durata dell\u2019importazione dipende dal numero di aziende esportate da GAIA. Nella parte superiore dello schermo \u00e8 sempre presente l\u2019indicatore dello stato di avanzamento dell\u2019importazione:<\/p>\n<p style=\"text-align: center;\" align=\"JUSTIFY\"><a class=\"thumbnail\" href=\"http:\/\/rica.crea.gov.it\/documentazione\/wp-content\/uploads\/2013\/10\/asdddd.png\"><img loading=\"lazy\" decoding=\"async\" class=\"size-full wp-image-2244 aligncenter\" alt=\"asdddd\" src=\"http:\/\/rica.crea.gov.it\/documentazione\/wp-content\/uploads\/2013\/10\/asdddd.png\" width=\"258\" height=\"123\" \/><\/a><\/p>\n<p align=\"JUSTIFY\">Man mano che le aziende vengono caricate, queste sono visualizzate a video nella parte centrale dello schermo:<\/p>\n<p align=\"JUSTIFY\"><a class=\"thumbnail\" href=\"http:\/\/rica.crea.gov.it\/documentazione\/wp-content\/uploads\/2013\/10\/caca.png\"><img loading=\"lazy\" decoding=\"async\" class=\"alignnone size-full wp-image-2245\" alt=\"caca\" src=\"http:\/\/rica.crea.gov.it\/documentazione\/wp-content\/uploads\/2013\/10\/caca.png\" width=\"634\" height=\"275\" srcset=\"https:\/\/rica.crea.gov.it\/APP\/documentazione\/wp-content\/uploads\/2013\/10\/caca.png 634w, https:\/\/rica.crea.gov.it\/APP\/documentazione\/wp-content\/uploads\/2013\/10\/caca-300x130.png 300w\" sizes=\"auto, (max-width: 634px) 100vw, 634px\" \/><\/a><\/p>\n<p align=\"JUSTIFY\">La colonna \u201c<b>Stato<\/b>\u201d mostra l\u2019esito dell\u2019importazione (un check verde se non ci sono stati errori, una croce rossa in caso contrario).<\/p>\n<p align=\"JUSTIFY\">La colonna \u201c<b>Note<\/b>\u201d, nel caso di un\u2019azienda importata senza errori, indica se l\u2019azienda \u00e8 stata inserita ex-novo oppure se sono stati aggiornati i dati dell\u2019azienda gi\u00e0 presente in Class.CE. Nel caso in cui l\u2019importazione dell\u2019azienda ha generato un errore, nella colonna viene mostrato il dettaglio dell\u2019errore.<\/p>\n<p align=\"JUSTIFY\">A fine importazione appare un messaggio di conferma, con la possibilit\u00e0 di scaricare il file log relativo alle singole aziende importate:<\/p>\n<p style=\"text-align: center;\" align=\"JUSTIFY\"><a class=\"thumbnail\" href=\"http:\/\/rica.crea.gov.it\/documentazione\/wp-content\/uploads\/2013\/10\/classce233.png\"><img loading=\"lazy\" decoding=\"async\" class=\"size-full wp-image-2246 aligncenter\" alt=\"classce233\" src=\"http:\/\/rica.crea.gov.it\/documentazione\/wp-content\/uploads\/2013\/10\/classce233.png\" width=\"236\" height=\"27\" \/><\/a><\/p>\n<p style=\"text-align: center;\" align=\"JUSTIFY\">\n<p align=\"JUSTIFY\">Nel caso in cui si sono verificati degli errori, compare un ulteriore messaggio:<\/p>\n<p style=\"text-align: center;\" align=\"JUSTIFY\"><a class=\"thumbnail\" href=\"http:\/\/rica.crea.gov.it\/documentazione\/wp-content\/uploads\/2013\/10\/classsce23443.png\"><img loading=\"lazy\" decoding=\"async\" class=\"size-full wp-image-2247 aligncenter\" alt=\"classsce23443\" src=\"http:\/\/rica.crea.gov.it\/documentazione\/wp-content\/uploads\/2013\/10\/classsce23443.png\" width=\"705\" height=\"39\" srcset=\"https:\/\/rica.crea.gov.it\/APP\/documentazione\/wp-content\/uploads\/2013\/10\/classsce23443.png 705w, https:\/\/rica.crea.gov.it\/APP\/documentazione\/wp-content\/uploads\/2013\/10\/classsce23443-300x16.png 300w\" sizes=\"auto, (max-width: 705px) 100vw, 705px\" \/><\/a><\/p>\n<p align=\"JUSTIFY\">In questo caso consigliamo di scaricare il file log per esaminare nel dettaglio le aziende che non sono state importate ed eventualmente correggere i dati su GAIA e ripetere l\u2019importazione.<\/p>\n<p align=\"JUSTIFY\">\n<\/div>","protected":false},"excerpt":{"rendered":"<p>Il modulo per l\u2019importazione dei dati tipologici da GAIA \u00e8 accessibile ai soli utenti con profilo \u201cRICA regionale\u201d. In GAIA \u00e8 possibile esportare le sole aziende associate ad un utente e con almeno un\u2019attivit\u00e0 produttiva, ossia non possono essere esportate le aziende per le quali non sono state registrate n\u00e9 le superfici agricole n\u00e9 le&hellip; <a href=\"https:\/\/rica.crea.gov.it\/APP\/documentazione\/?page_id=2240\">Continue reading <span class=\"meta-nav\">&rarr;<\/span><\/a><\/p>\n","protected":false},"author":1,"featured_media":0,"parent":835,"menu_order":0,"comment_status":"closed","ping_status":"closed","template":"","meta":{"footnotes":""},"tags":[94,203,202],"class_list":["post-2240","page","type-page","status-publish","hentry","tag-classce","tag-gaia-codici","tag-importazione-gaia"],"_links":{"self":[{"href":"https:\/\/rica.crea.gov.it\/APP\/documentazione\/index.php?rest_route=\/wp\/v2\/pages\/2240","targetHints":{"allow":["GET"]}}],"collection":[{"href":"https:\/\/rica.crea.gov.it\/APP\/documentazione\/index.php?rest_route=\/wp\/v2\/pages"}],"about":[{"href":"https:\/\/rica.crea.gov.it\/APP\/documentazione\/index.php?rest_route=\/wp\/v2\/types\/page"}],"author":[{"embeddable":true,"href":"https:\/\/rica.crea.gov.it\/APP\/documentazione\/index.php?rest_route=\/wp\/v2\/users\/1"}],"replies":[{"embeddable":true,"href":"https:\/\/rica.crea.gov.it\/APP\/documentazione\/index.php?rest_route=%2Fwp%2Fv2%2Fcomments&post=2240"}],"version-history":[{"count":1,"href":"https:\/\/rica.crea.gov.it\/APP\/documentazione\/index.php?rest_route=\/wp\/v2\/pages\/2240\/revisions"}],"predecessor-version":[{"id":2248,"href":"https:\/\/rica.crea.gov.it\/APP\/documentazione\/index.php?rest_route=\/wp\/v2\/pages\/2240\/revisions\/2248"}],"up":[{"embeddable":true,"href":"https:\/\/rica.crea.gov.it\/APP\/documentazione\/index.php?rest_route=\/wp\/v2\/pages\/835"}],"wp:attachment":[{"href":"https:\/\/rica.crea.gov.it\/APP\/documentazione\/index.php?rest_route=%2Fwp%2Fv2%2Fmedia&parent=2240"}],"wp:term":[{"taxonomy":"post_tag","embeddable":true,"href":"https:\/\/rica.crea.gov.it\/APP\/documentazione\/index.php?rest_route=%2Fwp%2Fv2%2Ftags&post=2240"}],"curies":[{"name":"wp","href":"https:\/\/api.w.org\/{rel}","templated":true}]}}