{"id":226,"date":"2012-09-05T10:32:43","date_gmt":"2012-09-05T10:32:43","guid":{"rendered":"http:\/\/rica.crea.gov.it\/documentazione\/?page_id=226"},"modified":"2013-03-29T14:41:41","modified_gmt":"2013-03-29T14:41:41","slug":"d4-il-fascicolo-aziendale","status":"publish","type":"page","link":"https:\/\/rica.crea.gov.it\/APP\/documentazione\/?page_id=226","title":{"rendered":"D4. Il fascicolo aziendale"},"content":{"rendered":"<div class=\"pf-content\"><p style=\"text-align: justify;\">Il fascicolo aziendale raccoglie e rielabora le informazioni di tipo strutturale e gestionale dell\u2019azienda, con la finalit\u00e0 di offrire una visione complessiva dell\u2019azienda stessa, relativamente all\u2019esercizio contabile oggetto di rilevazione. I risultati economici sono invece analizzati nel bilancio e nei relativi indici.<\/p>\n<p style=\"text-align: justify;\">Nel fascicolo aziendale alcune delle informazioni raccolte nelle singole maschere del software sono rielaborate e presentate in maniera aggregata. Le diverse informazioni, che per necessit\u00e0 metodologica e funzionale sono raccolte in maschere differenti e in diversi momenti, vengono sintetizzate\u00a0 e raggruppate nel fascicolo aziendale. I fascicoli aziendali consultabili sono: <i>Dati caratteristici; Terreni agricoli, forestali e tare; Riparto superficie utilizzata (SAU); Meccanizzazione; Immobili dei centri aziendali; Manodopera; Magazzino; Irrigazione; Allevamenti<\/i>.<\/p>\n<p style=\"text-align: justify;\">Dalla\u00a0 maschera del fascicolo aziendale \u00e8 possibile selezionare uno o pi\u00f9 fascicoli aziendali. Ogni singolo fascicolo selezionato pu\u00f2 essere visualizzato dall\u2019utente premendo la lente oppure stampato attraverso il comando Report. \u00c8 possibile avviare la stampa di un singolo fascicolo aziendale oppure di pi\u00f9 fascicoli aziendali selezionati contemporaneamente. Infine \u00e8 possibile uscire dalla maschera del fascicolo aziendale attraverso il comando Chiudi oppure consultare la guida di Gaia tramite il pulsante Aiuto.<\/p>\n<p style=\"text-align: justify;\" align=\"CENTER\"><img loading=\"lazy\" decoding=\"async\" class=\"thumbnail alignnone size-full wp-image-228\" title=\"D4a\" alt=\"\" src=\"http:\/\/rica.crea.gov.it\/documentazione\/wp-content\/uploads\/2012\/09\/D4a.png\" width=\"407\" height=\"516\" srcset=\"https:\/\/rica.crea.gov.it\/APP\/documentazione\/wp-content\/uploads\/2012\/09\/D4a.png 407w, https:\/\/rica.crea.gov.it\/APP\/documentazione\/wp-content\/uploads\/2012\/09\/D4a-236x300.png 236w\" sizes=\"auto, (max-width: 407px) 100vw, 407px\" \/><\/p>\n<p style=\"text-align: justify;\">Il fascicolo relativo ai <i>Dati caratteristici<\/i> contiene informazioni relativamente all\u2019ubicazione, alla conduzione e ad altre informazioni di diversa natura (regime IVA, albi e forme associative, agricoltura biologica, ecc.) dell\u2019azienda selezionata.<\/p>\n<p style=\"text-align: justify;\">Il fascicolo dei <i>Terreni agricoli, forestali e tare<\/i> contiene informazioni circa l\u2019utilizzo delle superfici (espresso in ettari), il titolo di possesso dei terreni e informazioni di natura fisica dei terreni (tessitura e giacitura).<\/p>\n<p style=\"text-align: justify;\">Nel fascicolo relativo al <i>Riparto della superficie aziendale (SAU)<\/i>, vengono riportate per ogni singola coltura presente in azienda, sia erbacea che arborea, le indicazioni relative alla superficie utilizzata, alla superficie irrigata, alla modalit\u00e0 di coltivazione e allo stato in essere della produzione.<\/p>\n<p style=\"text-align: justify;\">Il fascicolo <i>Meccanizzazione <\/i>fornisce informazioni tecnico-economiche relative alle macchine, agli attrezzi e agli impianti.<\/p>\n<p style=\"text-align: justify;\">Il fascicolo <i>Immobili dei centri aziendali<\/i> riepiloga la situazione relativa ai cespiti dei centri aziendali, ovvero informazioni quali dimensione, valore storico e stato sia degli appezzamenti che dei fabbricati dell\u2019azienda.<\/p>\n<p style=\"text-align: justify;\">Il fascicolo <i>Manodopera<\/i> riepiloga la situazione riguardo il lavoro utilizzato in azienda. In particolare mostra informazioni circa le ore lavorate, le giornate di lavoro e il relativo periodo di riferimento.<\/p>\n<p style=\"text-align: justify;\">Nel fascicolo del<i> Magazzino<\/i> sono riportati tutti gli eventi occorsi durante l\u2019anno relativi alle colture, agli allevamenti e ai prodotti aziendali. In particolare \u00e8 possibile visualizzare informazioni relative all\u2019acquisto e alle vendita, all\u2019inventario (iniziale e finale), alla produzione e ai reimpieghi.<\/p>\n<p style=\"text-align: justify;\">Il fascicolo <i>Irrigazione<\/i> riporta informazioni relative alla superficie irrigabile e irrigata a livello aziendale. Inoltre, \u00e8 possibile visualizzare informazioni sul sistema di irrigazione e sulla fonte di approvvigionamento idrico dell\u2019azienda.<\/p>\n<p style=\"text-align: justify;\">Il fascicolo degli <i>Allevamenti<\/i> contiene la situazione di stalla per specie allevata, aggregando quindi i dati relativi alle maschere degli animali da vita e di quelli giovani e da ingrasso.<\/p>\n<p style=\"text-align: justify;\" align=\"center\">\n<p style=\"text-align: justify;\">\n<\/div>","protected":false},"excerpt":{"rendered":"<p>Il fascicolo aziendale raccoglie e rielabora le informazioni di tipo strutturale e gestionale dell\u2019azienda, con la finalit\u00e0 di offrire una visione complessiva dell\u2019azienda stessa, relativamente all\u2019esercizio contabile oggetto di rilevazione. I risultati economici sono invece analizzati nel bilancio e nei relativi indici. Nel fascicolo aziendale alcune delle informazioni raccolte nelle singole maschere del software sono&hellip; <a href=\"https:\/\/rica.crea.gov.it\/APP\/documentazione\/?page_id=226\">Continue reading <span class=\"meta-nav\">&rarr;<\/span><\/a><\/p>\n","protected":false},"author":5,"featured_media":0,"parent":85,"menu_order":0,"comment_status":"closed","ping_status":"closed","template":"","meta":{"footnotes":""},"tags":[58,16,115,118,117,109,120,123,116,112,111,126,125,124,122,110,121,114,119,113],"class_list":["post-226","page","type-page","status-publish","hentry","tag-allevamenti","tag-azienda","tag-bilancio","tag-dati-caratteristici","tag-dati-caratteristici-terreni-agricoli","tag-fascicolo-aziendale","tag-forestali-e-tare","tag-immobili-dei-centri-aziendali","tag-indici-di-ilancio","tag-informazioni-gestionali","tag-informazioni-strutturali","tag-irrigazione","tag-magazzino","tag-manodopera","tag-meccanizzazione","tag-report","tag-riparto-superficie-utilizzata-sau","tag-risultati-economici","tag-terreni-agricoli","tag-visione-complessiva-azienda"],"_links":{"self":[{"href":"https:\/\/rica.crea.gov.it\/APP\/documentazione\/index.php?rest_route=\/wp\/v2\/pages\/226","targetHints":{"allow":["GET"]}}],"collection":[{"href":"https:\/\/rica.crea.gov.it\/APP\/documentazione\/index.php?rest_route=\/wp\/v2\/pages"}],"about":[{"href":"https:\/\/rica.crea.gov.it\/APP\/documentazione\/index.php?rest_route=\/wp\/v2\/types\/page"}],"author":[{"embeddable":true,"href":"https:\/\/rica.crea.gov.it\/APP\/documentazione\/index.php?rest_route=\/wp\/v2\/users\/5"}],"replies":[{"embeddable":true,"href":"https:\/\/rica.crea.gov.it\/APP\/documentazione\/index.php?rest_route=%2Fwp%2Fv2%2Fcomments&post=226"}],"version-history":[{"count":7,"href":"https:\/\/rica.crea.gov.it\/APP\/documentazione\/index.php?rest_route=\/wp\/v2\/pages\/226\/revisions"}],"predecessor-version":[{"id":1354,"href":"https:\/\/rica.crea.gov.it\/APP\/documentazione\/index.php?rest_route=\/wp\/v2\/pages\/226\/revisions\/1354"}],"up":[{"embeddable":true,"href":"https:\/\/rica.crea.gov.it\/APP\/documentazione\/index.php?rest_route=\/wp\/v2\/pages\/85"}],"wp:attachment":[{"href":"https:\/\/rica.crea.gov.it\/APP\/documentazione\/index.php?rest_route=%2Fwp%2Fv2%2Fmedia&parent=226"}],"wp:term":[{"taxonomy":"post_tag","embeddable":true,"href":"https:\/\/rica.crea.gov.it\/APP\/documentazione\/index.php?rest_route=%2Fwp%2Fv2%2Ftags&post=226"}],"curies":[{"name":"wp","href":"https:\/\/api.w.org\/{rel}","templated":true}]}}