{"id":244,"date":"2012-09-06T10:13:08","date_gmt":"2012-09-06T10:13:08","guid":{"rendered":"http:\/\/rica.crea.gov.it\/documentazione\/?page_id=244"},"modified":"2015-09-28T15:03:14","modified_gmt":"2015-09-28T15:03:14","slug":"controlli-gaiatest","status":"publish","type":"page","link":"https:\/\/rica.crea.gov.it\/APP\/documentazione\/?page_id=244","title":{"rendered":"GAIATEST &#8211; sistema dei controlli"},"content":{"rendered":"<div class=\"pf-content\"><p class=\"Corpo\" style=\"text-align: justify\">La presente guida contiene le istruzioni all&#8217;uso della procedura dei controlli aziendali denominata <strong>GAIATEST<\/strong>, ed ha lo scopo di fornire informazioni essenziali a comprenderne il funzionamento in tempi brevi. L\u2019elaborazione del testo contenuto in questa guida, anche se curata con scrupolosa attenzione, non pu\u00f2 comportare specifiche responsabilit\u00e0 n\u00e9 degli autori n\u00e9 dell\u2019INEA derivanti dall&#8217;utilizzo di GAIATEST.<\/p>\n<p style=\"text-align: justify\">Il programma <strong>GAIATEST<\/strong> integrato all&#8217;interno dell\u2019applicativo <strong>GAIA<\/strong>, \u00a0\u00e8 stato predisposto dal Team di Sviluppo interno all&#8217;INEA per il controllo qualitativo dei dati rilevati con la metodologia RICA-INEA nelle aziende agricole della rete RICA.<\/p>\n<p style=\"text-align: justify\">La guida \u00e8 stata ideata e redatta da <em>Antonio Giampaolo<\/em> e rappresenta un supporto pratico per quanti utilizzano il programma <strong>GAIATEST<\/strong> nell\u2019ambito della rete RICA, oppure al di fuori di essa. L\u2019analisi e la progettazione dei controlli \u00e8 stata realizzata da <em>Cristina Pilan<\/em> e <em>Mauro Santangelo<\/em>. L\u2019implementazione informatica dei test e la manutenzione della procedura \u00e8 a cura di <em>Stefano Cafarelli<\/em> del Team di Sviluppo GAIA. Il gruppo di tester che verifica e valida i controlli individuati e progettati dagli analisti \u00e8 coordinato da <em>Luca Turchetti<\/em>. Gli oggetti grafici di questa guida sono di <em>Andrea Di Cesare<\/em>.<\/p>\n<p style=\"text-align: justify\">In questa guida oltre ad illustrare le principali funzioni di <strong>GAIATEST<\/strong>, vengono mostrati in modo sintetico i motivi del perch\u00e9 i dati registrati con <strong>GAIA<\/strong> devono essere verificati, e quali sono le tipologie di controllo in input presenti direttamente nell&#8217;applicativo gestionale.<\/p>\n<p>La guida \u00e8 suddivisa in cinque sezioni:<\/p>\n<ul>\n<li><strong><a title=\"1. Esigenza verificare i dati\" href=\"http:\/\/rica.crea.gov.it\/documentazione\/?page_id=715\">L\u2019esigenza di verificare i dati registrati<\/a><\/strong><\/li>\n<\/ul>\n<ul>\n<li><strong><a title=\"2. Controlli input di GAIA\" href=\"http:\/\/rica.crea.gov.it\/documentazione\/?page_id=740\">I controlli in input di GAIA<\/a><\/strong><\/li>\n<\/ul>\n<ul>\n<li><strong><\/strong><a title=\"3. Classificazione controlli\" href=\"http:\/\/rica.crea.gov.it\/documentazione\/?page_id=764\"><strong><\/strong><strong>La classificazione dei controlli<\/strong><\/a><\/li>\n<\/ul>\n<ul>\n<li><strong><\/strong><strong><\/strong><a title=\"4. Come funziona GaiaTest\" href=\"http:\/\/rica.crea.gov.it\/documentazione\/?page_id=781\"><strong>Come funziona GaiaTest<\/strong><\/a><\/li>\n<\/ul>\n<ul>\n<li><strong><a title=\"6. Controlli interaziendali\" href=\"http:\/\/rica.crea.gov.it\/documentazione\/?page_id=801\">Controlli interaziendali<\/a><br \/>\n<\/strong><\/li>\n<\/ul>\n<div><\/div>\n<div><strong><br \/>\n<\/strong><\/div>\n<\/div>","protected":false},"excerpt":{"rendered":"<p>La presente guida contiene le istruzioni all&#8217;uso della procedura dei controlli aziendali denominata GAIATEST, ed ha lo scopo di fornire informazioni essenziali a comprenderne il funzionamento in tempi brevi. L\u2019elaborazione del testo contenuto in questa guida, anche se curata con scrupolosa attenzione, non pu\u00f2 comportare specifiche responsabilit\u00e0 n\u00e9 degli autori n\u00e9 dell\u2019INEA derivanti dall&#8217;utilizzo di&hellip; <a href=\"https:\/\/rica.crea.gov.it\/APP\/documentazione\/?page_id=244\">Continue reading <span class=\"meta-nav\">&rarr;<\/span><\/a><\/p>\n","protected":false},"author":1,"featured_media":0,"parent":0,"menu_order":5,"comment_status":"closed","ping_status":"closed","template":"","meta":{"footnotes":""},"tags":[],"class_list":["post-244","page","type-page","status-publish","hentry"],"_links":{"self":[{"href":"https:\/\/rica.crea.gov.it\/APP\/documentazione\/index.php?rest_route=\/wp\/v2\/pages\/244","targetHints":{"allow":["GET"]}}],"collection":[{"href":"https:\/\/rica.crea.gov.it\/APP\/documentazione\/index.php?rest_route=\/wp\/v2\/pages"}],"about":[{"href":"https:\/\/rica.crea.gov.it\/APP\/documentazione\/index.php?rest_route=\/wp\/v2\/types\/page"}],"author":[{"embeddable":true,"href":"https:\/\/rica.crea.gov.it\/APP\/documentazione\/index.php?rest_route=\/wp\/v2\/users\/1"}],"replies":[{"embeddable":true,"href":"https:\/\/rica.crea.gov.it\/APP\/documentazione\/index.php?rest_route=%2Fwp%2Fv2%2Fcomments&post=244"}],"version-history":[{"count":20,"href":"https:\/\/rica.crea.gov.it\/APP\/documentazione\/index.php?rest_route=\/wp\/v2\/pages\/244\/revisions"}],"predecessor-version":[{"id":246,"href":"https:\/\/rica.crea.gov.it\/APP\/documentazione\/index.php?rest_route=\/wp\/v2\/pages\/244\/revisions\/246"}],"wp:attachment":[{"href":"https:\/\/rica.crea.gov.it\/APP\/documentazione\/index.php?rest_route=%2Fwp%2Fv2%2Fmedia&parent=244"}],"wp:term":[{"taxonomy":"post_tag","embeddable":true,"href":"https:\/\/rica.crea.gov.it\/APP\/documentazione\/index.php?rest_route=%2Fwp%2Fv2%2Ftags&post=244"}],"curies":[{"name":"wp","href":"https:\/\/api.w.org\/{rel}","templated":true}]}}