{"id":2613,"date":"2014-04-09T10:43:30","date_gmt":"2014-04-09T10:43:30","guid":{"rendered":"http:\/\/rica.crea.gov.it\/documentazione\/?page_id=2613"},"modified":"2014-04-09T10:48:19","modified_gmt":"2014-04-09T10:48:19","slug":"fertilizzanti","status":"publish","type":"page","link":"https:\/\/rica.crea.gov.it\/APP\/documentazione\/?page_id=2613","title":{"rendered":"FERTILIZZANTI"},"content":{"rendered":"<div class=\"pf-content\"><p>Questa tabella contiene le informazioni sull\u2019impiego dei fertilizzanti in azienda dettagliate per specie vegetale.<\/p>\n<table border=\"1\" cellspacing=\"2\" cellpadding=\"0\">\n<colgroup>\n<col width=\"200\" \/>\n<col width=\"77\" \/>\n<col width=\"38\" \/>\n<col width=\"444\" \/>\n<col width=\"289\" \/> <\/colgroup>\n<tbody>\n<tr style=\"height: 50px;\">\n<td style=\"background-color: #9acd32; text-align: center;\"><strong>Campo<\/strong><\/td>\n<td style=\"background-color: #9acd32; text-align: center;\"><strong>Formato<\/strong><\/td>\n<td style=\"background-color: #9acd32; text-align: center;\"><strong>U.M.<\/strong><\/td>\n<td style=\"background-color: #9acd32; text-align: center;\"><strong>Descrizione<\/strong><\/td>\n<td style=\"background-color: #9acd32; text-align: center;\"><strong>Note<\/strong><\/td>\n<\/tr>\n<tr>\n<td height=\"20\"><strong>Cod. Specie Vegetale<\/strong><\/td>\n<td>Testo<\/td>\n<td>&#8211;<\/td>\n<td>Cod. Specie Vegetale<\/td>\n<td><\/td>\n<\/tr>\n<tr>\n<td height=\"20\"><strong>Specie Vegetale<\/strong><\/td>\n<td>Testo<\/td>\n<td>&#8211;<\/td>\n<td>Specie Vegetale<\/td>\n<td><\/td>\n<\/tr>\n<tr>\n<td height=\"20\"><strong>Modalit\u00e0 Coltivazione<\/strong><\/td>\n<td>Testo<\/td>\n<td>&#8211;<\/td>\n<td>Modalit\u00e0 Coltivazione<\/td>\n<td><\/td>\n<\/tr>\n<tr>\n<td height=\"20\"><strong>Cod. Modalit\u00e0 di Coltivazione<\/strong><\/td>\n<td>Testo<\/td>\n<td>&#8211;<\/td>\n<td>Cod. Modalit\u00e0 di Coltivazione<\/td>\n<td><\/td>\n<\/tr>\n<tr>\n<td height=\"20\"><strong>ID_PROD_INDUSTR<\/strong><\/td>\n<td>Testo<\/td>\n<td>&#8211;<\/td>\n<td>Cod. Prodotto Industriale<\/td>\n<td><\/td>\n<\/tr>\n<tr>\n<td height=\"20\"><strong>Produzione Industriale<\/strong><\/td>\n<td>Testo<\/td>\n<td>&#8211;<\/td>\n<td>Produzione Industriale<\/td>\n<td><\/td>\n<\/tr>\n<tr>\n<td height=\"20\"><strong>Qt. di Azoto principio attivo<\/strong><\/td>\n<td>Numerico<\/td>\n<td>&#8211;<\/td>\n<td>Qt. di Azoto principio attivo<\/td>\n<td><\/td>\n<\/tr>\n<tr>\n<td height=\"20\"><strong>Qt. di Fosforo principio attivo<\/strong><\/td>\n<td>Numerico<\/td>\n<td>&#8211;<\/td>\n<td>Qt. di Fosforo principio attivo<\/td>\n<td><\/td>\n<\/tr>\n<tr>\n<td height=\"20\"><strong>Qt. di Potassio principio attivo<\/strong><\/td>\n<td>Numerico<\/td>\n<td>&#8211;<\/td>\n<td>Qt. di Potassio principio attivo<\/td>\n<td><\/td>\n<\/tr>\n<tr>\n<td height=\"20\"><strong>Prezzo unitario<\/strong><\/td>\n<td>Numerico<\/td>\n<td>\u20ac<\/td>\n<td>Prezzo unitario<\/td>\n<td><\/td>\n<\/tr>\n<tr>\n<td height=\"20\"><strong>Valore del distribuito<\/strong><\/td>\n<td>Numerico<\/td>\n<td>\u20ac<\/td>\n<td>Valore del distribuito<\/td>\n<td><\/td>\n<\/tr>\n<tr>\n<td height=\"20\"><strong>Quantit\u00e0 distribuita<\/strong><\/td>\n<td>Numerico<\/td>\n<td>&#8211;<\/td>\n<td>Quantit\u00e0 distribuita<\/td>\n<td><\/td>\n<\/tr>\n<tr>\n<td height=\"20\"><strong>UM<\/strong><\/td>\n<td>Testo<\/td>\n<td>&#8211;<\/td>\n<td>Unit\u00e0 di Misura<\/td>\n<td><\/td>\n<\/tr>\n<tr>\n<td height=\"20\"><strong>Quantit\u00e0 azoto distribuita<\/strong><\/td>\n<td>Numerico<\/td>\n<td>&#8211;<\/td>\n<td>Quantit\u00e0 azoto distribuita<\/td>\n<td><\/td>\n<\/tr>\n<tr>\n<td height=\"20\"><strong>Quantit\u00e0 fosforo distribuita<\/strong><\/td>\n<td>Numerico<\/td>\n<td>&#8211;<\/td>\n<td>Quantit\u00e0 fosforo distribuita<\/td>\n<td><\/td>\n<\/tr>\n<tr>\n<td height=\"20\"><strong>Quantit\u00e0 potassio distribuita<\/strong><\/td>\n<td>Numerico<\/td>\n<td>&#8211;<\/td>\n<td>Quantit\u00e0 potassio distribuita<\/td>\n<td><\/td>\n<\/tr>\n<tr>\n<td height=\"20\"><strong>Superficie della coltura<\/strong><\/td>\n<td>Numerico<\/td>\n<td>&#8211;<\/td>\n<td>Superficie della coltura<\/td>\n<td><\/td>\n<\/tr>\n<tr>\n<td height=\"20\"><strong>Quantit\u00e0 ad ettaro<\/strong><\/td>\n<td>Numerico<\/td>\n<td>&#8211;<\/td>\n<td>Quantit\u00e0 ad ettaro<\/td>\n<td><\/td>\n<\/tr>\n<tr>\n<td height=\"20\"><strong>Azoto ad ettaro<\/strong><\/td>\n<td>Numerico<\/td>\n<td>&#8211;<\/td>\n<td>Azoto ad ettaro<\/td>\n<td><\/td>\n<\/tr>\n<tr>\n<td height=\"20\"><strong>Fosforo ad ettaro<\/strong><\/td>\n<td>Numerico<\/td>\n<td>&#8211;<\/td>\n<td>Fosforo ad ettaro<\/td>\n<td><\/td>\n<\/tr>\n<tr>\n<td height=\"20\"><strong>Potassio ad ettaro<\/strong><\/td>\n<td>Numerico<\/td>\n<td>&#8211;<\/td>\n<td>Potassio ad ettaro<\/td>\n<td><\/td>\n<\/tr>\n<tr>\n<td height=\"20\"><strong>Posizione<\/strong><\/td>\n<td>Numerico<\/td>\n<td>&#8211;<\/td>\n<td>Tipologia di coltivazione<\/td>\n<td><\/td>\n<\/tr>\n<\/tbody>\n<\/table>\n<\/div>","protected":false},"excerpt":{"rendered":"<p>Questa tabella contiene le informazioni sull\u2019impiego dei fertilizzanti in azienda dettagliate per specie vegetale. Campo Formato U.M. Descrizione Note Cod. Specie Vegetale Testo &#8211; Cod. Specie Vegetale Specie Vegetale Testo &#8211; Specie Vegetale Modalit\u00e0 Coltivazione Testo &#8211; Modalit\u00e0 Coltivazione Cod. Modalit\u00e0 di Coltivazione Testo &#8211; Cod. Modalit\u00e0 di Coltivazione ID_PROD_INDUSTR Testo &#8211; Cod. Prodotto Industriale&hellip; <a href=\"https:\/\/rica.crea.gov.it\/APP\/documentazione\/?page_id=2613\">Continue reading <span class=\"meta-nav\">&rarr;<\/span><\/a><\/p>\n","protected":false},"author":22,"featured_media":0,"parent":2378,"menu_order":14,"comment_status":"closed","ping_status":"closed","template":"","meta":{"footnotes":""},"tags":[],"class_list":["post-2613","page","type-page","status-publish","hentry"],"_links":{"self":[{"href":"https:\/\/rica.crea.gov.it\/APP\/documentazione\/index.php?rest_route=\/wp\/v2\/pages\/2613","targetHints":{"allow":["GET"]}}],"collection":[{"href":"https:\/\/rica.crea.gov.it\/APP\/documentazione\/index.php?rest_route=\/wp\/v2\/pages"}],"about":[{"href":"https:\/\/rica.crea.gov.it\/APP\/documentazione\/index.php?rest_route=\/wp\/v2\/types\/page"}],"author":[{"embeddable":true,"href":"https:\/\/rica.crea.gov.it\/APP\/documentazione\/index.php?rest_route=\/wp\/v2\/users\/22"}],"replies":[{"embeddable":true,"href":"https:\/\/rica.crea.gov.it\/APP\/documentazione\/index.php?rest_route=%2Fwp%2Fv2%2Fcomments&post=2613"}],"version-history":[{"count":2,"href":"https:\/\/rica.crea.gov.it\/APP\/documentazione\/index.php?rest_route=\/wp\/v2\/pages\/2613\/revisions"}],"predecessor-version":[{"id":2615,"href":"https:\/\/rica.crea.gov.it\/APP\/documentazione\/index.php?rest_route=\/wp\/v2\/pages\/2613\/revisions\/2615"}],"up":[{"embeddable":true,"href":"https:\/\/rica.crea.gov.it\/APP\/documentazione\/index.php?rest_route=\/wp\/v2\/pages\/2378"}],"wp:attachment":[{"href":"https:\/\/rica.crea.gov.it\/APP\/documentazione\/index.php?rest_route=%2Fwp%2Fv2%2Fmedia&parent=2613"}],"wp:term":[{"taxonomy":"post_tag","embeddable":true,"href":"https:\/\/rica.crea.gov.it\/APP\/documentazione\/index.php?rest_route=%2Fwp%2Fv2%2Ftags&post=2613"}],"curies":[{"name":"wp","href":"https:\/\/api.w.org\/{rel}","templated":true}]}}