{"id":3079,"date":"2016-10-22T08:01:57","date_gmt":"2016-10-22T08:01:57","guid":{"rendered":"http:\/\/rica.crea.gov.it\/documentazione\/?page_id=3079"},"modified":"2018-02-26T22:34:50","modified_gmt":"2018-02-26T22:34:50","slug":"3-individuazione-dei-tecnicienti-rilevatori","status":"publish","type":"page","link":"https:\/\/rica.crea.gov.it\/APP\/documentazione\/?page_id=3079","title":{"rendered":"3 &#8211; Elenco operatori economici"},"content":{"rendered":"<div class=\"pf-content\"><p style=\"text-align: justify;\">Il Centro di ricerca politiche e bioeconomia del CREA (CREA-PB), attraverso l\u2019emanazione di una specifica determina direttoriale, conformemente a quanto indicato nei dispositivi normativi vigenti in materia di contratti pubblici (<a href=\"https:\/\/www.anticorruzione.it\/portal\/rest\/jcr\/repository\/collaboration\/Digital%20Assets\/anacdocs\/Comunicazione\/ConsultazioniOnLine\/20170908\/Linee%20guida%204_post%20correttivo%20pulito.pdf\" target=\"_blank\">linee guida ANAC nr 4 del 26\/10\/2016 e s.m.i.<\/a>) e in ottemperanza ai principi di trasparenza, di rotazione e di parit\u00e0 di trattamento, individua i criteri con cui viene gestito l\u2019<a href=\"http:\/\/rica.crea.gov.it\/rilevatori_rica\" target=\"_blank\">Elenco degli Operatori Economici <\/a>qualificati per l\u2019acquisizione dei servizi di rilevazione dati per le indagini statistiche.<\/p>\n<p style=\"text-align: justify;\">L\u2019Elenco ha lo scopo di definire un numero di operatori economici (prestatori di servizi di rilevazione dati nel campo agricolo) in possesso dei requisiti di carattere morale di cui all\u2019art. 38 del Codice, di capacit\u00e0 tecnica e professionale di cui agli artt. 41 e 42 del Codice.<\/p>\n<p style=\"text-align: justify;\">Nell&#8217;ambito dell\u2019Elenco il CREA-PB, per il tramite dei referenti delle indagini di rilevazione statistiche, economiche e contabili pu\u00f2 individuare, in relazione alla dimensione del campione e il tipo di indagine, i soggetti da invitare alle singole procedure di affidamento diretto del servizio di raccolta dati.<\/p>\n<p style=\"text-align: justify;\">I soggetti che possono essere iscritti nell&#8217;Elenco degli operatori economici sono classificati in base alla loro forma giuridica (liberi professionisti o societ\u00e0), alla tipologia di indagine oggetto del servizio di rilevazione, alla regione \/ provincia autonoma di competenza.<\/p>\n<p style=\"text-align: justify;\">I requisiti per l\u2019iscrizione all&#8217;<strong><a href=\"http:\/\/rica.crea.gov.it\/rilevatori_rica\" target=\"_blank\">Elenco<\/a><\/strong> coincidono con la verifica, da parte di una apposita Commissione di valutazione del CREA, del possesso di adeguati titoli di studio ed esperienze professionali (livello di professionalit\u00e0, di competenza e di capacit\u00e0 tecnica), di seguito elencati:<\/p>\n<ul>\n<li><strong>Requisiti di ordine morale<\/strong>, ai sensi dell&#8217;art. 80 del D.lgs. n.50\/2016 e s.m.i.;<\/li>\n<li><strong>Capacit\u00e0 tecniche e professionali<\/strong>, ai sensi dell&#8217;art. 83 c. 1 del D. Lgs. n. 50\/2016 e s.m.i., come di seguito riportato:\n<ul>\n<li><strong>Laurea<\/strong> in Scienze Agrarie, Laurea in Scienze Forestali e Ambientali, Laurea in Scienze Economiche, Laurea in Statistica o titoli equipollenti (secondo quanto previsto dal MIUR);<\/li>\n<\/ul>\n<blockquote style=\"margin: 0 0 0 40px; border: none; padding: 0px;\"><p><em>oppure<\/em><\/p><\/blockquote>\n<ul>\n<li><strong>Diploma<\/strong> di Perito Agrario, Agrotecnico, Geometra o Ragioniere, o titoli equipollenti (secondo quanto previsto dal MIUR).<\/li>\n<\/ul>\n<blockquote style=\"margin: 0 0 0 40px; border: none; padding: 0px;\"><p><em>Detti titoli potranno essere alternativamente posseduti.<\/em><\/p><\/blockquote>\n<\/li>\n<li><strong>Esperienza in rilevazioni statistiche e\/o economiche<\/strong>. Nel caso di indagini economiche e contabili,<br \/>\n<strong>&#8211;\u00a0 esperienza<\/strong> in materia di<strong> contabilit\u00e0 agraria<\/strong> e<br \/>\n<strong>&#8211;\u00a0\u00a0possesso dell&#8217;attestato di conoscenza <\/strong>della metodologia RICA o REA e dei relativi software (Pacchetto <a href=\"http:\/\/gaia.crea.gov.it\/\" target=\"_blank\"><strong>GAIA<\/strong><\/a> e <strong><a href=\"http:\/\/rica.crea.gov.it\/ProceduraReaOnline\" target=\"_blank\">REA Online<\/a><\/strong>);<\/li>\n<li><strong>Detentore di Partita IVA<\/strong> (fatturazione elettronica).<\/li>\n<\/ul>\n<p style=\"text-align: justify;\">Nel caso di <strong>mancanza di esperienza<\/strong> in materia di contabilit\u00e0 agraria<strong>,<\/strong> al fine di assicurare la massima partecipazione degli operatori interessati, gli uffici regionali RICA\u00a0organizzano corsi di formazione frontali sulla base del <a href=\"http:\/\/gaia.crea.gov.it\/eventi_formazione_regionale.asp\" target=\"_blank\"><strong>calendario<\/strong><\/a> pubblicato nel sito di GAIA. I suddetti corsi consentono ai potenziali nuovi iscritti di conseguire l&#8217;<strong><em>attestato<\/em><\/strong>\u00a0che, insieme al superamento del\u00a0<a href=\"http:\/\/questionaririca.crea.gov.it\" target=\"_blank\"><strong>questionario valutativo<\/strong><\/a>, costituiscono la dimostrazione della conoscenza della metodologia e consentono l&#8217;iscrizione o la permanenza nell&#8217;Elenco.<\/p>\n<p style=\"text-align: justify;\">L&#8217;accesso alla formazione\/aggiornamento \u00e8 assicurato sia alle persone fisiche che al personale delle persone giuridiche gi\u00e0 iscritte nell&#8217;Elenco degli Operatori economici sia a quelli gi\u00e0 accreditati per il mantenimento dell&#8217;iscrizione nell&#8217;Elenco. Le modalit\u00e0 di iscrizione ai corsi da parte dei soggetti interessati viene definita nel relativo <a href=\"http:\/\/gaia.crea.gov.it\/eventi_formazione_new.asp\" target=\"_blank\">programma pubblicato sul sito GAIA<\/a>.<\/p>\n<p style=\"text-align: justify;\">L&#8217;Elenco\u00a0degli Operatori economici\u00a0\u00e8 <em><strong>aggiornato annualmente<\/strong><\/em>. L\u2019operatore \u00e8 tenuto, pena la cancellazione dall&#8217;Elenco, a <em><strong>confermare la sua permanenza <\/strong><\/em>tramite l&#8217;invio della richiesta,\u00a0via email, di conferma corredata con le informazioni anagrafiche ed il CV aggiornati. La commissione valuta il rinnovo dell&#8217;abilitazione anche sulla base dei servizi di rilevazione svolti e della partecipazione ai corsi di aggiornamento svolte dagli uffici RICA regionali.<\/p>\n<p style=\"text-align: justify;\">Il referente regionale RICA accede all&#8217;Elenco per individuare gli operatori da invitare alla rilevazione nel rispetto dei principi fondamentali del codice degli appalti pubblici (rotazione),\u00a0dell&#8217;avvenuta collaborazione\u00a0in indagini precedenti, della localizzazione delle aziende sul territorio.<\/p>\n<p style=\"text-align: justify;\">Pi\u00f9 nello specifico, i criteri posti alla base <a href=\"http:\/\/rica.crea.gov.it\/documentazione\/?page_id=3102\">dell\u2019individuazione degli operatori<\/a> e dell&#8217;assegnazione delle aziende devono rispondere alla:<\/p>\n<ul>\n<li><strong><u>affidabilit\u00e0<\/u> del tecnico<\/strong>\u00a0(indipendentemente dalla forma contrattuale) nello svolgimento dell\u2019incarico, misurata in riferimento al rispetto dei <span style=\"text-decoration: underline;\">tempi<\/span>, alla <span style=\"text-decoration: underline;\">qualit\u00e0<\/span> del dato raccolto, alla capacit\u00e0 di garantire una buona <span style=\"text-decoration: underline;\">copertura<\/span> del disegno teorico;<\/li>\n<li><u><strong>esperienza<\/strong><\/u><strong> pregressa del tecnico<\/strong><u>;<\/u><\/li>\n<li><strong>facilit\u00e0 di<u> accesso<\/u><\/strong> o di coinvolgimento dell\u2019agricoltore o suoi referenti, spesso conseguente all&#8217;esistenza di precedenti rapporti di collaborazione amministrativa, tecnica, ecc. con l\u2019azienda oggetto di rilevazione;<\/li>\n<li><strong>valutazione sulla <u>distanza<\/u><\/strong> tra la sede operativa dell\u2019azienda e l\u2019abituale sede di lavoro del rilevatore (quanto pi\u00f9 \u00e8 distante, tanto pi\u00f9 aumenta la probabilit\u00e0 che la raccolta dei dati non venga realizzata come richiesto);<\/li>\n<li><strong><u>metodologia<\/u> di rilevazione<\/strong>: affidamento di rilevazioni con metodologia RICA e\/o REA, evitando, per quanto possibile, la sovrapposizione temporale di due diversi incarichi ad uno stesso operatore.<\/li>\n<\/ul>\n<p style=\"text-align: justify;\">I criteri adottati nella individuazione degli operatori economici vengono esplicitati dal referente regionale RICA nella <a href=\"http:\/\/rica.crea.gov.it\/documentazione\/?page_id=3102\"><strong>Nota tecnica<\/strong><\/a> con cui si propongono gli affidamenti per la rilevazione.<\/p>\n<p style=\"text-align: justify;\"><em>Nel caso di Operatori Economici in forma di societ\u00e0, il referente regionale RICA deve mantenere un contatto diretto con i singoli rilevatori impegnati nella raccolta dei dati; ci\u00f2 \u00e8 indispensabile per garantire un monitoraggio e un controllo sulla corretta esecuzione dell&#8217;incarico<\/em>.<\/p>\n<table class=\" aligncenter\" style=\"border-color: #000000; background-color: #f3f5cb; width: 819px;\">\n<thead>\n<tr style=\"height: 48px; border-color: #020203;\">\n<th style=\"width: 119px; height: 48px; vertical-align: middle; text-align: center;\" scope=\"row\"><span style=\"color: #0000ff;\"><strong>Ruolo coinvolti<\/strong><\/span><\/th>\n<th style=\"width: 690px; height: 48px; vertical-align: middle; text-align: center;\" scope=\"col\"><span style=\"color: #0000ff;\"><strong>Attivit\u00e0<\/strong><\/span><\/th>\n<\/tr>\n<\/thead>\n<tbody>\n<tr style=\"height: 84px;\">\n<td style=\"width: 119px; height: 84px; vertical-align: middle;\"><strong>Commissione CREA<br \/>\nvalutazione<\/strong><\/td>\n<td style=\"width: 690px; height: 84px; text-align: justify;\">\n<ul style=\"list-style-type: disc;\">\n<li style=\"text-align: left;\">Verifica il possesso dei requisiti per l\u2019iscrizione all&#8217;Elenco (titoli di studio ed esperienze professionali).<\/li>\n<li style=\"text-align: left;\">Gestisce l\u2019Elenco degli operatori economici (nuove iscrizioni, aggiornamento, comunicazioni agli iscritti, ecc.).<\/li>\n<\/ul>\n<\/td>\n<\/tr>\n<tr style=\"height: 24px;\">\n<td style=\"width: 119px; height: 24px; text-align: left; vertical-align: middle;\"><strong>Ufficio<br \/>\nregionale RICA<\/strong><\/td>\n<td style=\"width: 690px; height: 24px; text-align: justify;\">\n<ul style=\"list-style-type: disc;\">\n<li>Accede all&#8217;Elenco per individuare i soggetti a cui assegnare le aziende, sulla base:\n<ul style=\"list-style-type: circle;\">\n<li>della loro presenza nell&#8217;Elenco degli operatori (principio della rotazione);<\/li>\n<li>della tipologia di indagine;<\/li>\n<li>della localizzazione delle aziende sul territorio;<\/li>\n<li>della disponibilit\u00e0 di tecnici utilizzati in indagini precedenti, ecc.<\/li>\n<\/ul>\n<\/li>\n<li>Organizza periodicamente corsi di formazione e aggiornamento alla metodologia RICA e REA sia per gli operatori iscritti sia per chi fa richiesta di accreditamento.<\/li>\n<\/ul>\n<\/td>\n<\/tr>\n<tr style=\"height: 24px;\">\n<td style=\"width: 119px; height: 24px; text-align: left; vertical-align: middle;\"><strong>Operatori economici<\/strong><\/td>\n<td style=\"width: 690px; height: 24px; text-align: justify;\">\n<ul style=\"list-style-type: disc;\">\n<li>Compilano e inviano la domanda di iscrizione all&#8217;Elenco degli operatori economici.<\/li>\n<li>Aggiornano annualmente il proprio profilo.<\/li>\n<li>Partecipano ai corsi di formazione\/aggiornamento organizzati dagli uffici regionali RICA.<\/li>\n<\/ul>\n<\/td>\n<\/tr>\n<\/tbody>\n<\/table>\n<\/div>","protected":false},"excerpt":{"rendered":"<p>Il Centro di ricerca politiche e bioeconomia del CREA (CREA-PB), attraverso l\u2019emanazione di una specifica determina direttoriale, conformemente a quanto indicato nei dispositivi normativi vigenti in materia di contratti pubblici (linee guida ANAC nr 4 del 26\/10\/2016 e s.m.i.) e in ottemperanza ai principi di trasparenza, di rotazione e di parit\u00e0 di trattamento, individua i&hellip; <a href=\"https:\/\/rica.crea.gov.it\/APP\/documentazione\/?page_id=3079\">Continue reading <span class=\"meta-nav\">&rarr;<\/span><\/a><\/p>\n","protected":false},"author":5,"featured_media":0,"parent":3012,"menu_order":3,"comment_status":"closed","ping_status":"closed","template":"","meta":{"footnotes":""},"tags":[223,222,226,225,221,224],"class_list":["post-3079","page","type-page","status-publish","hentry","tag-commissione","tag-contratti","tag-esperienza","tag-professionalita","tag-rilevatori","tag-valutazione-conoscenza"],"_links":{"self":[{"href":"https:\/\/rica.crea.gov.it\/APP\/documentazione\/index.php?rest_route=\/wp\/v2\/pages\/3079","targetHints":{"allow":["GET"]}}],"collection":[{"href":"https:\/\/rica.crea.gov.it\/APP\/documentazione\/index.php?rest_route=\/wp\/v2\/pages"}],"about":[{"href":"https:\/\/rica.crea.gov.it\/APP\/documentazione\/index.php?rest_route=\/wp\/v2\/types\/page"}],"author":[{"embeddable":true,"href":"https:\/\/rica.crea.gov.it\/APP\/documentazione\/index.php?rest_route=\/wp\/v2\/users\/5"}],"replies":[{"embeddable":true,"href":"https:\/\/rica.crea.gov.it\/APP\/documentazione\/index.php?rest_route=%2Fwp%2Fv2%2Fcomments&post=3079"}],"version-history":[{"count":47,"href":"https:\/\/rica.crea.gov.it\/APP\/documentazione\/index.php?rest_route=\/wp\/v2\/pages\/3079\/revisions"}],"predecessor-version":[{"id":3500,"href":"https:\/\/rica.crea.gov.it\/APP\/documentazione\/index.php?rest_route=\/wp\/v2\/pages\/3079\/revisions\/3500"}],"up":[{"embeddable":true,"href":"https:\/\/rica.crea.gov.it\/APP\/documentazione\/index.php?rest_route=\/wp\/v2\/pages\/3012"}],"wp:attachment":[{"href":"https:\/\/rica.crea.gov.it\/APP\/documentazione\/index.php?rest_route=%2Fwp%2Fv2%2Fmedia&parent=3079"}],"wp:term":[{"taxonomy":"post_tag","embeddable":true,"href":"https:\/\/rica.crea.gov.it\/APP\/documentazione\/index.php?rest_route=%2Fwp%2Fv2%2Ftags&post=3079"}],"curies":[{"name":"wp","href":"https:\/\/api.w.org\/{rel}","templated":true}]}}