{"id":85,"date":"2012-09-04T11:08:21","date_gmt":"2012-09-04T11:08:21","guid":{"rendered":"http:\/\/rica.crea.gov.it\/documentazione\/?page_id=85"},"modified":"2013-07-23T15:08:04","modified_gmt":"2013-07-23T15:08:04","slug":"guida-di-riferimento","status":"publish","type":"page","link":"https:\/\/rica.crea.gov.it\/APP\/documentazione\/?page_id=85","title":{"rendered":"GAIA &#8211; rilevazione dei dati aziendali"},"content":{"rendered":"<div class=\"pf-content\"><p class=\"Corpo\">La Guida di riferimento del programma GAIA \u00e8 strutturata in cinque sezioni:<\/p>\n<p class=\"Corpo\"><strong><a title=\"A. Prima di iniziare\" href=\"http:\/\/rica.crea.gov.it\/documentazione\/?page_id=1186\">A &#8211; Prima di iniziare<\/a>:\u00a0<\/strong>contiene la presentazione del sistema contabile<\/p>\n<p class=\"Corpo\" style=\"text-align: justify;\"><strong>B\u00a0&#8211;\u00a0Il programma:<\/strong>\u00a0\u00e8 la sezione che descrive l\u2019ambiente informatico ed \u00e8 particolarmente utile per chi ha meno familiarit\u00e0 del sistema operativo Windows. Questa sezione \u00e8 articolata in quattro capitoli: <strong><a title=\"B1. Installazione e aggiornamenti\" href=\"http:\/\/rica.crea.gov.it\/documentazione\/?page_id=10\">B1<\/a><\/strong>, <strong><a title=\"B2. Accesso e avvio\" href=\"http:\/\/rica.crea.gov.it\/documentazione\/?page_id=21\">B2<\/a><\/strong>, <strong><a title=\"B3. L\u2019ambiente di lavoro\" href=\"http:\/\/rica.crea.gov.it\/documentazione\/?page_id=54\">B3<\/a><\/strong> \u00a0e \u00a0<strong><a title=\"B4. La funzionalit\u00e0 delle maschere\" href=\"http:\/\/rica.crea.gov.it\/documentazione\/?page_id=81\">B4<\/a><\/strong><\/p>\n<p class=\"Corpo\" style=\"text-align: justify;\"><strong>C &#8211; Il sistema di rilevazione dei dati<\/strong>:\u00a0\u00e8 la vera e propria guida all&#8217;uso del programma che consente di apprendere le modalit\u00e0 di immissione dei dati in relazione all&#8217;oggetto o all&#8217;evento che si intende rilevare. La sezione \u00e8 a sua volta articolata in cinque capitoli: <strong><a title=\"C1. Il sistema di rilevazione\" href=\"http:\/\/rica.crea.gov.it\/documentazione\/?page_id=108\">C1<\/a><\/strong>, C2, C3, C4 \u00a0e \u00a0C5. Il capitolo C2 \u00e8 suddiviso nei seguenti sottocapitoli: C2_a, C2_b, C2_c e C2_d. Il capitolo C3 \u00e8 suddiviso in C3_a e C3_b<\/p>\n<p class=\"Corpo\"><strong>D \u2013 Elaborazione dei risultati:<\/strong>\u00a0in questa sezione vengono descritti gli output prodotti dal programma (bilanci, fascicolo aziendale, report di supporto, ecc.), utili per comprendere i risultati di gestione, e per integrare le informazioni prodotte da GAIA nelle documentazioni e procedure esterne al programma.<\/p>\n<p>&nbsp;<\/p>\n<p>&nbsp;<\/p>\n<p class=\"Riquadro\"><span class=\"Riquadro\">Qualsiasi riproduzione, totale o parziale, del manuale e della documentazione di supporto per l\u2019uso di GAIA \u00e8 ammessa esclusivamente citando la fonte.<\/span><\/p>\n<p>&nbsp;<\/p>\n<\/div>","protected":false},"excerpt":{"rendered":"<p>La Guida di riferimento del programma GAIA \u00e8 strutturata in cinque sezioni: A &#8211; Prima di iniziare:\u00a0contiene la presentazione del sistema contabile B\u00a0&#8211;\u00a0Il programma:\u00a0\u00e8 la sezione che descrive l\u2019ambiente informatico ed \u00e8 particolarmente utile per chi ha meno familiarit\u00e0 del sistema operativo Windows. Questa sezione \u00e8 articolata in quattro capitoli: B1, B2, B3 \u00a0e \u00a0B4&hellip; <a href=\"https:\/\/rica.crea.gov.it\/APP\/documentazione\/?page_id=85\">Continue reading <span class=\"meta-nav\">&rarr;<\/span><\/a><\/p>\n","protected":false},"author":1,"featured_media":0,"parent":0,"menu_order":2,"comment_status":"closed","ping_status":"closed","template":"","meta":{"footnotes":""},"tags":[21,100,29],"class_list":["post-85","page","type-page","status-publish","hentry","tag-indice","tag-iniziare","tag-sommario"],"_links":{"self":[{"href":"https:\/\/rica.crea.gov.it\/APP\/documentazione\/index.php?rest_route=\/wp\/v2\/pages\/85","targetHints":{"allow":["GET"]}}],"collection":[{"href":"https:\/\/rica.crea.gov.it\/APP\/documentazione\/index.php?rest_route=\/wp\/v2\/pages"}],"about":[{"href":"https:\/\/rica.crea.gov.it\/APP\/documentazione\/index.php?rest_route=\/wp\/v2\/types\/page"}],"author":[{"embeddable":true,"href":"https:\/\/rica.crea.gov.it\/APP\/documentazione\/index.php?rest_route=\/wp\/v2\/users\/1"}],"replies":[{"embeddable":true,"href":"https:\/\/rica.crea.gov.it\/APP\/documentazione\/index.php?rest_route=%2Fwp%2Fv2%2Fcomments&post=85"}],"version-history":[{"count":27,"href":"https:\/\/rica.crea.gov.it\/APP\/documentazione\/index.php?rest_route=\/wp\/v2\/pages\/85\/revisions"}],"predecessor-version":[{"id":494,"href":"https:\/\/rica.crea.gov.it\/APP\/documentazione\/index.php?rest_route=\/wp\/v2\/pages\/85\/revisions\/494"}],"wp:attachment":[{"href":"https:\/\/rica.crea.gov.it\/APP\/documentazione\/index.php?rest_route=%2Fwp%2Fv2%2Fmedia&parent=85"}],"wp:term":[{"taxonomy":"post_tag","embeddable":true,"href":"https:\/\/rica.crea.gov.it\/APP\/documentazione\/index.php?rest_route=%2Fwp%2Fv2%2Ftags&post=85"}],"curies":[{"name":"wp","href":"https:\/\/api.w.org\/{rel}","templated":true}]}}